{"id":13533,"date":"2024-04-25T13:49:30","date_gmt":"2024-04-25T11:49:30","guid":{"rendered":"https:\/\/fvcomponentes.com\/?post_type=product&#038;p=13533"},"modified":"2025-04-25T15:03:23","modified_gmt":"2025-04-25T13:03:23","slug":"huawei-luna2000-7-s1-7kwh-lithium-batterie-luna2000-7-s1","status":"publish","type":"product","link":"https:\/\/fvcomponentes.com\/de\/producto\/bateria-de-litio-huawei-luna2000-7-s1-7kwh-luna2000-7-s1\/","title":{"rendered":"Huawei Luna2000 7-S1 7kWh Lithium-Akku - LUNA2000-7-S1"},"content":{"rendered":"<h2>Huawei Luna2000 7-S1 7kWh Lithium-Akku - LUNA2000-7-S1<\/h2>\n<p>Die Huawei Luna2000 7-S1 7kWh Lithium-Batterie - LUNA2000-7-S1 ist eine Hochspannungsbatterie, die mit den einphasigen Huawei KTL L1 und LC0 Hybrid-Wechselrichtern und den dreiphasigen KTL M1 und MB0 kompatibel ist. Jede Batterie besteht aus einem Huawei Luna2000-10kW-C1 Power Module BMS - 01076596 und bis zu drei Huawei Luna2000 7-E1 Lithium-Batteriemodulen. Die Huawei Luna-Batterie hat eine IP66-Schutzklasse, 15 Jahre Herstellergarantie und ist leicht skalierbar, so dass das System auf ein Maximum von 82,8kWh Gesamtspeicherkapazit\u00e4t erweitert werden kann.<\/p>\n<h2>Mit mehr Kapazit\u00e4t leuchtet sie l\u00e4nger<\/h2>\n<p>Die Module+-Architektur erm\u00f6glicht es dem Huawei Luna2000 7-S1 Lithium-Akku, den eingebauten Leistungsoptimierer zu \u00fcbernehmen, wodurch die Leistung um \u00fcber 40%* verbessert und die Garantie auf bis zu 15 Jahre verl\u00e4ngert wird.<\/p>\n<p>Die Optimierung auf Modulebene gew\u00e4hrleistet eine einfache Plug-and-Play-Kapazit\u00e4tserweiterung. Jede neue Batterie ist immer einsatzbereit, ohne dass ein Vorladen oder eine SOC-Kalibrierung erforderlich ist.<\/p>\n<p><img fetchpriority=\"high\" decoding=\"async\" class=\"size-full wp-image-13524\" src=\"https:\/\/fvcomponentes.com\/wp-content\/uploads\/2024\/04\/products_LUNA2000-7-14-21-S1.png\" alt=\"Huawei Luna2000-7-E1 Lithium-Batteriemodul 6.9kWh - 01076608 \" width=\"600\" height=\"600\" title=\"\" srcset=\"https:\/\/fvcomponentes.com\/wp-content\/uploads\/2024\/04\/products_LUNA2000-7-14-21-S1-500x500.png.jpg 500w, https:\/\/fvcomponentes.com\/wp-content\/uploads\/2024\/04\/products_LUNA2000-7-14-21-S1-1000x1000.png.jpg 1000w, https:\/\/fvcomponentes.com\/wp-content\/uploads\/2024\/04\/products_LUNA2000-7-14-21-S1-200x200.png.jpg 200w\" sizes=\"(max-width: 600px) 100vw, 600px\" \/><\/p>\n<h2>Huawei Luna2000 7-S1 7kWh Lithium Akku - LUNA2000-7-S1: Eigenschaften<\/h2>\n<ul>\n<li>Anzahl der Huawei Luna 7S1 Akku-Module: 1<\/li>\n<li>Nutzbare Energie des Huawei Luna-Akkus: 6.9kWh<\/li>\n<li>Maximale Leistungsabgabe der Huawei Luna-Batterie: 3,5kWh<\/li>\n<li>Spitzenleistung des Huawei Luna-Akkus: 3,5kWh f\u00fcr 10 Sekunden<\/li>\n<li>Abmessungen des Huawei Luna-Akkus: 590 mm x 255 mm x 510 mm<\/li>\n<li>Huawei Luna Akku Gewicht: 80kg<\/li>\n<li>Huawei Luna Akku-Garantie: 15 Jahre (abh\u00e4ngig von den Anforderungen des Herstellers)<\/li>\n<\/ul>\n<h2>Unerreichte Leistung und Ger\u00e4uschlosigkeit<\/h2>\n<p>Ein separates Temperaturkontrollsystem sorgt daf\u00fcr, dass die Zellen und Energieoptimierer sowohl in hei\u00dfen als auch in kalten Umgebungen zuverl\u00e4ssig arbeiten, sch\u00fctzt vor \u00fcberm\u00e4\u00dfiger Hitze und macht einen lauten L\u00fcfter \u00fcberfl\u00fcssig. Der leise Betrieb mit 29 dB macht sie zu einer der leisesten Batterien auf dem Markt.<\/p>\n<p>Das unabh\u00e4ngige Management auf Modulebene erm\u00f6glicht ein schnelles Laden und Entladen mit 3,5 kW f\u00fcr jedes Batteriemodul und eine maximale Eingangs- und Ausgangsleistung von 10,5 kW f\u00fcr jedes Energiespeichersystem. Das Upgrade gegen\u00fcber dem vorherigen Luna2000 reicht von der Leistung bis zur Effizienz.<\/p>\n<h2>5 Schutzniveaus<\/h2>\n<ul>\n<li><strong>Schutz auf Zellebene:<\/strong> Premium-LFP-Zellen haben eine Reihe strenger Tests bestanden, wie z. B. 1\/8-Lebenszyklustests, Perforationstests und mehr. LUNA S1 bietet Ihnen eine \u00fcberlegene und zuverl\u00e4ssige Garantie.<\/li>\n<li><strong>Elektrischer Schutz:<\/strong> Drei Stufen, vom intelligenten \u00dcberstromschutz bis zum Kurzschlussschutz auf String- und Modulebene. Verhindert umfassend externe Kurzschluss- und \u00dcberstromgefahren f\u00fcr vollst\u00e4ndige Sicherheit.<\/li>\n<li><strong>Struktureller Schutz:<\/strong> Dank des verbesserten Wasserschutzes nach IP66 kann die Batterie bis zu 72 Stunden lang in einer Wassertiefe von bis zu 40 cm sicher stehen bleiben und auch an Tagen mit \u00dcberschwemmungen, Regen oder Schneeschmelze mit unvergleichlicher Sicherheit dominieren. Dar\u00fcber hinaus h\u00e4lt die hochbelastbare Struktur einem Druck von bis zu 5 Tonnen stand und ist damit stark genug, um selbst einem unerwarteten Aufprall in einer Garage standzuhalten.<\/li>\n<li><strong>Aktiver Schutz:<\/strong> Die Echtzeit-Temperatur\u00fcberwachung mit 4 Sensoren f\u00fcr jeweils 8 Zellen gew\u00e4hrleistet eine h\u00f6here Genauigkeit f\u00fcr einen stabilen Betrieb und sorgt f\u00fcr aktiven Schutz durch sofortige Analyse der Batteriedaten und Voralarmierung 24 Stunden am Tag, 7 Tage die Woche.\n<div class=\"flex-1 overflow-hidden\">\n<div class=\"react-scroll-to-bottom--css-xcmcj-79elbk h-full\">\n<div class=\"react-scroll-to-bottom--css-xcmcj-1n7m0yu\">\n<div class=\"flex flex-col text-sm pb-9\"><\/div>\n<\/div>\n<\/div>\n<\/div>\n<\/li>\n<li><strong>Schutz im Notfall:<\/strong> Die aktive Druckentlastungstechnologie ist ein verbesserter Notfallschutz zur Verringerung der Sauerstoffkonzentration und zur Beseitigung von Verbrennungsstoffen zur Brandverh\u00fctung und sch\u00fctzt das Solarenergiespeichersystem von der ersten Sekunde an. Das Smart Fire Suppression Kit erkennt und l\u00f6scht Br\u00e4nde innerhalb von 15 Sekunden, wenn sie entstehen. So wird die Brandgefahr von vornherein beseitigt und der Heim-Energiespeicher wie ein echter Feuerwehrmann gesch\u00fctzt.\n<div class=\"flex-1 overflow-hidden\">\n<div class=\"react-scroll-to-bottom--css-xcmcj-79elbk h-full\">\n<div class=\"react-scroll-to-bottom--css-xcmcj-1n7m0yu\">\n<div class=\"flex flex-col text-sm pb-9\"><\/div>\n<\/div>\n<\/div>\n<\/div>\n<\/li>\n<\/ul>\n<h2>\u00dcberwachung zu jeder Zeit<\/h2>\n<ul>\n<li><strong><strong>Energie\u00fcberwachung in Echtzeit: <\/strong><\/strong>Die Anwendung Fusion Solar zeigt den Energiefluss in einem klaren und einfachen Bild an, das eine bessere visuelle Wahrnehmung der Energiefl\u00fcsse von Verbrauch und Erzeugung oder der in Batterien gespeicherten Energie erm\u00f6glicht.<\/li>\n<li><strong>EMMA, der intelligente Energiemanagement-Assistent:<\/strong> Mit EMMA wird die Leistung der Anlage durch ma\u00dfgeschneiderte Energiel\u00f6sungen maximiert, was den Nutzern hilft, gr\u00f6\u00dfere wirtschaftliche Vorteile zu erzielen.\n<div class=\"flex-1 overflow-hidden\">\n<div class=\"react-scroll-to-bottom--css-xcmcj-79elbk h-full\">\n<div class=\"react-scroll-to-bottom--css-xcmcj-1n7m0yu\">\n<div class=\"flex flex-col text-sm pb-9\"><\/div>\n<\/div>\n<\/div>\n<\/div>\n<\/li>\n<\/ul>\n<h2>Huawei Luna 2000 7-E1 Akku-Kompatibilit\u00e4t<\/h2>\n<p>Die Huawei Luna2000 7-S1 7kWh Lithium-Batterie ist kompatibel mit den KTL L1 String-Wechselrichtern von 2 bis 6kW, den neuen K-LC0 String-Wechselrichtern von 8 bis 10kW, den KTL-M1 Dreiphasen-Wechselrichtern von 3 bis 10kW und den K-MB0 Wechselrichtern von 12 bis 25kW. Die Kommunikation mit dem Wechselrichter erfolgt \u00fcber RS485 und verf\u00fcgt zus\u00e4tzlich \u00fcber einen CAN-Anschluss f\u00fcr den Parallelbetrieb. Es verf\u00fcgt \u00fcber ein kleines Display zur Anzeige des Ladezustands und eine LED zur Anzeige des Betriebszustands.<\/p>\n<h2>Einfache Installation<\/h2>\n<p>Sein Design erm\u00f6glicht eine schnelle und einfache Installation und Inbetriebnahme. Alle angeschlossenen Ger\u00e4te k\u00f6nnen mit der FusionSolar-Anwendung von Huawei automatisch erkannt werden, was den Grad der Kontrolle \u00fcber die Installation erh\u00f6ht.<\/p>\n<h2>Skalierbar<\/h2>\n<p>Der Huawei Luna2000 7-E1 Lithium-Akku unterst\u00fctzt die Erweiterung von Leistung und Kapazit\u00e4t. Es k\u00f6nnen Batterien von 6,9 kWh bis 82,8 kWh installiert werden. Jedes Huawei Luna2000-10kW-C1 Power Module BMS Control Module - 01076596 unterst\u00fctzt bis zu drei Batteriemodule. Es k\u00f6nnen bis zu 2 Batteriet\u00fcrme parallel mit den Wechselrichtern der KTL L1-, KTL M1- und K-LC0-Reihe und bis zu 4 T\u00fcrme mit den Wechselrichtern der MB0-Reihe verbunden werden.<\/p>\n<p><img decoding=\"async\" class=\"size-full wp-image-13527\" style=\"font-style: inherit; font-weight: 600;\" src=\"https:\/\/fvcomponentes.com\/wp-content\/uploads\/2024\/04\/Modulo-de-Bateria-de-Litio-Huawei-Luna2000-5kWh-01074643-012-0.png\" alt=\"Huawei Luna2000 5kWh Lithium-Batterie-Modul - 01074643-012 0\" width=\"906\" height=\"354\" title=\"\"><\/p>\n<h2>Huawei Luna2000 7-S1 7kWh Lithium-Akku Datenblatt - LUNA2000-7-S1<\/h2>\n<p><a href=\"https:\/\/fvcomponentes.com\/wp-content\/uploads\/2024\/04\/Huawei_TDS_Luna2000_S1_EN.pdf\" target=\"_blank\" rel=\"noopener\">Datenblatt Huawei Luna2000 7-S1 7kWh Lithium-Batterie ansehen - LUNA2000-7-S1<\/a><\/p>","protected":false},"excerpt":{"rendered":"<div class=\"baywa-details-fields\"><strong><span class=\"baywa-details-label\">Akku-Typ\u00a0<\/span><\/strong><span class=\"baywa-details-values\"><span class=\"baywa-details-values\"> DC Hochspannung<br \/>\n<\/span><\/span><strong style=\"font-size: 16px;\"><span class=\"baywa-details-label\">Gesamte Nennleistung (KWH)\u00a0<\/span><\/strong><span class=\"baywa-details-values\" style=\"font-size: 16px;\"> 7,0 kWh<\/span><\/div>\n<div class=\"baywa-details-fields\">\n<div class=\"baywa-details-fields\"><span class=\"baywa-details-label\"><strong>Nutzenergie (KWH)<\/strong>\u00a0<\/span><span class=\"baywa-details-values\"> 6,9 kWh<\/span><\/div>\n<div class=\"baywa-details-fields\"><span class=\"baywa-details-label\"><strong>Max. Lastleistung<\/strong>\u00a0<\/span><span class=\"baywa-details-values\"> 3,5 kW<\/span><\/div>\n<div class=\"baywa-details-fields\"><span class=\"baywa-details-label\"><strong>Max. Entladeleistung\u00a0<\/strong><\/span><span class=\"baywa-details-values\">3,5 kW (10 Sekunden)<\/span><\/div>\n<p><strong><span class=\"baywa-details-label\">IP-Schutz\u00a0<\/span><\/strong><span class=\"baywa-details-values\"> IP66<br \/>\n<\/span><strong style=\"font-size: 16px;\"><span class=\"baywa-details-label\">Kommunikation\u00a0<\/span><\/strong><span class=\"baywa-details-values\" style=\"font-size: 16px;\">CAN (Inv),RS485 (Inv)<br \/>\n<\/span><strong style=\"font-size: 16px;\">Kommunikation<\/strong><span style=\"font-size: 16px;\"> Erfordert WLAN-FE Dongle, 4G Dongle oder SmartLogger f\u00fcr Systeme mit kaskadierten Wechselrichtern.<br \/>\n<\/span><strong style=\"font-size: 16px;\"><span class=\"baywa-details-label\">Skalierbarkeit\u00a0<\/span><\/strong><span class=\"baywa-details-values\" style=\"font-size: 16px;\"> Modular, parallelisierbar bis zu 98,8kWh<\/span><\/p>\n<\/div>","protected":false},"featured_media":13535,"comment_status":"closed","ping_status":"closed","template":"","meta":{"site-sidebar-layout":"default","site-content-layout":"","ast-site-content-layout":"default","site-content-style":"default","site-sidebar-style":"default","ast-global-header-display":"","ast-banner-title-visibility":"","ast-main-header-display":"","ast-hfb-above-header-display":"","ast-hfb-below-header-display":"","ast-hfb-mobile-header-display":"","site-post-title":"","ast-breadcrumbs-content":"","ast-featured-img":"","footer-sml-layout":"","ast-disable-related-posts":"","theme-transparent-header-meta":"default","adv-header-id-meta":"","stick-header-meta":"","header-above-stick-meta":"","header-main-stick-meta":"","header-below-stick-meta":"","astra-migrate-meta-layouts":"set","ast-page-background-enabled":"default","ast-page-background-meta":{"desktop":{"background-color":"var(--ast-global-color-4)","background-image":"","background-repeat":"repeat","background-position":"center center","background-size":"auto","background-attachment":"scroll","background-type":"","background-media":"","overlay-type":"","overlay-color":"","overlay-opacity":"","overlay-gradient":""},"tablet":{"background-color":"","background-image":"","background-repeat":"repeat","background-position":"center center","background-size":"auto","background-attachment":"scroll","background-type":"","background-media":"","overlay-type":"","overlay-color":"","overlay-opacity":"","overlay-gradient":""},"mobile":{"background-color":"","background-image":"","background-repeat":"repeat","background-position":"center center","background-size":"auto","background-attachment":"scroll","background-type":"","background-media":"","overlay-type":"","overlay-color":"","overlay-opacity":"","overlay-gradient":""}},"ast-content-background-meta":{"desktop":{"background-color":"var(--ast-global-color-5)","background-image":"","background-repeat":"repeat","background-position":"center center","background-size":"auto","background-attachment":"scroll","background-type":"","background-media":"","overlay-type":"","overlay-color":"","overlay-opacity":"","overlay-gradient":""},"tablet":{"background-color":"var(--ast-global-color-5)","background-image":"","background-repeat":"repeat","background-position":"center center","background-size":"auto","background-attachment":"scroll","background-type":"","background-media":"","overlay-type":"","overlay-color":"","overlay-opacity":"","overlay-gradient":""},"mobile":{"background-color":"var(--ast-global-color-5)","background-image":"","background-repeat":"repeat","background-position":"center center","background-size":"auto","background-attachment":"scroll","background-type":"","background-media":"","overlay-type":"","overlay-color":"","overlay-opacity":"","overlay-gradient":""}}},"pwb-brand":[381],"product_brand":[],"product_cat":[340,379],"product_tag":[],"class_list":{"0":"post-13533","1":"product","2":"type-product","3":"status-publish","4":"has-post-thumbnail","6":"pwb-brand-huawei","7":"product_cat-baterias","8":"product_cat-baterias-de-litio-de-alto-voltaje","9":"product_shipping_class-baterias","10":"desktop-align-left","11":"tablet-align-left","12":"mobile-align-left","13":"ast-product-gallery-layout-horizontal-slider","14":"ast-product-gallery-with-no-image","15":"ast-product-tabs-layout-horizontal","17":"first","18":"instock","19":"taxable","20":"shipping-taxable","21":"purchasable","22":"product-type-yith_bundle"},"wcpa_form_fields":null,"brands":[{"id":381,"name":"Huawei-Wechselrichter","slug":"huawei"}],"_links":{"self":[{"href":"https:\/\/fvcomponentes.com\/de\/wp-json\/wp\/v2\/product\/13533","targetHints":{"allow":["GET"]}}],"collection":[{"href":"https:\/\/fvcomponentes.com\/de\/wp-json\/wp\/v2\/product"}],"about":[{"href":"https:\/\/fvcomponentes.com\/de\/wp-json\/wp\/v2\/types\/product"}],"replies":[{"embeddable":true,"href":"https:\/\/fvcomponentes.com\/de\/wp-json\/wp\/v2\/comments?post=13533"}],"wp:featuredmedia":[{"embeddable":true,"href":"https:\/\/fvcomponentes.com\/de\/wp-json\/wp\/v2\/media\/13535"}],"wp:attachment":[{"href":"https:\/\/fvcomponentes.com\/de\/wp-json\/wp\/v2\/media?parent=13533"}],"wp:term":[{"taxonomy":"pwb-brand","embeddable":true,"href":"https:\/\/fvcomponentes.com\/de\/wp-json\/wp\/v2\/pwb-brand?post=13533"},{"taxonomy":"product_brand","embeddable":true,"href":"https:\/\/fvcomponentes.com\/de\/wp-json\/wp\/v2\/product_brand?post=13533"},{"taxonomy":"product_cat","embeddable":true,"href":"https:\/\/fvcomponentes.com\/de\/wp-json\/wp\/v2\/product_cat?post=13533"},{"taxonomy":"product_tag","embeddable":true,"href":"https:\/\/fvcomponentes.com\/de\/wp-json\/wp\/v2\/product_tag?post=13533"}],"curies":[{"name":"wp","href":"https:\/\/api.w.org\/{rel}","templated":true}]}}