{"id":13529,"date":"2024-04-25T13:49:31","date_gmt":"2024-04-25T11:49:31","guid":{"rendered":"https:\/\/fvcomponentes.com\/?post_type=product&#038;p=13529"},"modified":"2026-03-30T12:17:23","modified_gmt":"2026-03-30T10:17:23","slug":"huawei-luna2000-10kw-bms-modul-c1-leistungsmodul-01076596","status":"publish","type":"product","link":"https:\/\/fvcomponentes.com\/de\/producto\/modulo-bms-huawei-luna2000-10kw-c1-power-module-01076596\/","title":{"rendered":"Huawei Luna2000-10kW-C1 Leistungsmodul BMS-Modul - 01076596"},"content":{"rendered":"<h2>Huawei Luna2000-10kW-C1 Leistungsmodul BMS-Modul - 01076596<\/h2>\n<p>Die Huawei Luna2000 7-S1 7kWh Lithium-Batterie - LUNA2000-7-S1 ist eine Hochspannungsbatterie, die mit den einphasigen Huawei KTL L1 und LC0 Hybrid-Wechselrichtern und den dreiphasigen KTL M1 und MB0 kompatibel ist. Jede Batterie besteht aus einem Huawei Luna2000-10kW-C1 Power Module BMS - 01076596 und bis zu drei Huawei Luna2000 7-E1 Lithium-Batteriemodulen. Die Huawei Luna-Batterie hat eine IP66-Schutzklasse, 15 Jahre Herstellergarantie und ist leicht skalierbar, so dass das System auf ein Maximum von 82,8kWh Gesamtspeicherkapazit\u00e4t erweitert werden kann.<\/p>\n<p><img fetchpriority=\"high\" decoding=\"async\" class=\"size-full wp-image-13524\" src=\"https:\/\/fvcomponentes.com\/wp-content\/uploads\/2024\/04\/products_LUNA2000-7-14-21-S1.png\" alt=\"Huawei Luna2000-7-E1 Lithium-Batteriemodul 6.9kWh - 01076608 \" width=\"600\" height=\"600\" title=\"\" srcset=\"https:\/\/fvcomponentes.com\/wp-content\/uploads\/2024\/04\/products_LUNA2000-7-14-21-S1-500x500.png.jpg 500w, https:\/\/fvcomponentes.com\/wp-content\/uploads\/2024\/04\/products_LUNA2000-7-14-21-S1-1000x1000.png.jpg 1000w, https:\/\/fvcomponentes.com\/wp-content\/uploads\/2024\/04\/products_LUNA2000-7-14-21-S1-200x200.png.jpg 200w\" sizes=\"(max-width: 600px) 100vw, 600px\" \/><\/p>\n<h2>Huawei Luna2000-10kW-C1 Leistungsmodul BMS-Modul - 01076596: Merkmale<\/h2>\n<ul>\n<li><strong>Erfordert ein bis drei Huawei Luna2000-7-E1 Lithium-Batteriemodule\u00a0<\/strong><\/li>\n<li>Basis- und Batteriekontrollmodul<\/li>\n<li>Steuert 1 bis 3 Batteriemodule (01076608)<\/li>\n<li>Bis zu drei Batteriemodule pro BMS-Modul<\/li>\n<li>Bis zu zwei Batteriezellen pro Wechselrichter der Reihen KTL L1, KTL M1 und K-LC0<\/li>\n<li>Bis zu vier Batteriezellen pro Wechselrichter der MB0-Serie<\/li>\n<li>Abmessungen des Huawei Luna2000 BMS-Moduls: 590 x 255 x 150 mm<\/li>\n<li>Gewicht des Huawei Luna Batteriemoduls: 10kg<\/li>\n<li>Huawei Luna2000-10kW-C1 BMS-Modul Garantie: 15 Jahre (gem\u00e4\u00df den Anforderungen des Herstellers)<\/li>\n<\/ul>\n<h2>Huawei Luna 2000 7-E1 Akku-Kompatibilit\u00e4t<\/h2>\n<p>Die Huawei Luna2000 7-E1 Lithium-Batterie ist kompatibel mit den String-Wechselrichtern der KTL L1-Reihe von 2 bis 6kW, den neuen String-Wechselrichtern K-LC0 von 8 bis 10kW, den dreiphasigen KTL-M1-Wechselrichtern von 3 bis 10kW und den K-MB0-Wechselrichtern von 12 bis 25kW. Die Kommunikation mit dem Wechselrichter erfolgt \u00fcber RS485 und verf\u00fcgt zus\u00e4tzlich \u00fcber einen CAN-Anschluss f\u00fcr den Parallelbetrieb. Es verf\u00fcgt \u00fcber ein kleines Display zur Anzeige des Ladezustands und eine LED zur Anzeige des Betriebszustands.<\/p>\n<h2>Einfache Installation<\/h2>\n<p>Sein Design erm\u00f6glicht eine schnelle und einfache Installation und Inbetriebnahme. Alle angeschlossenen Ger\u00e4te k\u00f6nnen mit der FusionSolar-Anwendung von Huawei automatisch erkannt werden, was den Grad der Kontrolle \u00fcber die Installation erh\u00f6ht.<\/p>\n<h2>Skalierbar<\/h2>\n<p>Der Huawei Luna2000 7-E1 Lithium-Akku unterst\u00fctzt die Erweiterung von Leistung und Kapazit\u00e4t. Es k\u00f6nnen Batterien von 6,9 kWh bis 82,8 kWh installiert werden. Jedes Huawei Luna2000-10kW-C1 Power Module BMS Control Module - 01076596 unterst\u00fctzt bis zu drei Batteriemodule. Es k\u00f6nnen bis zu 2 Batteriet\u00fcrme parallel mit den Wechselrichtern der KTL L1-, KTL M1- und K-LC0-Reihe und bis zu 4 T\u00fcrme mit den Wechselrichtern der MB0-Reihe verbunden werden.<\/p>\n<p><img decoding=\"async\" class=\"size-full wp-image-13527\" style=\"font-style: inherit; font-weight: 600;\" src=\"https:\/\/fvcomponentes.com\/wp-content\/uploads\/2024\/04\/Modulo-de-Bateria-de-Litio-Huawei-Luna2000-5kWh-01074643-012-0.png\" alt=\"Huawei Luna2000 5kWh Lithium-Batterie-Modul - 01074643-012 0\" width=\"906\" height=\"354\" title=\"\"><\/p>\n<h2>Huawei Luna2000-10kW-C1 Leistungsmodul BMS-Modul Datenblatt - 01076596<\/h2>\n<p><a href=\"https:\/\/fvcomponentes.com\/wp-content\/uploads\/2024\/04\/Huawei_TDS_Luna2000_S1_EN.pdf\" target=\"_blank\" rel=\"noopener\">Siehe Datenblatt zum Huawei Luna2000-10kW-C1 Leistungsmodul BMS - 01076596<\/a><\/p>","protected":false},"excerpt":{"rendered":"<p><strong>Ben\u00f6tigt ein bis drei Huawei Luna2000 7-E1 6,9kWh Lithium-Batteriemodule - 01076608<br \/>\n<\/strong><strong style=\"font-size: 16px;\"><span class=\"baywa-details-label\">Basis- und Batteriekontrollmodul<br \/>\n<\/span><\/strong><strong style=\"font-size: 16px;\"><span class=\"baywa-details-label\">Akku-Typ\u00a0<\/span><\/strong><span class=\"baywa-details-values\" style=\"font-size: 16px;\"> DC Hochspannung<br \/>\n<\/span><strong style=\"font-size: 16px;\"><span class=\"baywa-details-label\">IP-Schutz\u00a0<\/span><\/strong><span class=\"baywa-details-values\" style=\"font-size: 16px;\"> IP66<br \/>\n<\/span><strong style=\"font-size: 16px;\"><span class=\"baywa-details-label\">Kommunikation\u00a0<\/span><\/strong><span class=\"baywa-details-values\" style=\"font-size: 16px;\">CAN (Inv),RS485 (Inv)<br \/>\n<\/span><strong style=\"font-size: 16px;\">Kommunikation<\/strong><span style=\"font-size: 16px;\"> Erfordert WLAN-FE Dongle, 4G Dongle oder SmartLogger f\u00fcr Systeme mit kaskadierten Wechselrichtern.<br \/>\n<\/span><span style=\"font-size: 16px;\">Bis zu drei Batteriemodule pro BMS-Modul<br \/>\n<\/span><span style=\"font-size: 16px;\">Bis zu vier Batteriezellen pro Wechselrichter und bis zu 3 Batterie-Wechselrichter pro System<\/span><\/p>","protected":false},"featured_media":13530,"comment_status":"closed","ping_status":"closed","template":"","meta":{"site-sidebar-layout":"default","site-content-layout":"","ast-site-content-layout":"default","site-content-style":"default","site-sidebar-style":"default","ast-global-header-display":"","ast-banner-title-visibility":"","ast-main-header-display":"","ast-hfb-above-header-display":"","ast-hfb-below-header-display":"","ast-hfb-mobile-header-display":"","site-post-title":"","ast-breadcrumbs-content":"","ast-featured-img":"","footer-sml-layout":"","ast-disable-related-posts":"","theme-transparent-header-meta":"default","adv-header-id-meta":"","stick-header-meta":"","header-above-stick-meta":"","header-main-stick-meta":"","header-below-stick-meta":"","astra-migrate-meta-layouts":"set","ast-page-background-enabled":"default","ast-page-background-meta":{"desktop":{"background-color":"var(--ast-global-color-4)","background-image":"","background-repeat":"repeat","background-position":"center center","background-size":"auto","background-attachment":"scroll","background-type":"","background-media":"","overlay-type":"","overlay-color":"","overlay-opacity":"","overlay-gradient":""},"tablet":{"background-color":"","background-image":"","background-repeat":"repeat","background-position":"center center","background-size":"auto","background-attachment":"scroll","background-type":"","background-media":"","overlay-type":"","overlay-color":"","overlay-opacity":"","overlay-gradient":""},"mobile":{"background-color":"","background-image":"","background-repeat":"repeat","background-position":"center center","background-size":"auto","background-attachment":"scroll","background-type":"","background-media":"","overlay-type":"","overlay-color":"","overlay-opacity":"","overlay-gradient":""}},"ast-content-background-meta":{"desktop":{"background-color":"var(--ast-global-color-5)","background-image":"","background-repeat":"repeat","background-position":"center center","background-size":"auto","background-attachment":"scroll","background-type":"","background-media":"","overlay-type":"","overlay-color":"","overlay-opacity":"","overlay-gradient":""},"tablet":{"background-color":"var(--ast-global-color-5)","background-image":"","background-repeat":"repeat","background-position":"center center","background-size":"auto","background-attachment":"scroll","background-type":"","background-media":"","overlay-type":"","overlay-color":"","overlay-opacity":"","overlay-gradient":""},"mobile":{"background-color":"var(--ast-global-color-5)","background-image":"","background-repeat":"repeat","background-position":"center center","background-size":"auto","background-attachment":"scroll","background-type":"","background-media":"","overlay-type":"","overlay-color":"","overlay-opacity":"","overlay-gradient":""}}},"pwb-brand":[381],"product_brand":[],"product_cat":[340,379],"product_tag":[],"class_list":{"0":"post-13529","1":"product","2":"type-product","3":"status-publish","4":"has-post-thumbnail","6":"pwb-brand-huawei","7":"product_cat-baterias","8":"product_cat-baterias-de-litio-de-alto-voltaje","9":"product_shipping_class-baterias","10":"desktop-align-left","11":"tablet-align-left","12":"mobile-align-left","13":"ast-product-gallery-layout-horizontal-slider","14":"ast-product-gallery-with-no-image","15":"ast-product-tabs-layout-horizontal","17":"first","18":"instock","19":"taxable","20":"shipping-taxable","21":"purchasable","22":"product-type-simple"},"wcpa_form_fields":null,"brands":[{"id":381,"name":"Huawei-Wechselrichter","slug":"huawei"}],"_links":{"self":[{"href":"https:\/\/fvcomponentes.com\/de\/wp-json\/wp\/v2\/product\/13529","targetHints":{"allow":["GET"]}}],"collection":[{"href":"https:\/\/fvcomponentes.com\/de\/wp-json\/wp\/v2\/product"}],"about":[{"href":"https:\/\/fvcomponentes.com\/de\/wp-json\/wp\/v2\/types\/product"}],"replies":[{"embeddable":true,"href":"https:\/\/fvcomponentes.com\/de\/wp-json\/wp\/v2\/comments?post=13529"}],"wp:featuredmedia":[{"embeddable":true,"href":"https:\/\/fvcomponentes.com\/de\/wp-json\/wp\/v2\/media\/13530"}],"wp:attachment":[{"href":"https:\/\/fvcomponentes.com\/de\/wp-json\/wp\/v2\/media?parent=13529"}],"wp:term":[{"taxonomy":"pwb-brand","embeddable":true,"href":"https:\/\/fvcomponentes.com\/de\/wp-json\/wp\/v2\/pwb-brand?post=13529"},{"taxonomy":"product_brand","embeddable":true,"href":"https:\/\/fvcomponentes.com\/de\/wp-json\/wp\/v2\/product_brand?post=13529"},{"taxonomy":"product_cat","embeddable":true,"href":"https:\/\/fvcomponentes.com\/de\/wp-json\/wp\/v2\/product_cat?post=13529"},{"taxonomy":"product_tag","embeddable":true,"href":"https:\/\/fvcomponentes.com\/de\/wp-json\/wp\/v2\/product_tag?post=13529"}],"curies":[{"name":"wp","href":"https:\/\/api.w.org\/{rel}","templated":true}]}}