{"id":13523,"date":"2024-04-25T13:49:32","date_gmt":"2024-04-25T11:49:32","guid":{"rendered":"https:\/\/fvcomponentes.com\/?post_type=product&#038;p=13523"},"modified":"2026-03-30T12:17:23","modified_gmt":"2026-03-30T10:17:23","slug":"huawei-luna2000-7-e1-6-9kwh-lithium-batterie-modul-01076608","status":"publish","type":"product","link":"https:\/\/fvcomponentes.com\/de\/producto\/modulo-de-bateria-de-litio-huawei-luna2000-7-e1-6-9kwh-01076608\/","title":{"rendered":"Huawei Luna2000 7-E1 Lithium-Batteriemodul 6.9kWh - 01076608"},"content":{"rendered":"<h2>Huawei Luna2000 7-E1 Lithium-Batteriemodul 6.9kWh - 01076608<\/h2>\n<p>Die Huawei Luna2000 7-E1 Lithium-Batterie ist eine Hochspannungsbatterie, die mit den einphasigen L1- und LC0-Hybrid-Wechselrichtern von Huawei KTL sowie den dreiphasigen M1- und MBo-Wechselrichtern von KTL kompatibel ist. Jede Batterie besteht aus einem BMS-Steuermodul auf der Oberseite und bis zu drei Huawei Luna2000 7-E1 6,9kWh Lithium-Batteriemodulen - 01076608. Die Huawei Luna-Batterie ist IP66-zertifiziert, hat eine 15-j\u00e4hrige Herstellergarantie und ist leicht skalierbar, so dass das System auf eine maximale Gesamtspeicherkapazit\u00e4t von 82,8kWh erweitert werden kann.<\/p>\n<p><img fetchpriority=\"high\" decoding=\"async\" class=\"size-full wp-image-13524\" src=\"https:\/\/fvcomponentes.com\/wp-content\/uploads\/2024\/04\/products_LUNA2000-7-14-21-S1.png\" alt=\"Huawei Luna2000-7-E1 Lithium-Batteriemodul 6.9kWh - 01076608 \" width=\"600\" height=\"600\" title=\"\" srcset=\"https:\/\/fvcomponentes.com\/wp-content\/uploads\/2024\/04\/products_LUNA2000-7-14-21-S1-500x500.png.jpg 500w, https:\/\/fvcomponentes.com\/wp-content\/uploads\/2024\/04\/products_LUNA2000-7-14-21-S1-1000x1000.png.jpg 1000w, https:\/\/fvcomponentes.com\/wp-content\/uploads\/2024\/04\/products_LUNA2000-7-14-21-S1-200x200.png.jpg 200w\" sizes=\"(max-width: 600px) 100vw, 600px\" \/><\/p>\n<p>&nbsp;<\/p>\n<h2>Huawei Luna2000 7-E1 6,9kWh Lithium-Akkumodul - 01076608: Eigenschaften<\/h2>\n<ul>\n<li><strong>Erfordert BMS-Modul Huawei Luna2000-10KW-C1 Leistungsmodul<\/strong><\/li>\n<li>Nutzbare Energie des Huawei Luna-Akkus: 6.9kWh<\/li>\n<li>Maximale Leistungsabgabe der Huawei Luna-Batterie: 3,5kWh<\/li>\n<li>Spitzenleistung der Huawei Luna-Batterie: 3,5kWh<\/li>\n<li>Abmessungen des Huawei Luna-Akkumoduls: 590 mm x 255 mm x 360 mm<\/li>\n<li>Huawei Luna Batteriemodul Gewicht: 68kg<\/li>\n<li>Bis zu drei Batteriemodule pro BMS-Modul<\/li>\n<li>Huawei Luna Akku-Garantie: 15 Jahre (abh\u00e4ngig von den Anforderungen des Herstellers)<\/li>\n<li>Erfordert zus\u00e4tzliches Kommunikationselement wie WLAN-FE Dongle, 4G Dongle oder SmartLogger f\u00fcr Systeme mit kaskadierten Wechselrichtern.<\/li>\n<\/ul>\n<h2>Huawei Luna 2000 7-E1 Akku-Kompatibilit\u00e4t<\/h2>\n<p>Die Huawei Luna2000 7-E1 Lithium-Batterie ist kompatibel mit den String-Wechselrichtern der KTL L1-Reihe von 2 bis 6kW, den neuen String-Wechselrichtern K-LC0 von 8 bis 10kW, den dreiphasigen KTL-M1-Wechselrichtern von 3 bis 10kW und den K-MB0-Wechselrichtern von 12 bis 25kW. Die Kommunikation mit dem Wechselrichter erfolgt \u00fcber RS485 und verf\u00fcgt zus\u00e4tzlich \u00fcber einen CAN-Anschluss f\u00fcr den Parallelbetrieb. Es verf\u00fcgt \u00fcber ein kleines Display zur Anzeige des Ladezustands und eine LED zur Anzeige des Betriebszustands.<\/p>\n<h2>Einfache Installation<\/h2>\n<p>Sein Design erm\u00f6glicht eine schnelle und einfache Installation und Inbetriebnahme. Alle angeschlossenen Ger\u00e4te k\u00f6nnen mit der FusionSolar-Anwendung von Huawei automatisch erkannt werden, was den Grad der Kontrolle \u00fcber die Installation erh\u00f6ht.<\/p>\n<h2>Skalierbar<\/h2>\n<p>Der Huawei Luna2000 7-E1 Lithium-Akku unterst\u00fctzt die Erweiterung von Leistung und Kapazit\u00e4t. Es k\u00f6nnen Batterien von 6,9 kWh bis 82,8 kWh installiert werden. Jedes Huawei Luna2000-10KW-C1 Power Module BMS Control Module unterst\u00fctzt bis zu drei Batteriemodule. Bis zu 2 Batteriet\u00fcrme k\u00f6nnen mit den Wechselrichtern der Serien KTL L1, KTL M1 und K-LC0 und bis zu 4 T\u00fcrme mit den Wechselrichtern der Serie MB0 parallel geschaltet werden.<\/p>\n<p><img decoding=\"async\" class=\"size-full wp-image-13527\" style=\"font-style: inherit; font-weight: 600;\" src=\"https:\/\/fvcomponentes.com\/wp-content\/uploads\/2024\/04\/Modulo-de-Bateria-de-Litio-Huawei-Luna2000-5kWh-01074643-012-0.png\" alt=\"Huawei Luna2000 5kWh Lithium-Batterie-Modul - 01074643-012 0\" width=\"906\" height=\"354\" title=\"\"><\/p>\n<h2>Huawei Luna2000 7-E1 6,9kWh Lithium-Batteriemodul Datenblatt - 01076608<\/h2>\n<p><a href=\"https:\/\/fvcomponentes.com\/wp-content\/uploads\/2024\/04\/Huawei_TDS_Luna2000_S1_EN.pdf\" target=\"_blank\" rel=\"noopener\">Datenblatt Huawei Luna2000 7-E1 6,9kWh Lithium-Batteriemodul anzeigen - 01076608<\/a><\/p>","protected":false},"excerpt":{"rendered":"<p><strong>Erfordert BMS-Modul Huawei Luna2000-10KW-C1 Leistungsmodul<br \/>\n<\/strong><strong style=\"font-size: 16px;\"><span class=\"baywa-details-label\">Akku-Typ\u00a0<\/span><\/strong><span class=\"baywa-details-values\" style=\"font-size: 16px;\"> DC Hochspannung<br \/>\n<\/span><strong style=\"font-size: 16px;\"><span class=\"baywa-details-label\">IP-Schutz\u00a0<\/span><\/strong><span class=\"baywa-details-values\" style=\"font-size: 16px;\"> IP66<br \/>\n<\/span><strong style=\"font-size: 16px;\"><span class=\"baywa-details-label\">Kommunikation\u00a0<\/span><\/strong><span class=\"baywa-details-values\" style=\"font-size: 16px;\">CAN (Inv),RS485 (Inv)<br \/>\n<\/span><strong style=\"font-size: 16px;\">Kommunikation<\/strong><span style=\"font-size: 16px;\"> Erfordert WLAN-FE Dongle, 4G Dongle oder SmartLogger f\u00fcr Systeme mit kaskadierten Wechselrichtern.<br \/>\n<\/span><strong style=\"font-size: 16px;\"><span class=\"baywa-details-label\">Gesamte Nennleistung (KWH)\u00a0<\/span><\/strong><span class=\"baywa-details-values\" style=\"font-size: 16px;\"> 7,0 kWh<br \/>\n<\/span><span class=\"baywa-details-label\" style=\"font-size: 16px;\"><strong>Nutzenergie (KWH)<\/strong>\u00a0<\/span><span class=\"baywa-details-values\" style=\"font-size: 16px;\"> 6,9 kWh<br \/>\n<\/span><span class=\"baywa-details-label\" style=\"font-size: 16px;\"><strong>Max. Lastleistung<\/strong> <\/span><span class=\"baywa-details-values\" style=\"font-size: 16px;\">\u00a03,5 kW<br \/>\n<\/span><span class=\"baywa-details-label\" style=\"font-size: 16px;\"><strong>Max. Entladeleistung <\/strong><\/span><span class=\"baywa-details-values\" style=\"font-size: 16px;\">3,5 kW<br \/>\n<\/span><strong style=\"font-size: 16px;\"><span class=\"baywa-details-label\">Skalierbarkeit\u00a0<\/span><\/strong><span class=\"baywa-details-values\" style=\"font-size: 16px;\"> Modular, parallelisierbar bis zu 82,8kWh<\/span><\/p>","protected":false},"featured_media":13528,"comment_status":"closed","ping_status":"closed","template":"","meta":{"site-sidebar-layout":"default","site-content-layout":"","ast-site-content-layout":"default","site-content-style":"default","site-sidebar-style":"default","ast-global-header-display":"","ast-banner-title-visibility":"","ast-main-header-display":"","ast-hfb-above-header-display":"","ast-hfb-below-header-display":"","ast-hfb-mobile-header-display":"","site-post-title":"","ast-breadcrumbs-content":"","ast-featured-img":"","footer-sml-layout":"","ast-disable-related-posts":"","theme-transparent-header-meta":"default","adv-header-id-meta":"","stick-header-meta":"","header-above-stick-meta":"","header-main-stick-meta":"","header-below-stick-meta":"","astra-migrate-meta-layouts":"set","ast-page-background-enabled":"default","ast-page-background-meta":{"desktop":{"background-color":"var(--ast-global-color-4)","background-image":"","background-repeat":"repeat","background-position":"center center","background-size":"auto","background-attachment":"scroll","background-type":"","background-media":"","overlay-type":"","overlay-color":"","overlay-opacity":"","overlay-gradient":""},"tablet":{"background-color":"","background-image":"","background-repeat":"repeat","background-position":"center center","background-size":"auto","background-attachment":"scroll","background-type":"","background-media":"","overlay-type":"","overlay-color":"","overlay-opacity":"","overlay-gradient":""},"mobile":{"background-color":"","background-image":"","background-repeat":"repeat","background-position":"center center","background-size":"auto","background-attachment":"scroll","background-type":"","background-media":"","overlay-type":"","overlay-color":"","overlay-opacity":"","overlay-gradient":""}},"ast-content-background-meta":{"desktop":{"background-color":"var(--ast-global-color-5)","background-image":"","background-repeat":"repeat","background-position":"center center","background-size":"auto","background-attachment":"scroll","background-type":"","background-media":"","overlay-type":"","overlay-color":"","overlay-opacity":"","overlay-gradient":""},"tablet":{"background-color":"var(--ast-global-color-5)","background-image":"","background-repeat":"repeat","background-position":"center center","background-size":"auto","background-attachment":"scroll","background-type":"","background-media":"","overlay-type":"","overlay-color":"","overlay-opacity":"","overlay-gradient":""},"mobile":{"background-color":"var(--ast-global-color-5)","background-image":"","background-repeat":"repeat","background-position":"center center","background-size":"auto","background-attachment":"scroll","background-type":"","background-media":"","overlay-type":"","overlay-color":"","overlay-opacity":"","overlay-gradient":""}}},"pwb-brand":[381],"product_brand":[],"product_cat":[340,379],"product_tag":[],"class_list":{"0":"post-13523","1":"product","2":"type-product","3":"status-publish","4":"has-post-thumbnail","6":"pwb-brand-huawei","7":"product_cat-baterias","8":"product_cat-baterias-de-litio-de-alto-voltaje","9":"product_shipping_class-baterias","10":"desktop-align-left","11":"tablet-align-left","12":"mobile-align-left","13":"ast-product-gallery-layout-horizontal-slider","14":"ast-product-gallery-with-no-image","15":"ast-product-tabs-layout-horizontal","17":"first","18":"instock","19":"taxable","20":"shipping-taxable","21":"purchasable","22":"product-type-simple"},"wcpa_form_fields":null,"brands":[{"id":381,"name":"Huawei-Wechselrichter","slug":"huawei"}],"_links":{"self":[{"href":"https:\/\/fvcomponentes.com\/de\/wp-json\/wp\/v2\/product\/13523","targetHints":{"allow":["GET"]}}],"collection":[{"href":"https:\/\/fvcomponentes.com\/de\/wp-json\/wp\/v2\/product"}],"about":[{"href":"https:\/\/fvcomponentes.com\/de\/wp-json\/wp\/v2\/types\/product"}],"replies":[{"embeddable":true,"href":"https:\/\/fvcomponentes.com\/de\/wp-json\/wp\/v2\/comments?post=13523"}],"wp:featuredmedia":[{"embeddable":true,"href":"https:\/\/fvcomponentes.com\/de\/wp-json\/wp\/v2\/media\/13528"}],"wp:attachment":[{"href":"https:\/\/fvcomponentes.com\/de\/wp-json\/wp\/v2\/media?parent=13523"}],"wp:term":[{"taxonomy":"pwb-brand","embeddable":true,"href":"https:\/\/fvcomponentes.com\/de\/wp-json\/wp\/v2\/pwb-brand?post=13523"},{"taxonomy":"product_brand","embeddable":true,"href":"https:\/\/fvcomponentes.com\/de\/wp-json\/wp\/v2\/product_brand?post=13523"},{"taxonomy":"product_cat","embeddable":true,"href":"https:\/\/fvcomponentes.com\/de\/wp-json\/wp\/v2\/product_cat?post=13523"},{"taxonomy":"product_tag","embeddable":true,"href":"https:\/\/fvcomponentes.com\/de\/wp-json\/wp\/v2\/product_tag?post=13523"}],"curies":[{"name":"wp","href":"https:\/\/api.w.org\/{rel}","templated":true}]}}