{"id":13430,"date":"2024-04-17T16:48:15","date_gmt":"2024-04-17T14:48:15","guid":{"rendered":"https:\/\/fvcomponentes.com\/?post_type=product&#038;p=13430"},"modified":"2026-03-30T12:17:10","modified_gmt":"2026-03-30T10:17:10","slug":"huawei-luna2000-5kwh-lithium-batterie-modul-01074643-012-2","status":"publish","type":"product","link":"https:\/\/fvcomponentes.com\/de\/producto\/modulo-de-bateria-de-litio-huawei-luna2000-5kwh-01074643-012-2\/","title":{"rendered":"Huawei Luna2000 5kWh Lithium-Batterie-Modul - 01074643-012"},"content":{"rendered":"<h2>Huawei Luna2000 5kWh Lithium-Batterie-Modul - 01074643-012<\/h2>\n<p>Die Huawei Luna2000 Lithium-Batterie ist eine Hochspannungsbatterie, die mit den einphasigen L1- und dreiphasigen M1-Hybridwechselrichtern von Huawei KTL kompatibel ist. Jede Batterie besteht aus einem BMS-gesteuerten Modul an der Oberseite und einem Huawei Luna2000 5kWh Lithium-Batteriemodul - 01074643-012. Die Huawei Luna-Batterie hat eine IP66-Schutzklasse, 10 Jahre Herstellergarantie und ist skalierbar, sodass Sie das System auf eine maximale Gesamtspeicherkapazit\u00e4t von 30 kWh erweitern k\u00f6nnen.<\/p>\n<p><img fetchpriority=\"high\" decoding=\"async\" class=\"size-full wp-image-13438\" src=\"https:\/\/fvcomponentes.com\/wp-content\/uploads\/2024\/04\/Bateria-de-Litio-Huawei-Luna2000-5kWh.png\" alt=\"Huawei Luna2000 Lithium-Batterie 5kWh\" width=\"786\" height=\"402\" title=\"\"><\/p>\n<h2>Huawei Luna2000 5kWh Lithium-Batterie-Modul - 01074643-012<\/h2>\n<h2>: Merkmale<\/h2>\n<ul>\n<li><a href=\"https:\/\/fvcomponentes.com\/de\/produkt\/modulo-bms-huawei-luna2000-5kw-co-power-module-01074646-004\/\" target=\"_blank\" rel=\"noopener\"><strong>Erfordert Huawei Luna2000 BMS Modul 5kW CO Power Modul<\/strong><\/a><\/li>\n<li>Nutzbare Energie des Huawei Luna-Akkus: 5kWh<\/li>\n<li>Maximale Leistungsabgabe der Huawei Luna-Batterie: 2,5kWh<\/li>\n<li>Spitzenleistung des Huawei Luna-Akkus: 3,5kWh f\u00fcr 10 Sekunden<\/li>\n<li>Abmessungen des Huawei Luna Batteriemoduls: 670 x 150 x 360 mm<\/li>\n<li>Gewicht des Huawei Luna Batteriemoduls: 50kg<\/li>\n<li>Bis zu drei Batteriemodule pro BMS-Modul<\/li>\n<li>Huawei Luna Akku-Garantie: 10 Jahre (gem\u00e4\u00df den Anforderungen des Herstellers)<\/li>\n<\/ul>\n<h2>Huawei Luna 2000 Akku-Kompatibilit\u00e4t<\/h2>\n<p>Die Huawei Luna2000 Lithium-Batterie ist mit den einphasigen Wechselrichtern der KTL-L1-Reihe von 2 bis 6 kW und den dreiphasigen KTL-M1-Wechselrichtern von 3 bis 10 kW kompatibel. Die Kommunikation mit dem Wechselrichter erfolgt \u00fcber RS485, au\u00dferdem verf\u00fcgt sie \u00fcber einen CAN-Anschluss f\u00fcr den Parallelbetrieb. Es verf\u00fcgt \u00fcber ein kleines Display zur Anzeige des Ladezustands und eine LED zur Anzeige des Betriebszustands.<\/p>\n<h2>Einfache Installation<\/h2>\n<p>Sein Design erm\u00f6glicht eine schnelle und einfache Installation und Inbetriebnahme. Alle angeschlossenen Ger\u00e4te k\u00f6nnen mit der FusionSolar-Anwendung von Huawei automatisch erkannt werden, was den Grad der Kontrolle \u00fcber die Installation erh\u00f6ht.<\/p>\n<h2>Skalierbar<\/h2>\n<p>Die Huawei Luna2000 Lithium-Batterie unterst\u00fctzt die Erweiterung von Leistung und Kapazit\u00e4t. Bis zu zwei Huawei Luna2000 5kW CO Power Module BMS Module k\u00f6nnen parallel angeschlossen werden. Ein Leistungssteuerungsmodul unterst\u00fctzt maximal 3 Huawei Luna2000 5kWh Lithium-Batteriemodule - 01074643-012.<\/p>\n<p><img decoding=\"async\" class=\"size-full wp-image-13378\" src=\"https:\/\/fvcomponentes.com\/wp-content\/uploads\/2024\/04\/Captura-de-pantalla-2024-04-16-183146-1.png\" alt=\"Huawei Luna2000 Lithium Akku 5kWh + BMS - LUNA2000-5-S0\" width=\"871\" height=\"646\" title=\"\"><\/p>\n<h2>Huawei Luna2000 5kWh Lithium-Batterie-Modul Datenblatt - 01074643-012<\/h2>\n<p><a href=\"https:\/\/fvcomponentes.com\/wp-content\/uploads\/2024\/04\/Huawei_TDS_LUNA2000_ES.pdf\" target=\"_blank\" rel=\"noopener\">Siehe Datenblatt Huawei Luna2000 5kWh Lithium-Batteriemodul - 01074643-012\u00a0<\/a><\/p>","protected":false},"excerpt":{"rendered":"<div>\n<p><a href=\"https:\/\/fvcomponentes.com\/de\/produkt\/modulo-bms-huawei-luna2000-5kw-co-power-module-01074646-004\/\" target=\"_blank\" rel=\"noopener\"><strong>Erfordert Huawei Luna2000 BMS Modul 5kW CO Power Modul<\/strong><\/a><\/p>\n<\/div>\n<div class=\"baywa-details-fields\"><strong><span class=\"baywa-details-label\">Akku-Typ\u00a0<\/span><\/strong><span class=\"baywa-details-values\"> DC Hochspannung<br \/>\n<\/span><strong><span class=\"baywa-details-label\">IP-Schutz\u00a0<\/span><\/strong><span class=\"baywa-details-values\"> IP66<\/span><\/div>\n<div class=\"baywa-details-fields\"><strong><span class=\"baywa-details-label\">Kommunikation\u00a0<\/span><\/strong><span class=\"baywa-details-values\">CAN (Inv),RS485 (Inv)<\/span><\/div>\n<div class=\"baywa-details-fields\"><strong><span class=\"baywa-details-label\">Gesamte Nennleistung (KWH)\u00a0<\/span><\/strong><span class=\"baywa-details-values\"> 5,0 kWh<br \/>\n<\/span><span class=\"baywa-details-label\"><strong>Nutzenergie (KWH)<\/strong>\u00a0<\/span><span class=\"baywa-details-values\"> 5,0 kWh<\/span><\/div>\n<div class=\"baywa-details-fields\"><span class=\"baywa-details-label\"><strong>Max. Lastleistung<\/strong> <\/span><span class=\"baywa-details-values\">\u00a02,5 kW<\/span><\/div>\n<div class=\"baywa-details-fields\"><span class=\"baywa-details-label\"><strong>Max. Entladeleistung <\/strong><\/span><span class=\"baywa-details-values\">3,5 kW (10 Sekunden)<\/span><\/div>\n<div class=\"baywa-details-fields\"><strong><span class=\"baywa-details-label\">Skalierbarkeit\u00a0<\/span><\/strong><span class=\"baywa-details-values\"> Modular, parallelisierbar bis zu 30kWh<\/span><\/div>","protected":false},"featured_media":13439,"comment_status":"closed","ping_status":"closed","template":"","meta":{"site-sidebar-layout":"default","site-content-layout":"","ast-site-content-layout":"default","site-content-style":"default","site-sidebar-style":"default","ast-global-header-display":"","ast-banner-title-visibility":"","ast-main-header-display":"","ast-hfb-above-header-display":"","ast-hfb-below-header-display":"","ast-hfb-mobile-header-display":"","site-post-title":"","ast-breadcrumbs-content":"","ast-featured-img":"","footer-sml-layout":"","ast-disable-related-posts":"","theme-transparent-header-meta":"default","adv-header-id-meta":"","stick-header-meta":"","header-above-stick-meta":"","header-main-stick-meta":"","header-below-stick-meta":"","astra-migrate-meta-layouts":"set","ast-page-background-enabled":"default","ast-page-background-meta":{"desktop":{"background-color":"var(--ast-global-color-4)","background-image":"","background-repeat":"repeat","background-position":"center center","background-size":"auto","background-attachment":"scroll","background-type":"","background-media":"","overlay-type":"","overlay-color":"","overlay-opacity":"","overlay-gradient":""},"tablet":{"background-color":"","background-image":"","background-repeat":"repeat","background-position":"center center","background-size":"auto","background-attachment":"scroll","background-type":"","background-media":"","overlay-type":"","overlay-color":"","overlay-opacity":"","overlay-gradient":""},"mobile":{"background-color":"","background-image":"","background-repeat":"repeat","background-position":"center center","background-size":"auto","background-attachment":"scroll","background-type":"","background-media":"","overlay-type":"","overlay-color":"","overlay-opacity":"","overlay-gradient":""}},"ast-content-background-meta":{"desktop":{"background-color":"var(--ast-global-color-5)","background-image":"","background-repeat":"repeat","background-position":"center center","background-size":"auto","background-attachment":"scroll","background-type":"","background-media":"","overlay-type":"","overlay-color":"","overlay-opacity":"","overlay-gradient":""},"tablet":{"background-color":"var(--ast-global-color-5)","background-image":"","background-repeat":"repeat","background-position":"center center","background-size":"auto","background-attachment":"scroll","background-type":"","background-media":"","overlay-type":"","overlay-color":"","overlay-opacity":"","overlay-gradient":""},"mobile":{"background-color":"var(--ast-global-color-5)","background-image":"","background-repeat":"repeat","background-position":"center center","background-size":"auto","background-attachment":"scroll","background-type":"","background-media":"","overlay-type":"","overlay-color":"","overlay-opacity":"","overlay-gradient":""}}},"pwb-brand":[381],"product_brand":[],"product_cat":[340,379],"product_tag":[],"class_list":{"0":"post-13430","1":"product","2":"type-product","3":"status-publish","4":"has-post-thumbnail","6":"pwb-brand-huawei","7":"product_cat-baterias","8":"product_cat-baterias-de-litio-de-alto-voltaje","9":"product_shipping_class-baterias","10":"desktop-align-left","11":"tablet-align-left","12":"mobile-align-left","13":"ast-product-gallery-layout-horizontal-slider","14":"ast-product-gallery-with-no-image","15":"ast-product-tabs-layout-horizontal","17":"first","18":"instock","19":"taxable","20":"shipping-taxable","21":"purchasable","22":"product-type-simple"},"wcpa_form_fields":null,"brands":[{"id":381,"name":"Huawei-Wechselrichter","slug":"huawei"}],"_links":{"self":[{"href":"https:\/\/fvcomponentes.com\/de\/wp-json\/wp\/v2\/product\/13430","targetHints":{"allow":["GET"]}}],"collection":[{"href":"https:\/\/fvcomponentes.com\/de\/wp-json\/wp\/v2\/product"}],"about":[{"href":"https:\/\/fvcomponentes.com\/de\/wp-json\/wp\/v2\/types\/product"}],"replies":[{"embeddable":true,"href":"https:\/\/fvcomponentes.com\/de\/wp-json\/wp\/v2\/comments?post=13430"}],"wp:featuredmedia":[{"embeddable":true,"href":"https:\/\/fvcomponentes.com\/de\/wp-json\/wp\/v2\/media\/13439"}],"wp:attachment":[{"href":"https:\/\/fvcomponentes.com\/de\/wp-json\/wp\/v2\/media?parent=13430"}],"wp:term":[{"taxonomy":"pwb-brand","embeddable":true,"href":"https:\/\/fvcomponentes.com\/de\/wp-json\/wp\/v2\/pwb-brand?post=13430"},{"taxonomy":"product_brand","embeddable":true,"href":"https:\/\/fvcomponentes.com\/de\/wp-json\/wp\/v2\/product_brand?post=13430"},{"taxonomy":"product_cat","embeddable":true,"href":"https:\/\/fvcomponentes.com\/de\/wp-json\/wp\/v2\/product_cat?post=13430"},{"taxonomy":"product_tag","embeddable":true,"href":"https:\/\/fvcomponentes.com\/de\/wp-json\/wp\/v2\/product_tag?post=13430"}],"curies":[{"name":"wp","href":"https:\/\/api.w.org\/{rel}","templated":true}]}}