{"id":13373,"date":"2024-04-16T18:27:41","date_gmt":"2024-04-16T16:27:41","guid":{"rendered":"https:\/\/fvcomponentes.com\/?post_type=product&#038;p=13373"},"modified":"2025-04-25T15:03:23","modified_gmt":"2025-04-25T13:03:23","slug":"lithium-batterie-huawei-luna2000-5kwh-bms-luna2000-5-s0","status":"publish","type":"product","link":"https:\/\/fvcomponentes.com\/de\/producto\/bateria-de-litio-huawei-luna2000-5kwh-bms-luna2000-5-s0\/","title":{"rendered":"Huawei Luna2000 Lithium Akku 5kWh + BMS - LUNA2000-5-S0"},"content":{"rendered":"<h2>Huawei Luna2000 Lithium Akku 5kWh + BMS - LUNA2000-5-S0<\/h2>\n<p>Die Huawei Luna2000 5kWh + BMS Lithium-Batterie - LUNA2000-5-S0 ist eine Hochspannungsbatterie, die mit den einphasigen L1- und dreiphasigen M1-Hybrid-Wechselrichtern von Huawei KTL kompatibel ist. Jede Batterie besteht aus einem BMS-gesteuerten Modul an der Oberseite und einem 5kWh-Akkumodul. Die Huawei Luna-Batterie hat eine Schutzart von IP66, eine Herstellergarantie von 10 Jahren und ist skalierbar, so dass Sie das System auf eine maximale Gesamtspeicherkapazit\u00e4t von 30kWh erweitern k\u00f6nnen.<\/p>\n<h2>Huawei Luna2000 Lithium Akku 5kWh + BMS - LUNA2000-5-S0: Eigenschaften<\/h2>\n<ul>\n<li>Anzahl der Huawei Luna-Akkumodule: 1<\/li>\n<li>Nutzbare Energie des Huawei Luna-Akkus: 5kWh<\/li>\n<li>Maximale Leistungsabgabe der Huawei Luna-Batterie: 2,5kWh<\/li>\n<li>Spitzenleistung des Huawei Luna-Akkus: 3,5kWh f\u00fcr 10 Sekunden<\/li>\n<li>Abmessungen des Huawei Luna-Akkus: 670 x 150 x 600 mm<\/li>\n<li>Huawei Luna Batterie Gewicht: 63.8kg<\/li>\n<li>Huawei Luna Akku-Garantie: 10 Jahre (gem\u00e4\u00df den Anforderungen des Herstellers)<\/li>\n<\/ul>\n<h2>Huawei Luna 2000 Akku-Kompatibilit\u00e4t<\/h2>\n<p>Die Huawei Luna2000 5kWh Lithium-Batterie + BMS - LUNA2000-5-S0 ist kompatibel mit den einphasigen Wechselrichtern KTL L1 von 2 bis 6kW und den dreiphasigen Wechselrichtern KTL-M1 von 3 bis 10kW. Die Kommunikation mit dem Wechselrichter erfolgt \u00fcber RS485, au\u00dferdem verf\u00fcgt es \u00fcber einen CAN-Anschluss f\u00fcr den Parallelbetrieb. Es verf\u00fcgt \u00fcber ein kleines Display zur Anzeige des Ladezustands und eine LED zur Anzeige des Betriebszustands.<\/p>\n<h2>Einfache Installation<\/h2>\n<p>Sein Design erm\u00f6glicht eine schnelle und einfache Installation und Inbetriebnahme. Alle angeschlossenen Ger\u00e4te k\u00f6nnen mit der FusionSolar-Anwendung von Huawei automatisch erkannt werden, was den Grad der Kontrolle \u00fcber die Installation erh\u00f6ht.<\/p>\n<h2>Skalierbar<\/h2>\n<p>Die Huawei Luna2000 5kWh Lithium-Batterie + BMS - LUNA2000-5-S0 unterst\u00fctzt Leistungs- und Kapazit\u00e4tserweiterung. Zwei Leistungssteuerungsmodule k\u00f6nnen parallel angeschlossen werden. Ein Leistungssteuerungsmodul unterst\u00fctzt maximal 3 Batterieerweiterungsmodule.<\/p>\n<p><img fetchpriority=\"high\" decoding=\"async\" class=\"size-full wp-image-13378\" src=\"https:\/\/fvcomponentes.com\/wp-content\/uploads\/2024\/04\/Captura-de-pantalla-2024-04-16-183146-1.png\" alt=\"Huawei Luna2000 Lithium Akku 5kWh + BMS - LUNA2000-5-S0\" width=\"871\" height=\"646\" title=\"\"><\/p>\n<h2>Huawei Luna2000 5kWh Lithium Batterie + BMS - LUNA2000-5-S0 Datenblatt<\/h2>\n<p><a href=\"https:\/\/fvcomponentes.com\/wp-content\/uploads\/2024\/04\/Huawei_TDS_LUNA2000_ES.pdf\" target=\"_blank\" rel=\"noopener\">Datenblatt Huawei Luna2000 5kWh Lithium-Batterie + BMS - LUNA2000-5-S0<\/a><\/p>","protected":false},"excerpt":{"rendered":"<div class=\"baywa-details-fields\"><strong><span class=\"baywa-details-label\">Akku-Typ\u00a0<\/span><\/strong><span class=\"baywa-details-values\"> DC Hochspannung<br \/>\n<\/span><strong><span class=\"baywa-details-label\">IP-Schutz\u00a0<\/span><\/strong><span class=\"baywa-details-values\"> IP66<\/span><\/div>\n<div class=\"baywa-details-fields\"><strong><span class=\"baywa-details-label\">Kommunikation\u00a0<\/span><\/strong><span class=\"baywa-details-values\">CAN (Inv),RS485 (Inv)<\/span><\/div>\n<div class=\"baywa-details-fields\"><strong><span class=\"baywa-details-label\">Gesamte Nennleistung (KWH)\u00a0<\/span><\/strong><span class=\"baywa-details-values\"> 5,0 kWh<br \/>\n<\/span><span class=\"baywa-details-label\"><strong>Nutzenergie (KWH)<\/strong>\u00a0<\/span><span class=\"baywa-details-values\"> 5,0 kWh<\/span><\/div>\n<div class=\"baywa-details-fields\"><span class=\"baywa-details-label\"><strong>Max. Lastleistung<\/strong> <\/span><span class=\"baywa-details-values\">\u00a02,5 kW<\/span><\/div>\n<div class=\"baywa-details-fields\"><span class=\"baywa-details-label\"><strong>Max. Entladeleistung <\/strong><\/span><span class=\"baywa-details-values\">3,5 kW (10 Sekunden)<\/span><\/div>\n<div class=\"baywa-details-fields\"><strong><span class=\"baywa-details-label\">Skalierbarkeit\u00a0<\/span><\/strong><span class=\"baywa-details-values\"> Modular, parallelisierbar bis zu 30kWh<\/span><\/div>","protected":false},"featured_media":13375,"comment_status":"closed","ping_status":"closed","template":"","meta":{"site-sidebar-layout":"default","site-content-layout":"","ast-site-content-layout":"default","site-content-style":"default","site-sidebar-style":"default","ast-global-header-display":"","ast-banner-title-visibility":"","ast-main-header-display":"","ast-hfb-above-header-display":"","ast-hfb-below-header-display":"","ast-hfb-mobile-header-display":"","site-post-title":"","ast-breadcrumbs-content":"","ast-featured-img":"","footer-sml-layout":"","ast-disable-related-posts":"","theme-transparent-header-meta":"default","adv-header-id-meta":"","stick-header-meta":"","header-above-stick-meta":"","header-main-stick-meta":"","header-below-stick-meta":"","astra-migrate-meta-layouts":"set","ast-page-background-enabled":"default","ast-page-background-meta":{"desktop":{"background-color":"var(--ast-global-color-4)","background-image":"","background-repeat":"repeat","background-position":"center center","background-size":"auto","background-attachment":"scroll","background-type":"","background-media":"","overlay-type":"","overlay-color":"","overlay-opacity":"","overlay-gradient":""},"tablet":{"background-color":"","background-image":"","background-repeat":"repeat","background-position":"center center","background-size":"auto","background-attachment":"scroll","background-type":"","background-media":"","overlay-type":"","overlay-color":"","overlay-opacity":"","overlay-gradient":""},"mobile":{"background-color":"","background-image":"","background-repeat":"repeat","background-position":"center center","background-size":"auto","background-attachment":"scroll","background-type":"","background-media":"","overlay-type":"","overlay-color":"","overlay-opacity":"","overlay-gradient":""}},"ast-content-background-meta":{"desktop":{"background-color":"var(--ast-global-color-5)","background-image":"","background-repeat":"repeat","background-position":"center center","background-size":"auto","background-attachment":"scroll","background-type":"","background-media":"","overlay-type":"","overlay-color":"","overlay-opacity":"","overlay-gradient":""},"tablet":{"background-color":"var(--ast-global-color-5)","background-image":"","background-repeat":"repeat","background-position":"center center","background-size":"auto","background-attachment":"scroll","background-type":"","background-media":"","overlay-type":"","overlay-color":"","overlay-opacity":"","overlay-gradient":""},"mobile":{"background-color":"var(--ast-global-color-5)","background-image":"","background-repeat":"repeat","background-position":"center center","background-size":"auto","background-attachment":"scroll","background-type":"","background-media":"","overlay-type":"","overlay-color":"","overlay-opacity":"","overlay-gradient":""}}},"pwb-brand":[381],"product_brand":[],"product_cat":[340,379],"product_tag":[],"class_list":{"0":"post-13373","1":"product","2":"type-product","3":"status-publish","4":"has-post-thumbnail","6":"pwb-brand-huawei","7":"product_cat-baterias","8":"product_cat-baterias-de-litio-de-alto-voltaje","9":"product_shipping_class-baterias","10":"desktop-align-left","11":"tablet-align-left","12":"mobile-align-left","13":"ast-product-gallery-layout-horizontal-slider","14":"ast-product-gallery-with-no-image","15":"ast-product-tabs-layout-horizontal","17":"first","18":"instock","19":"taxable","20":"shipping-taxable","21":"purchasable","22":"product-type-yith_bundle"},"wcpa_form_fields":null,"brands":[{"id":381,"name":"Huawei-Wechselrichter","slug":"huawei"}],"_links":{"self":[{"href":"https:\/\/fvcomponentes.com\/de\/wp-json\/wp\/v2\/product\/13373","targetHints":{"allow":["GET"]}}],"collection":[{"href":"https:\/\/fvcomponentes.com\/de\/wp-json\/wp\/v2\/product"}],"about":[{"href":"https:\/\/fvcomponentes.com\/de\/wp-json\/wp\/v2\/types\/product"}],"replies":[{"embeddable":true,"href":"https:\/\/fvcomponentes.com\/de\/wp-json\/wp\/v2\/comments?post=13373"}],"wp:featuredmedia":[{"embeddable":true,"href":"https:\/\/fvcomponentes.com\/de\/wp-json\/wp\/v2\/media\/13375"}],"wp:attachment":[{"href":"https:\/\/fvcomponentes.com\/de\/wp-json\/wp\/v2\/media?parent=13373"}],"wp:term":[{"taxonomy":"pwb-brand","embeddable":true,"href":"https:\/\/fvcomponentes.com\/de\/wp-json\/wp\/v2\/pwb-brand?post=13373"},{"taxonomy":"product_brand","embeddable":true,"href":"https:\/\/fvcomponentes.com\/de\/wp-json\/wp\/v2\/product_brand?post=13373"},{"taxonomy":"product_cat","embeddable":true,"href":"https:\/\/fvcomponentes.com\/de\/wp-json\/wp\/v2\/product_cat?post=13373"},{"taxonomy":"product_tag","embeddable":true,"href":"https:\/\/fvcomponentes.com\/de\/wp-json\/wp\/v2\/product_tag?post=13373"}],"curies":[{"name":"wp","href":"https:\/\/api.w.org\/{rel}","templated":true}]}}