{"id":13219,"date":"2024-04-09T17:19:48","date_gmt":"2024-04-09T15:19:48","guid":{"rendered":"https:\/\/fvcomponentes.com\/?post_type=product&#038;p=13219"},"modified":"2026-03-30T12:15:38","modified_gmt":"2026-03-30T10:15:38","slug":"huawei-sun2000-8k-lc0-hybrider-einphasiger-wechselrichter-01076591","status":"publish","type":"product","link":"https:\/\/fvcomponentes.com\/de\/producto\/inversor-huawei-sun2000-8k-lc0-hibrido-monofasico-01076591\/","title":{"rendered":"Huawei SUN2000 8K LC0 Hybrid-Einphasen-Wechselrichter - 01076591"},"content":{"rendered":"<h2>Huawei SUN2000-8K-LC0 Wechselrichter Hybrid einphasig - 01076591<\/h2>\n<p>Die neuen String-Wechselrichter der Serie SUN2000-K-LC0 von Huawei, wie z. B. der einphasige Hybrid-Wechselrichter SUN2000-8K-LC0 von Huawei - 01076591, sind die ideale L\u00f6sung f\u00fcr die aktuelle Nachfrage nach leistungsstarken String-Wechselrichtern f\u00fcr Wohngeb\u00e4ude. Mit Versionen von 8 und 10 kW mit 3 MPPTs und kompatibel mit den LUNA2000-Batterien von Huawei bieten sie gro\u00dfe Flexibilit\u00e4t f\u00fcr netzgekoppelte Wohn- und Industrieanlagen.<\/p>\n<p>Die Produktreihe SUN2000-8\/10K-LC0 von Huawei umfasst zwei Ger\u00e4te mit 8 oder 10 kW. Dieser einphasige Wechselrichter verf\u00fcgt \u00fcber eine innovative Lichtbogenerkennung mit k\u00fcnstlicher Intelligenz und einen maximalen Wirkungsgrad von 98,1%. Er ist mit Hochstrom-PV-Modulen (16A) kompatibel und bietet bis zu 3 MPPT mit individuellen Eing\u00e4ngen und die M\u00f6glichkeit, die Leistung mit der Batterie zu verdoppeln. Sie sind mit den einphasigen SUN2000-2\/3\/3.68\/4\/4.6\/5\/6KTL-L1 und den P450\/P600 Optimierern kompatibel.<\/p>\n<p>Das leichte Design mit einem Gewicht von weniger als 15 kg erleichtert die individuelle Installation und unterst\u00fctzt eine Vielzahl von Kommunikationsarten wie WLAN, Ethernet und 4G\/3G\/2G.<\/p>\n<h2>Betriebsarten<\/h2>\n<p>Der SUN2000 kann im Standby-, Betriebs- oder Aus-Modus betrieben werden.<\/p>\n<p>Standby: Der SUN2000 wechselt in den Standby-Modus, wenn die \u00e4u\u00dfere Umgebung die Betriebsanforderungen nicht erf\u00fcllt. Standby-Modus:<\/p>\n<ul>\n<li>Der SUN2000 f\u00fchrt kontinuierlich eine Statuspr\u00fcfung durch und geht in den Betriebsmodus \u00fcber, sobald die Betriebsanforderungen erf\u00fcllt sind.<\/li>\n<li>Das SUN2000 geht in den Shutdown-Modus, wenn es nach dem Start einen Shutdown-Befehl oder einen Fehler erkennt.<\/li>\n<\/ul>\n<p>Betrieb:<\/p>\n<ul>\n<li>Der SUN2000 wandelt den Gleichstrom der Photovoltaik-Paneele in Wechselstrom um und speist ihn ins Netz ein.<\/li>\n<li>Der SUN2000 verfolgt den Punkt maximaler Leistung, um die Leistung der PV-Module zu maximieren.<\/li>\n<li>Wenn die SUN2000 eine St\u00f6rung oder einen Abschaltbefehl erkennt, geht sie in den Abschaltmodus \u00fcber.<\/li>\n<li>Der SUN2000 wechselt in den Standby-Modus, wenn er feststellt, dass die Leistung der PV-Paneele nicht ausreicht, um sie zur Stromerzeugung an das Netz anzuschlie\u00dfen.<\/li>\n<\/ul>\n<p>Aus:<\/p>\n<ul>\n<li>Im Standby- oder Run-Modus geht das SUN2000 in den Shutdown-Modus \u00fcber, wenn ein Fehler oder ein Shutdown-Befehl erkannt wird.<\/li>\n<li>Im Shutdown-Modus geht das SUN2000 in den Standby-Modus \u00fcber, nachdem ein Startbefehl erkannt oder der Fehler behoben wurde.<\/li>\n<\/ul>\n<h2>Schutz<\/h2>\n<p>Der Wechselrichter ist nach IP66-Standard gesch\u00fctzt und kann sowohl im Innen- als auch im Au\u00dfenbereich installiert werden.<\/p>\n<h2>Huawei SUN2000-8K-LC0 Einphasen-Hybrid-Wechselrichter Datenblatt und Handbuch - 01076591<\/h2>\n<p><a href=\"https:\/\/fvcomponentes.com\/wp-content\/uploads\/2025\/11\/Huawei_TDS_SUN2000-8-10KTL-LC0_ES.pdf\" target=\"_blank\" rel=\"noopener\">Siehe vorl\u00e4ufiges Datenblatt f\u00fcr Huawei SUN2000-8K-LC0 Hybrid Single-Phase Inverter - 01076591<\/a><\/p>\n<p><a href=\"https:\/\/fvcomponentes.com\/wp-content\/uploads\/2025\/11\/HUAWEI-SUN2000-8-10KTL-LC0-MANUAL-ES.pdf\" target=\"_blank\" rel=\"noopener\">Handbuch Huawei SUN2000-8K-LC0 Einphasen-Hybrid-Wechselrichter anzeigen - 01076591<\/a><\/p>","protected":false},"excerpt":{"rendered":"<p><span class=\"baywa-details-label\"><strong>Nennleistung<\/strong>\u00a0<\/span><span class=\"baywa-details-values\"> 8kW<br \/>\n<\/span><strong>Empfohlene maximale Leistung der Photovoltaikanlage:<\/strong>12kW<br \/>\n<span class=\"baywa-details-label\"><strong>IP-Schutz<\/strong>\u00a0<\/span><span class=\"baywa-details-values\">\u00a0IP66<br \/>\n<span class=\"baywa-details-label\"><strong>MPPT<\/strong>\u00a0<\/span>\u00a03<br \/>\n<\/span><strong><span class=\"baywa-details-values\"><span class=\"baywa-details-label\">Produktgarantie<\/span>\u00a0<\/span><\/strong><span class=\"baywa-details-values\">10 Jahre<\/span><strong><span class=\"baywa-details-values\"><br \/>\nKompatibel mit:<\/span><\/strong><\/p>\n<ul>\n<li>Optimierungsger\u00e4te SUN2000-450W-P2, SUN2000-600W-P<\/li>\n<li>LUNA2000-5\/10\/15-S0 Akkus<\/li>\n<li>Smart Dongle-4G<\/li>\n<\/ul>","protected":false},"featured_media":13217,"comment_status":"closed","ping_status":"closed","template":"","meta":{"site-sidebar-layout":"default","site-content-layout":"","ast-site-content-layout":"default","site-content-style":"default","site-sidebar-style":"default","ast-global-header-display":"","ast-banner-title-visibility":"","ast-main-header-display":"","ast-hfb-above-header-display":"","ast-hfb-below-header-display":"","ast-hfb-mobile-header-display":"","site-post-title":"","ast-breadcrumbs-content":"","ast-featured-img":"","footer-sml-layout":"","ast-disable-related-posts":"","theme-transparent-header-meta":"default","adv-header-id-meta":"","stick-header-meta":"","header-above-stick-meta":"","header-main-stick-meta":"","header-below-stick-meta":"","astra-migrate-meta-layouts":"set","ast-page-background-enabled":"default","ast-page-background-meta":{"desktop":{"background-color":"var(--ast-global-color-4)","background-image":"","background-repeat":"repeat","background-position":"center center","background-size":"auto","background-attachment":"scroll","background-type":"","background-media":"","overlay-type":"","overlay-color":"","overlay-opacity":"","overlay-gradient":""},"tablet":{"background-color":"","background-image":"","background-repeat":"repeat","background-position":"center center","background-size":"auto","background-attachment":"scroll","background-type":"","background-media":"","overlay-type":"","overlay-color":"","overlay-opacity":"","overlay-gradient":""},"mobile":{"background-color":"","background-image":"","background-repeat":"repeat","background-position":"center center","background-size":"auto","background-attachment":"scroll","background-type":"","background-media":"","overlay-type":"","overlay-color":"","overlay-opacity":"","overlay-gradient":""}},"ast-content-background-meta":{"desktop":{"background-color":"var(--ast-global-color-5)","background-image":"","background-repeat":"repeat","background-position":"center center","background-size":"auto","background-attachment":"scroll","background-type":"","background-media":"","overlay-type":"","overlay-color":"","overlay-opacity":"","overlay-gradient":""},"tablet":{"background-color":"var(--ast-global-color-5)","background-image":"","background-repeat":"repeat","background-position":"center center","background-size":"auto","background-attachment":"scroll","background-type":"","background-media":"","overlay-type":"","overlay-color":"","overlay-opacity":"","overlay-gradient":""},"mobile":{"background-color":"var(--ast-global-color-5)","background-image":"","background-repeat":"repeat","background-position":"center center","background-size":"auto","background-attachment":"scroll","background-type":"","background-media":"","overlay-type":"","overlay-color":"","overlay-opacity":"","overlay-gradient":""}}},"pwb-brand":[381],"product_brand":[],"product_cat":[333,359,924],"product_tag":[],"class_list":{"0":"post-13219","1":"product","2":"type-product","3":"status-publish","4":"has-post-thumbnail","6":"pwb-brand-huawei","7":"product_cat-inversores","8":"product_cat-inversores-autoconsumo-hibridos","9":"product_cat-inversores-autoconsumo-hibridos-monofasicos","10":"desktop-align-left","11":"tablet-align-left","12":"mobile-align-left","13":"ast-product-gallery-layout-horizontal-slider","14":"ast-product-gallery-with-no-image","15":"ast-product-tabs-layout-horizontal","17":"first","18":"instock","19":"taxable","20":"shipping-taxable","21":"purchasable","22":"product-type-simple"},"wcpa_form_fields":null,"brands":[{"id":381,"name":"Huawei-Wechselrichter","slug":"huawei"}],"_links":{"self":[{"href":"https:\/\/fvcomponentes.com\/de\/wp-json\/wp\/v2\/product\/13219","targetHints":{"allow":["GET"]}}],"collection":[{"href":"https:\/\/fvcomponentes.com\/de\/wp-json\/wp\/v2\/product"}],"about":[{"href":"https:\/\/fvcomponentes.com\/de\/wp-json\/wp\/v2\/types\/product"}],"replies":[{"embeddable":true,"href":"https:\/\/fvcomponentes.com\/de\/wp-json\/wp\/v2\/comments?post=13219"}],"wp:featuredmedia":[{"embeddable":true,"href":"https:\/\/fvcomponentes.com\/de\/wp-json\/wp\/v2\/media\/13217"}],"wp:attachment":[{"href":"https:\/\/fvcomponentes.com\/de\/wp-json\/wp\/v2\/media?parent=13219"}],"wp:term":[{"taxonomy":"pwb-brand","embeddable":true,"href":"https:\/\/fvcomponentes.com\/de\/wp-json\/wp\/v2\/pwb-brand?post=13219"},{"taxonomy":"product_brand","embeddable":true,"href":"https:\/\/fvcomponentes.com\/de\/wp-json\/wp\/v2\/product_brand?post=13219"},{"taxonomy":"product_cat","embeddable":true,"href":"https:\/\/fvcomponentes.com\/de\/wp-json\/wp\/v2\/product_cat?post=13219"},{"taxonomy":"product_tag","embeddable":true,"href":"https:\/\/fvcomponentes.com\/de\/wp-json\/wp\/v2\/product_tag?post=13219"}],"curies":[{"name":"wp","href":"https:\/\/api.w.org\/{rel}","templated":true}]}}