{"id":12606,"date":"2024-03-07T11:12:41","date_gmt":"2024-03-07T10:12:41","guid":{"rendered":"https:\/\/fvcomponentes.com\/?post_type=product&#038;p=12606"},"modified":"2026-01-12T07:17:04","modified_gmt":"2026-01-12T06:17:04","slug":"victron-design-verdrahtung-berechnung","status":"publish","type":"product","link":"https:\/\/fvcomponentes.com\/de\/producto\/calculo-cableado-diseno-victron\/","title":{"rendered":"Verdrahtungsberechnungen und Installationsplanung Victron-Schema"},"content":{"rendered":"<p>Wenn Sie mit dem Gedanken spielen, Victron-Wechselrichter, Lithium-Batterien, Orion-Wandler und andere Ger\u00e4te zu installieren, haben Sie vielleicht eine Menge Zweifel.<\/p>\n<p>Welches Kabel soll ich verwenden?<\/p>\n<p>Welche Sicherungen sollte ich wo einsetzen?<\/p>\n<p>Werde ich bei meiner Installation \u00fcber gen\u00fcgend Autonomie verf\u00fcgen?<\/p>\n<p>Einen Fachmann mit mehr als 15 Jahren Erfahrung in der Planung von Anlagen mit Victron Energy zu haben, ist ein Luxus, den sich viele Kunden gew\u00fcnscht haben, und den wir ihnen nun zur Verf\u00fcgung stellen.<\/p>\n<p>Um den Zugang zu unserem Partner zu \"demokratisieren\", und da seine Zeit Geld kostet, k\u00f6nnen Sie die <strong>Victron-Verdrahtungsberechnung und Schaltplanentwurf<\/strong>.<\/p>\n<p>Dieser Service ist nur f\u00fcr Kunden von FVComponentes.com verf\u00fcgbar und auf gelieferte Artikel beschr\u00e4nkt.<\/p>","protected":false},"excerpt":{"rendered":"<p>Sie wissen nicht, welche Kabel Sie f\u00fcr Ihre Installation verwenden m\u00fcssen, welche Verbindungen Sie herstellen m\u00fcssen, ob Sie die Sicherungen richtig berechnet haben, ob die Batterie, die Paneele, der Regler ausreichen...?<\/p>\n<p>Wir bieten Ihnen die Dienste eines unserer technischen Partner an, der Sie bei der richtigen Dimensionierung Ihrer Anlage unterst\u00fctzt.<\/p>","protected":false},"featured_media":12607,"comment_status":"open","ping_status":"closed","template":"","meta":{"site-sidebar-layout":"default","site-content-layout":"","ast-site-content-layout":"default","site-content-style":"default","site-sidebar-style":"default","ast-global-header-display":"","ast-banner-title-visibility":"","ast-main-header-display":"","ast-hfb-above-header-display":"","ast-hfb-below-header-display":"","ast-hfb-mobile-header-display":"","site-post-title":"","ast-breadcrumbs-content":"","ast-featured-img":"","footer-sml-layout":"","ast-disable-related-posts":"","theme-transparent-header-meta":"default","adv-header-id-meta":"","stick-header-meta":"","header-above-stick-meta":"","header-main-stick-meta":"","header-below-stick-meta":"","astra-migrate-meta-layouts":"set","ast-page-background-enabled":"default","ast-page-background-meta":{"desktop":{"background-color":"var(--ast-global-color-4)","background-image":"","background-repeat":"repeat","background-position":"center center","background-size":"auto","background-attachment":"scroll","background-type":"","background-media":"","overlay-type":"","overlay-color":"","overlay-opacity":"","overlay-gradient":""},"tablet":{"background-color":"","background-image":"","background-repeat":"repeat","background-position":"center center","background-size":"auto","background-attachment":"scroll","background-type":"","background-media":"","overlay-type":"","overlay-color":"","overlay-opacity":"","overlay-gradient":""},"mobile":{"background-color":"","background-image":"","background-repeat":"repeat","background-position":"center center","background-size":"auto","background-attachment":"scroll","background-type":"","background-media":"","overlay-type":"","overlay-color":"","overlay-opacity":"","overlay-gradient":""}},"ast-content-background-meta":{"desktop":{"background-color":"var(--ast-global-color-5)","background-image":"","background-repeat":"repeat","background-position":"center center","background-size":"auto","background-attachment":"scroll","background-type":"","background-media":"","overlay-type":"","overlay-color":"","overlay-opacity":"","overlay-gradient":""},"tablet":{"background-color":"var(--ast-global-color-5)","background-image":"","background-repeat":"repeat","background-position":"center center","background-size":"auto","background-attachment":"scroll","background-type":"","background-media":"","overlay-type":"","overlay-color":"","overlay-opacity":"","overlay-gradient":""},"mobile":{"background-color":"var(--ast-global-color-5)","background-image":"","background-repeat":"repeat","background-position":"center center","background-size":"auto","background-attachment":"scroll","background-type":"","background-media":"","overlay-type":"","overlay-color":"","overlay-opacity":"","overlay-gradient":""}}},"pwb-brand":[332],"product_brand":[],"product_cat":[872],"product_tag":[],"class_list":{"0":"post-12606","1":"product","2":"type-product","3":"status-publish","4":"has-post-thumbnail","6":"pwb-brand-victron","7":"product_cat-servicios-de-configuracion","8":"desktop-align-left","9":"tablet-align-left","10":"mobile-align-left","11":"ast-product-gallery-layout-horizontal-slider","12":"ast-product-gallery-with-no-image","13":"ast-product-tabs-layout-horizontal","15":"first","16":"outofstock","17":"virtual","18":"taxable","19":"purchasable","20":"product-type-simple"},"wcpa_form_fields":null,"brands":[{"id":332,"name":"Victron Energie","slug":"victron"}],"_links":{"self":[{"href":"https:\/\/fvcomponentes.com\/de\/wp-json\/wp\/v2\/product\/12606","targetHints":{"allow":["GET"]}}],"collection":[{"href":"https:\/\/fvcomponentes.com\/de\/wp-json\/wp\/v2\/product"}],"about":[{"href":"https:\/\/fvcomponentes.com\/de\/wp-json\/wp\/v2\/types\/product"}],"replies":[{"embeddable":true,"href":"https:\/\/fvcomponentes.com\/de\/wp-json\/wp\/v2\/comments?post=12606"}],"wp:featuredmedia":[{"embeddable":true,"href":"https:\/\/fvcomponentes.com\/de\/wp-json\/wp\/v2\/media\/12607"}],"wp:attachment":[{"href":"https:\/\/fvcomponentes.com\/de\/wp-json\/wp\/v2\/media?parent=12606"}],"wp:term":[{"taxonomy":"pwb-brand","embeddable":true,"href":"https:\/\/fvcomponentes.com\/de\/wp-json\/wp\/v2\/pwb-brand?post=12606"},{"taxonomy":"product_brand","embeddable":true,"href":"https:\/\/fvcomponentes.com\/de\/wp-json\/wp\/v2\/product_brand?post=12606"},{"taxonomy":"product_cat","embeddable":true,"href":"https:\/\/fvcomponentes.com\/de\/wp-json\/wp\/v2\/product_cat?post=12606"},{"taxonomy":"product_tag","embeddable":true,"href":"https:\/\/fvcomponentes.com\/de\/wp-json\/wp\/v2\/product_tag?post=12606"}],"curies":[{"name":"wp","href":"https:\/\/api.w.org\/{rel}","templated":true}]}}