{"id":11662,"date":"2024-01-31T09:17:56","date_gmt":"2024-01-31T08:17:56","guid":{"rendered":"https:\/\/fvcomponentes.com\/?post_type=product&#038;p=11662"},"modified":"2026-04-04T12:48:26","modified_gmt":"2026-04-04T10:48:26","slug":"stromschiene-lynx-verteiler-m10-lyn060102010","status":"publish","type":"product","link":"https:\/\/fvcomponentes.com\/de\/producto\/barra-colectora-lynx-distributor-m10-lyn060102010\/","title":{"rendered":"Victron Lynx Verteilerschienen (M10) - LYN060102010"},"content":{"rendered":"<div class=\"ui9f13y mgz-element mgz-child mgz-element-product_description content-text\">\n<div class=\"mgz-element-inner ui9f13y-s\">\n<div class=\"ppbd-product-description\">Die Lynx Verteilersammelschiene (M10) - LYN060102010 ist eine modulare DC-Sammelschiene mit Platz f\u00fcr vier DC-Sicherungen.<\/div>\n<div class=\"ppbd-product-description\">Es \u00fcberwacht den Status jeder Sicherung und zeigt ihn mit einer LED auf der Vorderseite an.<\/div>\n<div class=\"ppbd-product-description\">\n<p>Teil des modularen Verteilersystems Lynx.<\/p>\n<\/div>\n<h2>Eigenschaften der Lynx Verteilersammelschiene (M10) - LYN060102010<\/h2>\n<\/div>\n<\/div>\n<div class=\"nvy3xat mgz-element mgz-child mgz-element-separator mgz-element-title-align-center\">\n<div class=\"mgz-element-inner nvy3xat-s\">\n<div class=\"mgz-element-separator-wrapper mgz-text-center\">Der Lynx Verteiler enth\u00e4lt eine positive und eine negative Stromschiene. Die Plus-Sammelschiene hat vier abgesicherte Anschl\u00fcsse mit Sicherungsverfolgung. Die Minussammelschiene hat vier Anschl\u00fcsse und einen Erdungsanschluss. Sie ist Teil des Lynx Verteilersystems.<br \/>\nDer Lynx Verteiler hat eine Betriebs-LED und vier LEDs zur Anzeige des Sicherungsstatus.<br \/>\nBei Anschluss an einen Lynx Smart BMS k\u00f6nnen bis zu vier Lynx Verteiler Sicherungsstatusinformationen an den Lynx Smart BMS senden. Diese Option ist nicht m\u00f6glich, wenn sie an einen Lynx Shunt VE.Can angeschlossen ist.<\/div>\n<\/div>\n<div>Der Lynx Verteiler enth\u00e4lt ein 40 cm langes RJ10-Kabel. Das Kabel versorgt den Lynx Verteiler mit Strom und wird, wenn es an ein Lynx Smart BMS angeschlossen ist, auch zur Informations\u00fcbertragung verwendet.<\/div>\n<div>Der Lynx Verteiler ist f\u00fcr Sicherungen ausgelegt. <a href=\"https:\/\/fvcomponentes.com\/de\/produktkategorie\/elektrische-ausrustung\/sicherungen\/mega-sicherungen\/\" target=\"_blank\" rel=\"noopener\">MEGA<\/a>.<\/div>\n<div><img fetchpriority=\"high\" decoding=\"async\" class=\"alignnone size-full wp-image-6134\" src=\"https:\/\/fvcomponentes.com\/wp-content\/uploads\/2023\/03\/Captura-6.png\" alt=\"Lynx Smart BMS Victron - LYN034160200\" width=\"800\" height=\"491\" title=\"\"><\/div>\n<h2>Das Lynx-Vertriebssystem<\/h2>\n<p>Dieses Verteilungssystem besteht aus den folgenden Elementen:<\/p>\n<ul>\n<li><a href=\"https:\/\/fvcomponentes.com\/de\/produkt\/lynx-power-in-victron-m10-lyn020102010\/\" target=\"_blank\" rel=\"noopener\"><strong>Lynx Power In<\/strong><\/a> - Eine positive und eine negative Stromschiene mit vier Anschl\u00fcssen f\u00fcr Batterien oder Gleichstromger\u00e4te.<\/li>\n<li><a href=\"https:\/\/fvcomponentes.com\/de\/produkt\/stromschiene-lynx-verteiler-m10-lyn060102010\/\" target=\"_blank\" rel=\"noopener\"><strong>Lynx-Vertriebsh\u00e4ndler<\/strong><\/a> - Eine Plus- und eine Minussammelschiene mit vier abgesicherten Anschl\u00fcssen f\u00fcr Batterien oder Gleichstromger\u00e4te sowie Sicherungs\u00fcberwachung.<\/li>\n<li><a href=\"https:\/\/fvcomponentes.com\/de\/produkt\/victron-victron-lynx-smart-bms-1000-m10-lyn034170210\/\" target=\"_blank\" rel=\"noopener\"><strong>Lynx Smart BMS<\/strong><\/a> - Zur Verwendung in Verbindung mit Victron Energy Smart Lithium-Batterien. Enth\u00e4lt eine positive Stromschiene mit einem von einem Batteriemanagementsystem (BMS) gesteuerten Sch\u00fctz und eine negative Stromschiene mit einem Shunt zur Batterie\u00fcberwachung. Es verf\u00fcgt \u00fcber Bluetooth-Kommunikation zur \u00dcberwachung und Konfiguration \u00fcber die Anwendung. <a href=\"https:\/\/www.victronenergy.com.es\/panel-systems-remote-monitoring\/victronconnect\" target=\"_blank\" rel=\"noopener\">VictronConnect<\/a> und VE.Can Kommunikation zur \u00dcberwachung mit einem GX-Ger\u00e4t und dem VRM Portal.<\/li>\n<\/ul>\n<\/div>\n<div>\n<h2>Lynx Verteilersammelschiene Handbuch - LYN060102010<\/h2>\n<p><a href=\"https:\/\/fvcomponentes.com\/wp-content\/uploads\/2024\/01\/24531-Lynx_Distributor_Manual-pdf-es.pdf\" target=\"_blank\" rel=\"noopener\">Siehe Lynx Verteilerschienen-Handbuch - LYN0600102010<\/a><\/p>\n<\/div>","protected":false},"excerpt":{"rendered":"<p>Sie enth\u00e4lt eine positive und eine negative Stromschiene.<\/p>\n<p><strong>Positive Schlammlawine:<\/strong> Vier abgesicherte Anschl\u00fcsse<\/p>\n<p><strong>Negative Schlammsp\u00fclung:\u00a0<\/strong> Vier Anschl\u00fcsse und ein Erdungsanschluss.<\/p>","protected":false},"featured_media":11665,"comment_status":"closed","ping_status":"closed","template":"","meta":{"site-sidebar-layout":"default","site-content-layout":"","ast-site-content-layout":"default","site-content-style":"default","site-sidebar-style":"default","ast-global-header-display":"","ast-banner-title-visibility":"","ast-main-header-display":"","ast-hfb-above-header-display":"","ast-hfb-below-header-display":"","ast-hfb-mobile-header-display":"","site-post-title":"","ast-breadcrumbs-content":"","ast-featured-img":"","footer-sml-layout":"","ast-disable-related-posts":"","theme-transparent-header-meta":"default","adv-header-id-meta":"","stick-header-meta":"","header-above-stick-meta":"","header-main-stick-meta":"","header-below-stick-meta":"","astra-migrate-meta-layouts":"set","ast-page-background-enabled":"default","ast-page-background-meta":{"desktop":{"background-color":"var(--ast-global-color-4)","background-image":"","background-repeat":"repeat","background-position":"center center","background-size":"auto","background-attachment":"scroll","background-type":"","background-media":"","overlay-type":"","overlay-color":"","overlay-opacity":"","overlay-gradient":""},"tablet":{"background-color":"","background-image":"","background-repeat":"repeat","background-position":"center center","background-size":"auto","background-attachment":"scroll","background-type":"","background-media":"","overlay-type":"","overlay-color":"","overlay-opacity":"","overlay-gradient":""},"mobile":{"background-color":"","background-image":"","background-repeat":"repeat","background-position":"center center","background-size":"auto","background-attachment":"scroll","background-type":"","background-media":"","overlay-type":"","overlay-color":"","overlay-opacity":"","overlay-gradient":""}},"ast-content-background-meta":{"desktop":{"background-color":"var(--ast-global-color-5)","background-image":"","background-repeat":"repeat","background-position":"center center","background-size":"auto","background-attachment":"scroll","background-type":"","background-media":"","overlay-type":"","overlay-color":"","overlay-opacity":"","overlay-gradient":""},"tablet":{"background-color":"var(--ast-global-color-5)","background-image":"","background-repeat":"repeat","background-position":"center center","background-size":"auto","background-attachment":"scroll","background-type":"","background-media":"","overlay-type":"","overlay-color":"","overlay-opacity":"","overlay-gradient":""},"mobile":{"background-color":"var(--ast-global-color-5)","background-image":"","background-repeat":"repeat","background-position":"center center","background-size":"auto","background-attachment":"scroll","background-type":"","background-media":"","overlay-type":"","overlay-color":"","overlay-opacity":"","overlay-gradient":""}}},"pwb-brand":[332],"product_brand":[],"product_cat":[410,991],"product_tag":[],"class_list":{"0":"post-11662","1":"product","2":"type-product","3":"status-publish","4":"has-post-thumbnail","6":"pwb-brand-victron","7":"product_cat-material-electrico","8":"product_cat-busbar","9":"desktop-align-left","10":"tablet-align-left","11":"mobile-align-left","12":"ast-product-gallery-layout-horizontal-slider","13":"ast-product-tabs-layout-horizontal","15":"first","16":"instock","17":"taxable","18":"shipping-taxable","19":"purchasable","20":"product-type-simple"},"wcpa_form_fields":null,"brands":[{"id":332,"name":"Victron Energie","slug":"victron"}],"_links":{"self":[{"href":"https:\/\/fvcomponentes.com\/de\/wp-json\/wp\/v2\/product\/11662","targetHints":{"allow":["GET"]}}],"collection":[{"href":"https:\/\/fvcomponentes.com\/de\/wp-json\/wp\/v2\/product"}],"about":[{"href":"https:\/\/fvcomponentes.com\/de\/wp-json\/wp\/v2\/types\/product"}],"replies":[{"embeddable":true,"href":"https:\/\/fvcomponentes.com\/de\/wp-json\/wp\/v2\/comments?post=11662"}],"wp:featuredmedia":[{"embeddable":true,"href":"https:\/\/fvcomponentes.com\/de\/wp-json\/wp\/v2\/media\/11665"}],"wp:attachment":[{"href":"https:\/\/fvcomponentes.com\/de\/wp-json\/wp\/v2\/media?parent=11662"}],"wp:term":[{"taxonomy":"pwb-brand","embeddable":true,"href":"https:\/\/fvcomponentes.com\/de\/wp-json\/wp\/v2\/pwb-brand?post=11662"},{"taxonomy":"product_brand","embeddable":true,"href":"https:\/\/fvcomponentes.com\/de\/wp-json\/wp\/v2\/product_brand?post=11662"},{"taxonomy":"product_cat","embeddable":true,"href":"https:\/\/fvcomponentes.com\/de\/wp-json\/wp\/v2\/product_cat?post=11662"},{"taxonomy":"product_tag","embeddable":true,"href":"https:\/\/fvcomponentes.com\/de\/wp-json\/wp\/v2\/product_tag?post=11662"}],"curies":[{"name":"wp","href":"https:\/\/api.w.org\/{rel}","templated":true}]}}