{"id":11655,"date":"2024-01-31T08:58:28","date_gmt":"2024-01-31T07:58:28","guid":{"rendered":"https:\/\/fvcomponentes.com\/?post_type=product&#038;p=11655"},"modified":"2026-04-04T12:51:35","modified_gmt":"2026-04-04T10:51:35","slug":"victron-victron-lynx-smart-bms-1000-m10-lyn034170210","status":"publish","type":"product","link":"https:\/\/fvcomponentes.com\/de\/producto\/victron-lynx-smart-bms-1000-m10-lyn034170210\/","title":{"rendered":"Victron Lynx Smart BMS 1000 (M10) - LYN034170210"},"content":{"rendered":"<p>Das Victron Lynx Smart BMS 1000 (M10) - LYN034170210 ist ein Batteriemanagementsystem (BMS) speziell f\u00fcr Batterien.<a href=\"https:\/\/fvcomponentes.com\/de\/produktkategorie\/batterien\/12-v-lithium-batterien\/\" target=\"_blank\" rel=\"noopener\"> Victron Lithium-Batterie Smart<\/a>. Es handelt sich um Lithium-Eisen-Phosphat-Batterien (LiFePO4), die in 12,8 V oder 25,6 V und in verschiedenen Kapazit\u00e4ten erh\u00e4ltlich sind. Sie k\u00f6nnen in Reihe, parallel und in Reihe\/Parallel geschaltet werden, so dass eine Batteriebank f\u00fcr 12 V, 24 V oder 48 V Systemspannungen zusammengestellt werden kann. Die maximale Anzahl von Batterien in einem System betr\u00e4gt 20, was eine maximale Energiespeicherung von 84 kWh in einem 12-V-System und bis zu 102 kWh in einem 24-V-System1) und 48-V-System1) bedeutet.<\/p>\n<p>Unter den verschiedenen verf\u00fcgbaren BMS ist das Lynx Smart BMS die umfassendste und funktionsreichste Option und l\u00e4sst sich leicht in das Lynx-Verteilersystem integrieren.<\/p>\n<h2>Integriertes 1000-A-Sch\u00fctz<\/h2>\n<p>Das Sch\u00fctz fungiert als sekund\u00e4res Sicherheitssystem zum Schutz der Batterie f\u00fcr den Fall, dass die Hauptsteuerungen (die Kontakte ATC (Laden zulassen) und ATD (Entladen zulassen) und DVCC) die Lasten oder Ladeger\u00e4te nicht bei Bedarf deaktivieren, und ist auch als Hauptschalter des fernsteuerbaren Systems geeignet.<\/p>\n<h2>Victron Lynx Smart BMS 1000 (M10) - LYN034170210: Vorladeschaltung<\/h2>\n<p>Zus\u00e4tzlich zum Sch\u00fctz verhindert ein integrierter Vorladeschaltkreis hohe Einschaltstr\u00f6me, wenn eine kapazitive Last wie ein MultiPlus, Quattro oder ein anderer Wechselrichter angeschlossen wird, wodurch eine externe Vorladung \u00fcberfl\u00fcssig wird.<\/p>\n<h2>\u00dcberwachung und Steuerung mit Victron Lynx Smart BMS 1000 (M10) - LYN034170210<\/h2>\n<p>Sie k\u00f6nnen das Victron Lynx Smart BMS - LYN034160200 \u00fcber Bluetooth mit der VictronConnect Anwendung oder einem GX-Ger\u00e4t, wie z.B. dem <a href=\"https:\/\/fvcomponentes.com\/de\/produkt\/victron-cerbo-gx-mk2-bpp900451100-victron-cerbo-mk2-monitor\/\" target=\"_blank\" rel=\"noopener\">Victron Cerbo GX MK2 \u00dcberwachung - BPP900451100<\/a>und das VRM-Portal. Ein integrierter Batteriemonitor, der \u00e4hnlich wie die anderen Batteriemonitore von Victron Energy funktioniert, liefert Daten wie Ladezustand, Spannung, Strom, historische Daten und Echtzeit-Statusinformationen, und mit Instant Readout m\u00fcssen Sie nicht einmal eine Verbindung zum BMS herstellen, so dass Sie Diagnosen auf einen Blick erhalten.<\/p>\n<h2>Regelung DVCC und ATC\/ATD-Kontakte<\/h2>\n<p>Kompatible Victron-Wechselrichter\/Ladeger\u00e4te und Solarladeger\u00e4te werden automatisch von einem angeschlossenen GX-Ger\u00e4t und DVCC gesteuert. ATC- (Ladefreigabe)\/ATD- (Entladefreigabe)-Kontakte k\u00f6nnen zur Steuerung anderer Ladeger\u00e4te und Lasten verwendet werden, die \u00fcber einen Fernein-\/Aus-Anschluss verf\u00fcgen.<\/p>\n<h2>Victron Lynx Smart BMS 1000 (M10) - LYN034170210: Programmierbares Relais<\/h2>\n<p>Das Relais kann als Alarmrelais (zusammen mit dem Voralarm) oder zur Steuerung einer Lichtmaschine \u00fcber ihren externen Regler (Z\u00fcndkabel) verwendet werden. Im ATC-Modus der Lichtmaschine wird das Relais nur aktiviert, wenn das Sch\u00fctz geschlossen ist. Der ATC-Kontakt der Lichtmaschine \u00f6ffnet sich zuerst und dann \u00f6ffnet sich das Sch\u00fctz mit einer Verz\u00f6gerung von zwei Sekunden. Diese zwei Sekunden stellen sicher, dass die Lichtmaschine ausgeschaltet ist, bevor die Batterie vom System getrennt wird.<\/p>\n<h2>AUX-Anschluss<\/h2>\n<p>Der Vorteil der eingebauten Hilfsstromversorgung (1,1 A bei Systemspannung) besteht darin, bestimmte Verbraucher (z. B. ein GX-Ger\u00e4t) mit Strom zu versorgen, nachdem das BMS die Verbraucher aufgrund einer niedrigen Zellenspannung abgeschaltet hat. Wenn innerhalb von 5 Minuten keine Lastspannung festgestellt wird, wird das BMS, einschlie\u00dflich des AUX-Anschlusses, abgeschaltet.<\/p>\n<h2>Victron Lynx Smart BMS 1000 (M10) - LYN034170210, Datenkommunikation VE.Can und NMEA 2000<\/h2>\n<p>VE.Can erm\u00f6glicht den einfachen Anschluss (Standard-RJ45-Netzwerkkabel) und die Kommunikation mit einem GX-Ger\u00e4t. Da das CAN-Bus-Protokoll auf NMEA 2000 (und J1939) basiert, ist es einfach, es in ein nautisches Netzwerk zu integrieren und Informationen an das nautische Multifunktionsdisplay zu \u00fcbertragen (ein VE.Can zu NMEA 2000 male micro C Kabel ist erforderlich).<\/p>\n<h2>Lynx Verteiler-Sicherungs\u00fcberwachung<\/h2>\n<p>Liest den Status der Sicherungen und gibt einen Alarm aus, wenn die Sicherung durchgebrannt ist. Das Lynx Smart BMS \u00fcberwacht bis zu vier angeschlossene Lynx-Verteiler und deren Sicherungen \u00fcber VictronConnect oder ein GX-Ger\u00e4t.<br \/>\n<img fetchpriority=\"high\" decoding=\"async\" class=\"alignnone size-full wp-image-6134\" src=\"https:\/\/fvcomponentes.com\/wp-content\/uploads\/2023\/03\/Captura-6.png\" alt=\"Lynx Smart BMS Victron - LYN034160200\" width=\"800\" height=\"491\" title=\"\"><\/p>\n<h2>Das Lynx-Vertriebssystem<\/h2>\n<p>Dieses Verteilungssystem besteht aus den folgenden Elementen:<\/p>\n<ul>\n<li><a href=\"https:\/\/fvcomponentes.com\/de\/produkt\/lynx-power-in-victron-m10-lyn020102010\/\" target=\"_blank\" rel=\"noopener\"><strong>Lynx Power In<\/strong><\/a> - Eine positive und eine negative Stromschiene mit vier Anschl\u00fcssen f\u00fcr Batterien oder Gleichstromger\u00e4te.<\/li>\n<li><a href=\"https:\/\/fvcomponentes.com\/de\/produkt\/stromschiene-lynx-verteiler-m10-lyn060102010\/\" target=\"_blank\" rel=\"noopener\"><strong>Lynx-Vertriebsh\u00e4ndler<\/strong><\/a> - Eine Plus- und eine Minussammelschiene mit vier abgesicherten Anschl\u00fcssen f\u00fcr Batterien oder Gleichstromger\u00e4te sowie Sicherungs\u00fcberwachung.<\/li>\n<li><a href=\"https:\/\/fvcomponentes.com\/de\/produkt\/victron-victron-lynx-smart-bms-1000-m10-lyn034170210\/\" target=\"_blank\" rel=\"noopener\"><strong>Lynx Smart BMS<\/strong><\/a> - Zur Verwendung in Verbindung mit Victron Energy Smart Lithium-Batterien. Enth\u00e4lt eine positive Stromschiene mit einem von einem Batteriemanagementsystem (BMS) gesteuerten Sch\u00fctz und eine negative Stromschiene mit einem Shunt zur Batterie\u00fcberwachung. Es verf\u00fcgt \u00fcber Bluetooth-Kommunikation zur \u00dcberwachung und Konfiguration \u00fcber die Anwendung. <a href=\"https:\/\/www.victronenergy.com.es\/panel-systems-remote-monitoring\/victronconnect\" target=\"_blank\" rel=\"noopener\">VictronConnect<\/a> und VE.Can Kommunikation zur \u00dcberwachung mit einem GX-Ger\u00e4t und dem VRM Portal.<\/li>\n<\/ul>\n<h2>Datenblatt Victron Lynx Smart BMS 1000 (M10) - LYN034170210<\/h2>\n<p><a href=\"https:\/\/fvcomponentes.com\/wp-content\/uploads\/2024\/01\/Datasheet-Lynx-Smart-BMS-ES.pdf\" target=\"_blank\" rel=\"noopener\">Victron Lynx Smart BMS 1000 (M10) Datenblatt anzeigen - LYN034170210<\/a><\/p>","protected":false},"excerpt":{"rendered":"<p><strong>Spannungsbereich der Batterie:<\/strong> 9 - 58 VDC<br \/>\n<strong>Maximale Eingangsspannung:<\/strong> 75 VDC<br \/>\n<strong>Akzeptierte Systembelastungen:<\/strong> 12, 24 oder 48 V<\/p>","protected":false},"featured_media":11657,"comment_status":"open","ping_status":"closed","template":"","meta":{"site-sidebar-layout":"default","site-content-layout":"default","ast-site-content-layout":"default","site-content-style":"default","site-sidebar-style":"default","ast-global-header-display":"","ast-banner-title-visibility":"","ast-main-header-display":"","ast-hfb-above-header-display":"","ast-hfb-below-header-display":"","ast-hfb-mobile-header-display":"","site-post-title":"","ast-breadcrumbs-content":"","ast-featured-img":"","footer-sml-layout":"","ast-disable-related-posts":"","theme-transparent-header-meta":"default","adv-header-id-meta":"","stick-header-meta":"","header-above-stick-meta":"","header-main-stick-meta":"","header-below-stick-meta":"","astra-migrate-meta-layouts":"set","ast-page-background-enabled":"default","ast-page-background-meta":{"desktop":{"background-color":"var(--ast-global-color-4)","background-image":"","background-repeat":"repeat","background-position":"center center","background-size":"auto","background-attachment":"scroll","background-type":"","background-media":"","overlay-type":"","overlay-color":"","overlay-opacity":"","overlay-gradient":""},"tablet":{"background-color":"","background-image":"","background-repeat":"repeat","background-position":"center center","background-size":"auto","background-attachment":"scroll","background-type":"","background-media":"","overlay-type":"","overlay-color":"","overlay-opacity":"","overlay-gradient":""},"mobile":{"background-color":"","background-image":"","background-repeat":"repeat","background-position":"center center","background-size":"auto","background-attachment":"scroll","background-type":"","background-media":"","overlay-type":"","overlay-color":"","overlay-opacity":"","overlay-gradient":""}},"ast-content-background-meta":{"desktop":{"background-color":"var(--ast-global-color-5)","background-image":"","background-repeat":"repeat","background-position":"center center","background-size":"auto","background-attachment":"scroll","background-type":"","background-media":"","overlay-type":"","overlay-color":"","overlay-opacity":"","overlay-gradient":""},"tablet":{"background-color":"var(--ast-global-color-5)","background-image":"","background-repeat":"repeat","background-position":"center center","background-size":"auto","background-attachment":"scroll","background-type":"","background-media":"","overlay-type":"","overlay-color":"","overlay-opacity":"","overlay-gradient":""},"mobile":{"background-color":"var(--ast-global-color-5)","background-image":"","background-repeat":"repeat","background-position":"center center","background-size":"auto","background-attachment":"scroll","background-type":"","background-media":"","overlay-type":"","overlay-color":"","overlay-opacity":"","overlay-gradient":""}}},"pwb-brand":[332],"product_brand":[],"product_cat":[435,391,340,933],"product_tag":[],"class_list":{"0":"post-11655","1":"product","2":"type-product","3":"status-publish","4":"has-post-thumbnail","6":"pwb-brand-victron","7":"product_cat-bms-sistemas-de-supervision-de-baterias","8":"product_cat-accesorios-para-baterias","9":"product_cat-baterias","10":"product_cat-monitores-de-baterias","11":"desktop-align-left","12":"tablet-align-left","13":"mobile-align-left","14":"ast-product-gallery-layout-horizontal-slider","15":"ast-product-tabs-layout-horizontal","17":"first","18":"instock","19":"taxable","20":"shipping-taxable","21":"purchasable","22":"product-type-simple"},"wcpa_form_fields":null,"brands":[{"id":332,"name":"Victron Energie","slug":"victron"}],"_links":{"self":[{"href":"https:\/\/fvcomponentes.com\/de\/wp-json\/wp\/v2\/product\/11655","targetHints":{"allow":["GET"]}}],"collection":[{"href":"https:\/\/fvcomponentes.com\/de\/wp-json\/wp\/v2\/product"}],"about":[{"href":"https:\/\/fvcomponentes.com\/de\/wp-json\/wp\/v2\/types\/product"}],"replies":[{"embeddable":true,"href":"https:\/\/fvcomponentes.com\/de\/wp-json\/wp\/v2\/comments?post=11655"}],"wp:featuredmedia":[{"embeddable":true,"href":"https:\/\/fvcomponentes.com\/de\/wp-json\/wp\/v2\/media\/11657"}],"wp:attachment":[{"href":"https:\/\/fvcomponentes.com\/de\/wp-json\/wp\/v2\/media?parent=11655"}],"wp:term":[{"taxonomy":"pwb-brand","embeddable":true,"href":"https:\/\/fvcomponentes.com\/de\/wp-json\/wp\/v2\/pwb-brand?post=11655"},{"taxonomy":"product_brand","embeddable":true,"href":"https:\/\/fvcomponentes.com\/de\/wp-json\/wp\/v2\/product_brand?post=11655"},{"taxonomy":"product_cat","embeddable":true,"href":"https:\/\/fvcomponentes.com\/de\/wp-json\/wp\/v2\/product_cat?post=11655"},{"taxonomy":"product_tag","embeddable":true,"href":"https:\/\/fvcomponentes.com\/de\/wp-json\/wp\/v2\/product_tag?post=11655"}],"curies":[{"name":"wp","href":"https:\/\/api.w.org\/{rel}","templated":true}]}}