{"id":11463,"date":"2024-01-23T10:34:21","date_gmt":"2024-01-23T09:34:21","guid":{"rendered":"https:\/\/fvcomponentes.com\/?post_type=product&#038;p=11463"},"modified":"2026-04-08T21:36:33","modified_gmt":"2026-04-08T19:36:33","slug":"wechselrichter-lader-victron-multiplus-compact-24-1600-40-16-cmp241620000","status":"publish","type":"product","link":"https:\/\/fvcomponentes.com\/de\/producto\/inversor-cargador-victron-multiplus-compact-24-1600-40-16-cmp241620000\/","title":{"rendered":"Wechselrichter Ladeger\u00e4t 24V Victron MultiPlus Compact 24\/1600\/40A-16A \u2013 CMP242160000"},"content":{"rendered":"<h2>Wechselrichter-Ladeger\u00e4t Victron MultiPlus Compact 24\/1600\/40-16 \u2013 CMP242160000<\/h2>\n<p>Der Wechselrichter\/Ladeger\u00e4t Victron MultiPlus Compact 24\/1600\/40-16 \u2013 CMP242160000 vereint in einem einzigen kompakten Geh\u00e4use einen leistungsstarken Sinus-Wechselrichter, ein hochentwickeltes Batterieladeger\u00e4t mit adaptiver Technologie und einen Hochgeschwindigkeits-Wechselstrom-Umschalter.<\/p>\n<h2>Eigenschaften des Wechselrichters\/Ladeger\u00e4ts Victron MultiPlus Compact 24\/1600\/40-16 \u2013 CMP242160000:<\/h2>\n<h3>Zwei AC-Ausg\u00e4nge<\/h3>\n<p>Der Hauptausgang hat eine \"No-Break\"-Funktion. Der MultiPlus \u00fcbernimmt die Versorgung der angeschlossenen Verbraucher im Falle eines Stromausfalls oder einer Netz-\/Generatorunterbrechung. Dies geschieht so schnell (weniger als 20 Millisekunden), dass Computer und andere elektronische Ger\u00e4te ohne Unterbrechung weiterarbeiten.<br \/>\nDer zweite Ausgang ist nur aktiv, wenn einer der MultiPlus-Eing\u00e4nge mit Wechselstrom versorgt wird. An diesen Ausgang k\u00f6nnen Ger\u00e4te angeschlossen werden, die die Batterie nicht entladen sollen, wie z. B. ein Warmwasserbereiter (zweiter Ausgang verf\u00fcgbar bei Modellen mit einer Nennleistung von 3 kVA oder mehr).<\/p>\n<h3>Praktisch unbegrenzte Leistung durch Parallelbetrieb<\/h3>\n<p>Bis zu 6 Multis k\u00f6nnen parallel betrieben werden, um eine h\u00f6here Ausgangsleistung und Belastung zu erreichen.<\/p>\n<h2>Wechselrichter-Ladeger\u00e4t Victron MultiPlus Compact 24\/1600\/40-16 \u2013 CMP242160000: Dreiphasiger Betrieb m\u00f6glich<\/h2>\n<p>Zus\u00e4tzlich zur Parallelschaltung k\u00f6nnen drei Ger\u00e4te desselben Modells f\u00fcr einen dreiphasigen Ausgang konfiguriert werden. Aber das ist noch nicht alles: Es k\u00f6nnen bis zu 6 S\u00e4tze von drei Ger\u00e4ten parallel geschaltet werden.<\/p>\n<h3>PowerControl - Begrenzte Leistung von Generator, Ponton oder Netz<\/h3>\n<p>Das Multi ist ein sehr leistungsstarkes Batterieladeger\u00e4t. Daher verbraucht es viel Strom aus dem Generator- oder Ponton-Netz (fast 10 A pro 5kVA Multi bei 230 VAC). Ein maximaler Strom vom Generator oder Ponton kann auf dem Multi Control Panel eingestellt werden. Der MultiPlus ber\u00fccksichtigt die anderen AC-Lasten und verwendet den \u00fcbersch\u00fcssigen Strom f\u00fcr die Last, wodurch eine \u00dcberlastung des Generators oder des Ponton-Netzes vermieden wird.<\/p>\n<h3>PowerAssist - Erh\u00f6hte elektrische Kapazit\u00e4t von Docks oder Generatoren<\/h3>\n<p>Diese Funktion hebt das PowerControl-Prinzip auf eine neue Ebene. Sie erm\u00f6glicht es dem MultiPlus, die Leistung der alternativen Quelle zu erg\u00e4nzen. Wenn f\u00fcr einen kurzen Zeitraum eine Leistungsspitze ben\u00f6tigt wird, was h\u00e4ufig der Fall ist, gleicht MultiPlus die m\u00f6glicherweise fehlende Leistung des Pontonstroms oder des Generators sofort mit Leistung aus der Batterie aus.<\/p>\n<h2>Wechselrichter-Ladeger\u00e4t Victron MultiPlus Compact 24\/1600\/40-16 \u2013 CMP242160000: Vierstufiges variables Ladeger\u00e4t und Ladung von doppelten Batterieb\u00e4nken<\/h2>\n<p>\u00dcber den Hauptausgang wird das Batteriesystem mit Hilfe einer fortschrittlichen \"variablen Ladesoftware\" kr\u00e4ftig geladen. Die Software passt den automatischen dreistufigen Prozess an die Batteriebedingungen an und f\u00fcgt eine vierte Stufe f\u00fcr l\u00e4ngere Zeitr\u00e4ume mit langsamer Ladung hinzu.<\/p>\n<p>Dar\u00fcber hinaus kann das MultiPlus eine zweite Batterie aufladen.<\/p>\n<p>Der Multiplus ist mit Lithium-Batterien kompatibel.<\/p>\n<h3>Die Systemkonfiguration k\u00f6nnte nicht einfacher sein<\/h3>\n<p>Nach der Installation ist das MultiPlus betriebsbereit.<\/p>\n<h3>\u00dcberwachung und Kontrolle vor Ort<\/h3>\n<p>Es stehen mehrere Optionen zur Verf\u00fcgung: Battery Monitor, Multi Control Panel, Color Control GX und andere Ger\u00e4te, Smartphone oder Tablet (Bluetooth Smart), Laptop oder Computer (USB oder RS232).<br \/>\nFern\u00fcberwachung und -steuerung<\/p>\n<h3>Colour Control GX und andere Ger\u00e4te.<\/h3>\n<p>Die Daten k\u00f6nnen kostenlos auf der VRM-Website (Victron Remote Management) gespeichert und angezeigt werden.<\/p>\n<h3>Fernkonfiguration<\/h3>\n<p>Mit einem Color Control GX und anderen Ger\u00e4ten, die mit dem Ethernet verbunden sind, kann auf Daten zugegriffen und k\u00f6nnen Systemeinstellungen ge\u00e4ndert werden.<\/p>\n<p><img fetchpriority=\"high\" decoding=\"async\" class=\"alignnone size-full wp-image-11465\" src=\"https:\/\/fvcomponentes.com\/wp-content\/uploads\/2024\/01\/Inversor-Cargador-Victron-MultiPlus-Compact-24-1600-40-16-CMP241620000.png\" alt=\"https:\/\/fvcomponentes.com\/wp-content\/uploads\/2024\/01\/Inversor-Cargador-Victron-MultiPlus-Compact-24-1600-40-16-CMP241620000.png\" width=\"1328\" height=\"606\" title=\"\"><\/p>\n<h3>Technisches Datenblatt des Wechselrichters Victron MultiPlus Compact 24\/1600\/40-16 \u2013 CMP242160000<\/h3>\n<p><a href=\"https:\/\/fvcomponentes.com\/wp-content\/uploads\/2024\/01\/Datasheet-MultiPlus-inverter-charger-800VA-5kVA-ES.pdf\" target=\"_blank\" rel=\"noopener\">Technisches Datenblatt anzeigen Wechselrichter-Ladeger\u00e4t Victron MultiPlus Compact 24\/1600\/40-16 \u2013 CMP242160000<\/a><\/p>","protected":false},"excerpt":{"rendered":"<ul class=\"specification\">\n<li><strong>Kontinuierliche Leistungsabgabe bei 25\u00ba: <\/strong>1600VA<\/li>\n<li><strong>Wechselrichter-Spitzenleistung: <\/strong>3000W<\/li>\n<li><strong>Betriebsspannung des Wechselrichters:<\/strong> 24V<\/li>\n<li><strong>Ladestrom: <\/strong>40A<\/li>\n<\/ul>","protected":false},"featured_media":11471,"comment_status":"closed","ping_status":"closed","template":"","meta":{"site-sidebar-layout":"default","site-content-layout":"","ast-site-content-layout":"default","site-content-style":"default","site-sidebar-style":"default","ast-global-header-display":"","ast-banner-title-visibility":"","ast-main-header-display":"","ast-hfb-above-header-display":"","ast-hfb-below-header-display":"","ast-hfb-mobile-header-display":"","site-post-title":"","ast-breadcrumbs-content":"","ast-featured-img":"","footer-sml-layout":"","ast-disable-related-posts":"","theme-transparent-header-meta":"default","adv-header-id-meta":"","stick-header-meta":"","header-above-stick-meta":"","header-main-stick-meta":"","header-below-stick-meta":"","astra-migrate-meta-layouts":"set","ast-page-background-enabled":"default","ast-page-background-meta":{"desktop":{"background-color":"var(--ast-global-color-4)","background-image":"","background-repeat":"repeat","background-position":"center center","background-size":"auto","background-attachment":"scroll","background-type":"","background-media":"","overlay-type":"","overlay-color":"","overlay-opacity":"","overlay-gradient":""},"tablet":{"background-color":"","background-image":"","background-repeat":"repeat","background-position":"center center","background-size":"auto","background-attachment":"scroll","background-type":"","background-media":"","overlay-type":"","overlay-color":"","overlay-opacity":"","overlay-gradient":""},"mobile":{"background-color":"","background-image":"","background-repeat":"repeat","background-position":"center center","background-size":"auto","background-attachment":"scroll","background-type":"","background-media":"","overlay-type":"","overlay-color":"","overlay-opacity":"","overlay-gradient":""}},"ast-content-background-meta":{"desktop":{"background-color":"var(--ast-global-color-5)","background-image":"","background-repeat":"repeat","background-position":"center center","background-size":"auto","background-attachment":"scroll","background-type":"","background-media":"","overlay-type":"","overlay-color":"","overlay-opacity":"","overlay-gradient":""},"tablet":{"background-color":"var(--ast-global-color-5)","background-image":"","background-repeat":"repeat","background-position":"center center","background-size":"auto","background-attachment":"scroll","background-type":"","background-media":"","overlay-type":"","overlay-color":"","overlay-opacity":"","overlay-gradient":""},"mobile":{"background-color":"var(--ast-global-color-5)","background-image":"","background-repeat":"repeat","background-position":"center center","background-size":"auto","background-attachment":"scroll","background-type":"","background-media":"","overlay-type":"","overlay-color":"","overlay-opacity":"","overlay-gradient":""}}},"pwb-brand":[332],"product_brand":[],"product_cat":[333,390],"product_tag":[],"class_list":{"0":"post-11463","1":"product","2":"type-product","3":"status-publish","4":"has-post-thumbnail","6":"pwb-brand-victron","7":"product_cat-inversores","8":"product_cat-inversores-cargadores-24v","9":"desktop-align-left","10":"tablet-align-left","11":"mobile-align-left","12":"ast-product-gallery-layout-horizontal-slider","13":"ast-product-gallery-with-no-image","14":"ast-product-tabs-layout-horizontal","16":"first","17":"instock","18":"taxable","19":"shipping-taxable","20":"purchasable","21":"product-type-simple"},"wcpa_form_fields":null,"brands":[{"id":332,"name":"Victron Energie","slug":"victron"}],"_links":{"self":[{"href":"https:\/\/fvcomponentes.com\/de\/wp-json\/wp\/v2\/product\/11463","targetHints":{"allow":["GET"]}}],"collection":[{"href":"https:\/\/fvcomponentes.com\/de\/wp-json\/wp\/v2\/product"}],"about":[{"href":"https:\/\/fvcomponentes.com\/de\/wp-json\/wp\/v2\/types\/product"}],"replies":[{"embeddable":true,"href":"https:\/\/fvcomponentes.com\/de\/wp-json\/wp\/v2\/comments?post=11463"}],"wp:featuredmedia":[{"embeddable":true,"href":"https:\/\/fvcomponentes.com\/de\/wp-json\/wp\/v2\/media\/11471"}],"wp:attachment":[{"href":"https:\/\/fvcomponentes.com\/de\/wp-json\/wp\/v2\/media?parent=11463"}],"wp:term":[{"taxonomy":"pwb-brand","embeddable":true,"href":"https:\/\/fvcomponentes.com\/de\/wp-json\/wp\/v2\/pwb-brand?post=11463"},{"taxonomy":"product_brand","embeddable":true,"href":"https:\/\/fvcomponentes.com\/de\/wp-json\/wp\/v2\/product_brand?post=11463"},{"taxonomy":"product_cat","embeddable":true,"href":"https:\/\/fvcomponentes.com\/de\/wp-json\/wp\/v2\/product_cat?post=11463"},{"taxonomy":"product_tag","embeddable":true,"href":"https:\/\/fvcomponentes.com\/de\/wp-json\/wp\/v2\/product_tag?post=11463"}],"curies":[{"name":"wp","href":"https:\/\/api.w.org\/{rel}","templated":true}]}}