{"id":11423,"date":"2024-01-22T18:20:47","date_gmt":"2024-01-22T17:20:47","guid":{"rendered":"https:\/\/fvcomponentes.com\/?post_type=product&#038;p=11423"},"modified":"2026-01-15T10:09:06","modified_gmt":"2026-01-15T09:09:06","slug":"victron-orion-xs-12-12-50a-ori121217050-victron-orion-xs-12-12-50a-steuerkonverter","status":"publish","type":"product","link":"https:\/\/fvcomponentes.com\/de\/producto\/convertidor-booster-victron-orion-xs-12-12-50a-ori121217050\/","title":{"rendered":"Victron Orion XS 12\/12-50A- ORI121217050 Verst\u00e4rkerwandler"},"content":{"rendered":"<h2>Wandler Victron Orion XS 12\/12-50A- ORI121217050<\/h2>\n<div>Der von Grund auf neu entwickelte Victron Orion XS 12\/12-50A- ORI121217050 Victron Orion Converter revolutioniert das adaptive DC-DC-Laden. F\u00fcr den Einsatz in Doppelbatteriesystemen, die mit einer (intelligenten) Lichtmaschine geladen werden. Dieses Ger\u00e4t sorgt nicht nur f\u00fcr erstklassige Leistungen, sondern garantiert auch die Sicherheit des Systems.<\/div>\n<div>Mit konfigurierbaren Eingangs- und Ausgangsstr\u00f6men behalten Sie die Kontrolle und k\u00f6nnen sicher sein, dass der Orion XS bis zu 40 \u00b0C mit voller Leistung arbeitet. Die innovative Aluminium-Leiterplatten-K\u00fchltechnologie sorgt f\u00fcr einen erstaunlichen Wirkungsgrad von 98 %, ohne dass L\u00fcfter erforderlich sind.<\/div>\n<div>Als integraler Bestandteil des Victron-Systems bietet der Orion XS vollst\u00e4ndige (Fern-)\u00dcberwachungs- und Steuerungsfunktionen, die eine vollst\u00e4ndige Kontrolle \u00fcber das Ger\u00e4t und Ihr System erm\u00f6glichen:<\/div>\n<ul>\n<li>Vollst\u00e4ndig konfigurierbar<\/li>\n<li>Erkennung der Motorabschaltung<\/li>\n<li>Intelligente Ladealgorithmen<\/li>\n<li>Arbeitet mit VictronConnect<\/li>\n<li>Optionale Fern\u00fcberwachung<\/li>\n<\/ul>\n<h3>Victron Orion XS 12\/12-50A- ORI121217050 Wandler: <span class=\"productDetails__block-title-content\">Konfigurierbarer Ladevorgang<\/span><\/h3>\n<div class=\"productDetails__block-description\">\n<div>\n<p>Er regelt den Eingangs- und Ausgangsstrom pr\u00e4zise \u00fcber einfache Bedienelemente. Dies hilft, die Generatoren vor \u00dcberlastung zu sch\u00fctzen und die Hilfsbatterie korrekt zu laden, insbesondere bei intelligenten Generatoren.<\/p>\n<\/div>\n<h3>Einstellbarer Ladestrom<\/h3>\n<p>Der Ladestrom kann \u00fcber VictronConnect in Mindestschritten von 0,1 A eingestellt werden.<\/p>\n<div>\n<h3 class=\"productDetails__block-title\"><span class=\"productDetails__block-title-content\">Parallelschaltung zur Erh\u00f6hung des Ausgangsstroms<\/span><\/h3>\n<div class=\"productDetails__block-description\">\n<div>Eine unbegrenzte Anzahl von Orion XS-Ger\u00e4ten kann parallel angeschlossen werden. Es ist sehr einfach, den Ausgangsstrom an die Anforderungen Ihres Systems anzupassen.<\/div>\n<div><\/div>\n<\/div>\n<div>\n<h3>Victron Orion XS 12\/12-50A- ORI121217040 Wandler:\u00a0<span class=\"productDetails__block-title-content\">Kompatibilit\u00e4t mit smart alternator<\/span><\/h3>\n<div class=\"productDetails__block-description\">\n<div>Mit seiner integrierten Motorlauferkennung stellt das Orion XS sicher, dass das Ladeger\u00e4t nur dann Strom bezieht, wenn der Motor l\u00e4uft. Es hilft auch dabei, einen angemessenen Ladestrom von intelligenten Lichtmaschinen zu erhalten, wie z.B. von Euro 5 und Euro 6 Motoren.<\/div>\n<div><\/div>\n<\/div>\n<div>\n<h3 class=\"productDetails__block-title\"><span class=\"productDetails__block-title-content\">Adaptiver Ladealgorithmus<\/span><\/h3>\n<div class=\"productDetails__block-description\">\n<div>Der Orion XS verf\u00fcgt \u00fcber adaptive Ladealgorithmen und acht vorkonfigurierte Batteriemodi. Bei Blei-S\u00e4ure-Batterien sorgen diese Einstellungen f\u00fcr optimale Absorptionszeiten sowohl bei flachen als auch bei tiefen Entladungen.<\/div>\n<\/div>\n<\/div>\n<div>\n<h3><\/h3>\n<h3 class=\"productDetails__block-title\"><span class=\"productDetails__block-title-content\">Vollst\u00e4ndiger elektronischer Schutz<\/span><\/h3>\n<div class=\"productDetails__block-description\">\n<div>Der Orion XS ist mit einem umfassenden elektronischen Schutz gegen \u00dcberlast, Kurzschluss und \u00dcbertemperatur ausgestattet. Er reduziert automatisch die Ausgangsleistung, wenn die maximale Produkttemperatur erreicht ist.<\/div>\n<div><\/div>\n<\/div>\n<div>\n<h3 class=\"productDetails__block-title\"><span class=\"productDetails__block-title-content\">Abschaltung bei niedriger Temperatur und Unterspannungsschutz<\/span><\/h3>\n<div class=\"productDetails__block-description\">Um Sch\u00e4den an den Lithiumbatterien zu vermeiden, schaltet sich das Ladeger\u00e4t bei niedrigen Temperaturen automatisch ab. Es schaltet sich auch ab, wenn die Eingangsspannung unter einen vom Benutzer konfigurierbaren Sperrwert f\u00e4llt, und startet wieder, wenn die Eingangsspannung \u00fcber den Wiedereinschaltwert steigt, wodurch die Eingangsquelle, d. h. die Starterbatterie, vor Tiefentladung gesch\u00fctzt wird.<\/div>\n<div><\/div>\n<h3>Fernbedienung ein\/aus<\/h3>\n<p>Der Orion XS kann aus der Ferne \u00fcber den Fernbedienungsanschluss oder die VictronConnect App ein- und ausgeschaltet werden. Die g\u00e4ngigsten Anwendungen beinhalten in der Regel eine kabelgebundene Verbindung zu einem Schalter oder einem Batteriemanagementsystem (BMS).<\/p>\n<\/div>\n<\/div>\n<h2>Victron Orion XS 12\/12-50A- ORI121217050 Konverter: Bluetooth Smart aktiviert<\/h2>\n<p>Integriertes Bluetooth Smart: Die drahtlose L\u00f6sung zum \u00c4ndern von Einstellungen, \u00dcberwachen von Aktivit\u00e4ten und Aktualisieren der Orion XS-Software mit einem Smartphone, Tablet oder einem anderen Apple- oder Android-Ger\u00e4t. Mit der App<a href=\"https:\/\/www.victronenergy.com.es\/victronconnectapp\/victronconnect\" target=\"_blank\" rel=\"noopener\"> VictronConnect<\/a> k\u00f6nnen verschiedene Parameter eingestellt werden.<br \/>\nSofortige Ablesung: Die VictronConnect App kann die wichtigsten Daten, einschlie\u00dflich Warnungen und Alarme, auf der Ger\u00e4telistenseite anzeigen, ohne dass eine Verbindung zum Produkt erforderlich ist.<\/p>\n<h3 style=\"font-style: normal;\"><img fetchpriority=\"high\" decoding=\"async\" class=\"alignnone size-full wp-image-11430\" style=\"font-size: 1.5em;\" src=\"https:\/\/fvcomponentes.com\/wp-content\/uploads\/2024\/01\/Esquema-Convertidor-Victron-Orion-XS-12-12-50A-ORI121217040.png\" alt=\"\" width=\"1154\" height=\"656\" title=\"\"><\/h3>\n<h3>VE.Direktanschluss<\/h3>\n<p>F\u00fcr eine kabelgebundene Verbindung zu einem GX-Ger\u00e4t, wie z. B. dem <a href=\"https:\/\/fvcomponentes.com\/de\/produkt\/victron-cerbo-gx-mk2-bpp900451100-victron-cerbo-mk2-monitor\/\" target=\"_blank\" rel=\"noopener\">Victron Cerbo GX MK2 \u00dcberwachung - BPP900451100<\/a>\u00a0oder den Ekrano GX, an einen PC oder andere Ger\u00e4te. Erm\u00f6glicht die \u00dcberwachung, Steuerung und erweiterte Diagnose von \u00fcberall aus (erfordert ein mit dem Internet verbundenes GX-Ger\u00e4t und ein VRM-Portal) oder lokal \u00fcber die Remote-Konsole.<\/p>\n<div>\n<div>\n<div>\n<h3 class=\"productDetails__block-title\"><span class=\"productDetails__block-title-content\">Schutz vor Staub und Wasser<\/span><\/h3>\n<div class=\"productDetails__block-description\">Der Orion XS ist staub- und wassergesch\u00fctzt und entspricht der Schutzart IP65.<\/div>\n<\/div>\n<div><\/div>\n<h3>Datenblatt Victron Orion XS 12\/12-50A- ORI121217050 Wandler<\/h3>\n<p><a href=\"https:\/\/fvcomponentes.com\/wp-content\/uploads\/2024\/01\/Datasheet-Orion-XS-12-12-50A-DC-DC-battery-charger-ES.pdf\" target=\"_blank\" rel=\"noopener\">Victron Orion XS 12\/12-50A-ORI121217050 Wandler Datenblatt anzeigen <\/a><\/p>\n<\/div>\n<\/div>\n<\/div>\n<\/div>\n<\/div>","protected":false},"excerpt":{"rendered":"<ul>\n<li><span style=\"color: #99cc00;\"><strong>Bluetooth-Ger\u00e4te<\/strong><\/span><\/li>\n<li><strong>Konverter-Ladeger\u00e4t<\/strong><\/li>\n<li><strong>Nennlaststrom:<\/strong> 50 A<\/li>\n<li><strong>Eingangsspannung:<\/strong> 9-17 V<\/li>\n<li><strong>Einstellbare Ausgangsspannung:<\/strong> 10-17 V<\/li>\n<li><strong>Schutzklasse:<\/strong>\u00a0 IP65<\/li>\n<\/ul>","protected":false},"featured_media":11425,"comment_status":"open","ping_status":"closed","template":"","meta":{"site-sidebar-layout":"default","site-content-layout":"","ast-site-content-layout":"default","site-content-style":"default","site-sidebar-style":"default","ast-global-header-display":"","ast-banner-title-visibility":"","ast-main-header-display":"","ast-hfb-above-header-display":"","ast-hfb-below-header-display":"","ast-hfb-mobile-header-display":"","site-post-title":"","ast-breadcrumbs-content":"","ast-featured-img":"","footer-sml-layout":"","ast-disable-related-posts":"","theme-transparent-header-meta":"default","adv-header-id-meta":"","stick-header-meta":"","header-above-stick-meta":"","header-main-stick-meta":"","header-below-stick-meta":"","astra-migrate-meta-layouts":"set","ast-page-background-enabled":"default","ast-page-background-meta":{"desktop":{"background-color":"var(--ast-global-color-4)","background-image":"","background-repeat":"repeat","background-position":"center center","background-size":"auto","background-attachment":"scroll","background-type":"","background-media":"","overlay-type":"","overlay-color":"","overlay-opacity":"","overlay-gradient":""},"tablet":{"background-color":"","background-image":"","background-repeat":"repeat","background-position":"center center","background-size":"auto","background-attachment":"scroll","background-type":"","background-media":"","overlay-type":"","overlay-color":"","overlay-opacity":"","overlay-gradient":""},"mobile":{"background-color":"","background-image":"","background-repeat":"repeat","background-position":"center center","background-size":"auto","background-attachment":"scroll","background-type":"","background-media":"","overlay-type":"","overlay-color":"","overlay-opacity":"","overlay-gradient":""}},"ast-content-background-meta":{"desktop":{"background-color":"var(--ast-global-color-5)","background-image":"","background-repeat":"repeat","background-position":"center center","background-size":"auto","background-attachment":"scroll","background-type":"","background-media":"","overlay-type":"","overlay-color":"","overlay-opacity":"","overlay-gradient":""},"tablet":{"background-color":"var(--ast-global-color-5)","background-image":"","background-repeat":"repeat","background-position":"center center","background-size":"auto","background-attachment":"scroll","background-type":"","background-media":"","overlay-type":"","overlay-color":"","overlay-opacity":"","overlay-gradient":""},"mobile":{"background-color":"var(--ast-global-color-5)","background-image":"","background-repeat":"repeat","background-position":"center center","background-size":"auto","background-attachment":"scroll","background-type":"","background-media":"","overlay-type":"","overlay-color":"","overlay-opacity":"","overlay-gradient":""}}},"pwb-brand":[332],"product_brand":[],"product_cat":[898,419,865],"product_tag":[],"class_list":{"0":"post-11423","1":"product","2":"type-product","3":"status-publish","4":"has-post-thumbnail","6":"pwb-brand-victron","7":"product_cat-12v-12v","8":"product_cat-cargadores-de-baterias","9":"product_cat-convertidores","10":"desktop-align-left","11":"tablet-align-left","12":"mobile-align-left","13":"ast-product-gallery-layout-horizontal-slider","14":"ast-product-tabs-layout-horizontal","16":"first","17":"instock","18":"featured","19":"taxable","20":"shipping-taxable","21":"purchasable","22":"product-type-simple"},"wcpa_form_fields":null,"brands":[{"id":332,"name":"Victron Energie","slug":"victron"}],"_links":{"self":[{"href":"https:\/\/fvcomponentes.com\/de\/wp-json\/wp\/v2\/product\/11423","targetHints":{"allow":["GET"]}}],"collection":[{"href":"https:\/\/fvcomponentes.com\/de\/wp-json\/wp\/v2\/product"}],"about":[{"href":"https:\/\/fvcomponentes.com\/de\/wp-json\/wp\/v2\/types\/product"}],"replies":[{"embeddable":true,"href":"https:\/\/fvcomponentes.com\/de\/wp-json\/wp\/v2\/comments?post=11423"}],"wp:featuredmedia":[{"embeddable":true,"href":"https:\/\/fvcomponentes.com\/de\/wp-json\/wp\/v2\/media\/11425"}],"wp:attachment":[{"href":"https:\/\/fvcomponentes.com\/de\/wp-json\/wp\/v2\/media?parent=11423"}],"wp:term":[{"taxonomy":"pwb-brand","embeddable":true,"href":"https:\/\/fvcomponentes.com\/de\/wp-json\/wp\/v2\/pwb-brand?post=11423"},{"taxonomy":"product_brand","embeddable":true,"href":"https:\/\/fvcomponentes.com\/de\/wp-json\/wp\/v2\/product_brand?post=11423"},{"taxonomy":"product_cat","embeddable":true,"href":"https:\/\/fvcomponentes.com\/de\/wp-json\/wp\/v2\/product_cat?post=11423"},{"taxonomy":"product_tag","embeddable":true,"href":"https:\/\/fvcomponentes.com\/de\/wp-json\/wp\/v2\/product_tag?post=11423"}],"curies":[{"name":"wp","href":"https:\/\/api.w.org\/{rel}","templated":true}]}}