{"id":11045,"date":"2023-12-28T13:11:06","date_gmt":"2023-12-28T12:11:06","guid":{"rendered":"https:\/\/fvcomponentes.com\/?post_type=product&#038;p=11045"},"modified":"2026-04-04T12:52:23","modified_gmt":"2026-04-04T10:52:23","slug":"wechselrichter-victron-multiplus-ii-48-10000va-48v-140-100a-pmp483105000","status":"publish","type":"product","link":"https:\/\/fvcomponentes.com\/de\/producto\/inversor-victron-multiplus-ii-48-10000va-48v-140-100a-pmp483105000\/","title":{"rendered":"Wechselrichter-Ladeger\u00e4t 48V Victron MultiPlus II 48\/10000VA 48V 140A-100A - PMP483105000"},"content":{"rendered":"<h2>Eigenschaften des Victron MultiPlus II Wechselrichters 48\/10000VA 48V 140-100A - PMP483105000<\/h2>\n<p>Der Victron Multiplus II Wechselrichter 48V 10000VA 140-100A ist ein fortschrittliches Ger\u00e4t f\u00fcr unsere Photovoltaikanlage, das es uns erm\u00f6glicht, ein hybrides Eigenverbrauchssystem mit Akkumulation und mit voller Betriebsgarantie zu haben. Wie die gesamte Victron MultiPlus-Reihe ist auch diese MultiPlus II-Familie ein Wechselrichter mit einem multifunktionalen Ladeger\u00e4t, das \u00fcber zahlreiche Funktionen verf\u00fcgt <strong>elektrische Zertifizierungen aus einer Vielzahl von L\u00e4ndern, die es f\u00fcr den Einsatz als netzgekoppeltes Energiespeichersystem (ESS) qualifizieren.<\/strong>. Das Modell MultiPlus II, fr\u00fcher bekannt als MultiGrid II, verf\u00fcgt au\u00dferdem \u00fcber einen Inselbildungsschutz und die Funktionen Victron PowerControl und PowerAssist.<\/p>\n<p>Das Victron Multiplus II 48V 10000VA 140-100A Solarwechselrichter-Ladeger\u00e4t ist dank des fortschrittlichen Designs seiner Leistungsstufe ein Garant f\u00fcr Zuverl\u00e4ssigkeit und Stabilit\u00e4t.<\/p>\n<p>Der Victron Multiplus II Wechselrichter 48V 10000VA 140-100A bietet eine Ausgangsleistung von bis zu 10000VA aus dem Wechselrichter selbst, obwohl er dank seiner PowerAssist-Funktion mehr Ausgangsleistung liefern kann, indem er Energie aus dem AC-Eingang und auch aus den Batterien hinzuf\u00fcgt, um den externen Netzeingang nicht zu \u00fcberlasten. Er arbeitet mit 48V-Batterien und verf\u00fcgt \u00fcber ein internes 140A-Batterieladeger\u00e4t.<\/p>\n<p>Dank seiner Funktion als USV ist es in der Lage, eine unterbrechungsfreie Stromversorgung zu bieten, da die Umschaltung sehr schnell erfolgt, so dass der kritische Verbrauch nicht beeintr\u00e4chtigt wird. Wie der Rest der MultiPlus-Familie ist es dank seiner F\u00e4higkeit, mit bis zu 6 Einheiten parallel zu arbeiten, sehr erweiterungsf\u00e4hig. Es ist auch m\u00f6glich, ihn in einem dreiphasigen Netz zu verwenden, indem man ein Ger\u00e4t pro Phase installiert, wobei auch ein Parallelbetrieb innerhalb der Phasen selbst m\u00f6glich ist.<\/p>\n<h2>Betrieb des Victron MultiPlus II 48\/10000VA 48V 140-100A Wechselrichters - PMP483105000<\/h2>\n<p>Der MultiPlus II-Wechselrichter kann in allen g\u00e4ngigen Energiespeichertopologien betrieben werden. Ein Stromsensor ist als Option erh\u00e4ltlich, um den AC-Eingang entsprechend unseren Bed\u00fcrfnissen zu begrenzen, da die \u00dcbertragungs- und Lastleistung des MultiPlus II zu hoch f\u00fcr den verf\u00fcgbaren Strom sein kann. Die gebr\u00e4uchlichste Anwendung f\u00fcr diesen Wechselrichtertyp ist wie folgt:<\/p>\n<p class=\"clear-block\"><img decoding=\"async\" class=\"left-align\" title=\"MultiPlus II als USV in Anwendungen mit kritischer Last\" src=\"https:\/\/fvcomponentes.com\/wp-content\/uploads\/2022\/11\/multiplus-II-caso1.png\" alt=\"MultiPlus II als USV in Anwendungen mit kritischer Last\" \/><\/p>\n<p class=\"clear-block\"><strong>MultiPlus II wird als USV in Anwendungen mit kritischer Last eingesetzt.<\/strong>\u00a0In diesem Fall kann das Wechselrichter-Ladeger\u00e4t die \u00fcblichen Verbraucher \u00fcber das herk\u00f6mmliche Netz versorgen und \u00fcber ein Energiespeichersystem (Batterie) verf\u00fcgen, das die kritischen Verbraucher versorgt, wenn das Netz ausf\u00e4llt oder instabil ist. Es wird gepr\u00fcft, ob eine Begrenzung des AC-Eingangs auf einen sicheren Wert mit Hilfe der Funktionen PowerControl und PowerAssist erforderlich ist.<\/p>\n<p class=\"clear-block\"><img decoding=\"async\" class=\"left-align\" title=\"MultiPlus II netzparallel und PV-gespeist\" src=\"https:\/\/fvcomponentes.com\/wp-content\/uploads\/2022\/11\/multiplus-II-caso2.png\" alt=\"MultiPlus II netzparallel und PV-gespeist\" \/><\/p>\n<p class=\"clear-block\"><strong>Anschluss an das Stromnetz und an die Photovoltaik \u00fcber MPPT-Regler.<\/strong>\u00a0In diesem Fall nutzt der PV-Wechselrichter die vom Ringstromsensor gelieferten Informationen zur Optimierung des Eigenverbrauchs, indem er die Energie in Wechselstrom umwandelt und direkt f\u00fcr den Verbrauch nutzt. So k\u00f6nnen wir w\u00e4hlen, ob wir \u00fcbersch\u00fcssige Solarenergie in das Netz einspeisen oder nicht. Die Batterien werden durch die Solarpaneele aufgeladen, und der Verbrauch kann in einen kritischen Verbrauch, der auch bei einem Stromausfall immer versorgt wird, und einen normalen Verbrauch, der auch mit der von den Paneelen erzeugten Energie versorgt werden kann, unterteilt werden.<\/p>\n<h2>Wechselrichter\u00fcberwachung Victron MultiPlus II Wechselrichter 48\/10000VA 48V 140-100A - PMP483105000<\/h2>\n<p>Um eine maximale Kontrolle \u00fcber den Betrieb der Solaranlage zu haben, ist es sehr empfehlenswert, das Victron ColorControl Panel einzubinden, da wir von dort aus die Betriebsparameter konfigurieren, laden und die Leistung des gesamten Systems \u00fcberwachen k\u00f6nnen. Alle Komponenten werden auf dem \u00dcberwachungsbildschirm angezeigt und wir erhalten detaillierte Informationen \u00fcber Produktion, Verbrauch, Speicherung usw.<\/p>\n<p><img decoding=\"async\" class=\"center-align\" title=\"VRM-Diagramm\" src=\"https:\/\/fvcomponentes.com\/wp-content\/uploads\/2022\/11\/grafico-vrm.png\" alt=\"VRM-Diagramm\" \/><\/p>\n<p>Dank der Einbindung des Victron ColorControl Panels haben wir Zugang zum VRM-Portal der Marke, \u00fcber das wir von jedem Endger\u00e4t mit Internetzugang auf die \u00dcberwachung und Konfiguration des Systems zugreifen k\u00f6nnen. Das VRM-Portal gibt uns sogar die M\u00f6glichkeit, uns Alarme zu senden, je nachdem, was wir im Betrieb des Systems programmieren.<\/p>\n<h2>Wechselrichter-Kompatibilit\u00e4t Victron MultiPlus II Wechselrichter 48\/10000VA 48V 140-100A - PMP483105000<\/h2>\n<p>Das MultiPlus II kann problemlos mit praktisch jeder auf dem Markt befindlichen 48-V-Batterie arbeiten. Dank seiner gro\u00dfen Flexibilit\u00e4t und Anpassungsf\u00e4higkeit kann es so konfiguriert werden, dass es Blei-S\u00e4ure-Batterien jeder Technologie l\u00e4dt, egal ob verschlossen oder offener OPzS-Typ. Victron aktualisiert seine Software regelm\u00e4\u00dfig, um die Kompatibilit\u00e4t mit der \u00fcberwiegenden Mehrheit der auf dem Markt befindlichen Lithiumbatteriemarken zu gew\u00e4hrleisten. Dies ist eine Garantie f\u00fcr die Zukunft.<\/p>\n<p>Wenn eine externe Laderegler-Topologie zum Laden von Batterien oder f\u00fcr den direkten Eigenverbrauch verwendet wird, ist es ratsam, ein MPPT-Modell der Marke Victron zu verwenden. Auf diese Weise zeigt das ColorControl-Panel die photovoltaische Produktion der Anlage detailliert an. Wenn ein Photovoltaik-Wechselrichter als Solargenerator eingesetzt wird, empfiehlt sich ein Produkt der Marke <a href=\"https:\/\/www.fronius.com\/es-es\/spain\/energia-solar\" target=\"_blank\" rel=\"noopener\">Fronius<\/a>Das ColorControl und das VRM-Portal sind auch mit anderen bekannten Marken der Branche, wie z.B. Kostal, kompatibel. Mit ColorControl und dem VRM-Portal k\u00f6nnen wir auch die Produktion des PV-Wechselrichters problemlos \u00fcberwachen. Die Kompatibilit\u00e4t mit anderen Herstellern wie Schneider ist ebenfalls gegeben; die Kompatibilit\u00e4tstabelle kann auf der Victron-Website eingesehen werden, wo sie regelm\u00e4\u00dfig aktualisiert wird.<\/p>\n<h2>Datenblatt Victron MultiPlus II Wechselrichter 48\/10000VA 48V 140-100A - PMP483105000<\/h2>\n<p><a href=\"https:\/\/fvcomponentes.com\/wp-content\/uploads\/2020\/02\/Datasheet-MultiPlus-II-inverter-charger-ES.pdf\" target=\"_blank\" rel=\"noopener\">Victron MultiPlus II 48\/10000VA 48V 140-100A - PMP483105000 Wechselrichter-Ladeger\u00e4t Technisches Datenblatt anzeigen<\/a><\/p>\n<p>&nbsp;<\/p>","protected":false},"excerpt":{"rendered":"<ul>\n<li>48V Wechselrichter-Ladeger\u00e4t<\/li>\n<li>Spitzenleistung 18000 W<\/li>\n<li>Wechselrichter Leistung 8000 W<\/li>\n<li>140A integriertes Ladeger\u00e4t<\/li>\n<li>AC-Ausg\u00e4nge: 2<\/li>\n<li>Kompatibel mit der GX-Reihe<\/li>\n<\/ul>","protected":false},"featured_media":11056,"comment_status":"open","ping_status":"closed","template":"","meta":{"site-sidebar-layout":"default","site-content-layout":"default","ast-site-content-layout":"default","site-content-style":"default","site-sidebar-style":"default","ast-global-header-display":"","ast-banner-title-visibility":"","ast-main-header-display":"","ast-hfb-above-header-display":"","ast-hfb-below-header-display":"","ast-hfb-mobile-header-display":"","site-post-title":"","ast-breadcrumbs-content":"","ast-featured-img":"","footer-sml-layout":"","ast-disable-related-posts":"","theme-transparent-header-meta":"default","adv-header-id-meta":"","stick-header-meta":"","header-above-stick-meta":"","header-main-stick-meta":"","header-below-stick-meta":"","astra-migrate-meta-layouts":"set","ast-page-background-enabled":"default","ast-page-background-meta":{"desktop":{"background-color":"var(--ast-global-color-4)","background-image":"","background-repeat":"repeat","background-position":"center center","background-size":"auto","background-attachment":"scroll","background-type":"","background-media":"","overlay-type":"","overlay-color":"","overlay-opacity":"","overlay-gradient":""},"tablet":{"background-color":"","background-image":"","background-repeat":"repeat","background-position":"center center","background-size":"auto","background-attachment":"scroll","background-type":"","background-media":"","overlay-type":"","overlay-color":"","overlay-opacity":"","overlay-gradient":""},"mobile":{"background-color":"","background-image":"","background-repeat":"repeat","background-position":"center center","background-size":"auto","background-attachment":"scroll","background-type":"","background-media":"","overlay-type":"","overlay-color":"","overlay-opacity":"","overlay-gradient":""}},"ast-content-background-meta":{"desktop":{"background-color":"var(--ast-global-color-5)","background-image":"","background-repeat":"repeat","background-position":"center center","background-size":"auto","background-attachment":"scroll","background-type":"","background-media":"","overlay-type":"","overlay-color":"","overlay-opacity":"","overlay-gradient":""},"tablet":{"background-color":"var(--ast-global-color-5)","background-image":"","background-repeat":"repeat","background-position":"center center","background-size":"auto","background-attachment":"scroll","background-type":"","background-media":"","overlay-type":"","overlay-color":"","overlay-opacity":"","overlay-gradient":""},"mobile":{"background-color":"var(--ast-global-color-5)","background-image":"","background-repeat":"repeat","background-position":"center center","background-size":"auto","background-attachment":"scroll","background-type":"","background-media":"","overlay-type":"","overlay-color":"","overlay-opacity":"","overlay-gradient":""}}},"pwb-brand":[332],"product_brand":[],"product_cat":[334,333],"product_tag":[],"class_list":{"0":"post-11045","1":"product","2":"type-product","3":"status-publish","4":"has-post-thumbnail","6":"pwb-brand-victron","7":"product_cat-inversores-cargadores-48v","8":"product_cat-inversores","9":"desktop-align-left","10":"tablet-align-left","11":"mobile-align-left","12":"ast-product-gallery-layout-horizontal-slider","13":"ast-product-tabs-layout-horizontal","15":"first","16":"instock","17":"taxable","18":"shipping-taxable","19":"purchasable","20":"product-type-simple"},"wcpa_form_fields":null,"brands":[{"id":332,"name":"Victron Energie","slug":"victron"}],"_links":{"self":[{"href":"https:\/\/fvcomponentes.com\/de\/wp-json\/wp\/v2\/product\/11045","targetHints":{"allow":["GET"]}}],"collection":[{"href":"https:\/\/fvcomponentes.com\/de\/wp-json\/wp\/v2\/product"}],"about":[{"href":"https:\/\/fvcomponentes.com\/de\/wp-json\/wp\/v2\/types\/product"}],"replies":[{"embeddable":true,"href":"https:\/\/fvcomponentes.com\/de\/wp-json\/wp\/v2\/comments?post=11045"}],"wp:featuredmedia":[{"embeddable":true,"href":"https:\/\/fvcomponentes.com\/de\/wp-json\/wp\/v2\/media\/11056"}],"wp:attachment":[{"href":"https:\/\/fvcomponentes.com\/de\/wp-json\/wp\/v2\/media?parent=11045"}],"wp:term":[{"taxonomy":"pwb-brand","embeddable":true,"href":"https:\/\/fvcomponentes.com\/de\/wp-json\/wp\/v2\/pwb-brand?post=11045"},{"taxonomy":"product_brand","embeddable":true,"href":"https:\/\/fvcomponentes.com\/de\/wp-json\/wp\/v2\/product_brand?post=11045"},{"taxonomy":"product_cat","embeddable":true,"href":"https:\/\/fvcomponentes.com\/de\/wp-json\/wp\/v2\/product_cat?post=11045"},{"taxonomy":"product_tag","embeddable":true,"href":"https:\/\/fvcomponentes.com\/de\/wp-json\/wp\/v2\/product_tag?post=11045"}],"curies":[{"name":"wp","href":"https:\/\/api.w.org\/{rel}","templated":true}]}}