{"id":10691,"date":"2023-11-27T17:04:01","date_gmt":"2023-11-27T16:04:01","guid":{"rendered":"https:\/\/fvcomponentes.com\/?post_type=product&#038;p=10691"},"modified":"2026-04-04T11:13:03","modified_gmt":"2026-04-04T09:13:03","slug":"sicherungshalter-6-fach-sicherungshalter-fur-mega-sicherung-cip050060000","status":"publish","type":"product","link":"https:\/\/fvcomponentes.com\/de\/producto\/portafusibles-fuse-holder-6-way-para-mega-fuse-cip050060000\/","title":{"rendered":"Sicherungshalter Victron Sicherungshalter 6-fach f\u00fcr Mega-Sicherung - CIP050060000"},"content":{"rendered":"<h2>Merkmale des Sicherungshalters 6-Wege-Sicherungshalter f\u00fcr Mega-Sicherung<\/h2>\n<p>Dieser 6-fach-Sicherungshalter f\u00fcr Mega-Sicherungen - CIP050060000 ist f\u00fcr maximal 6 MEGA-Sicherungen von 40A bis 300A ausgelegt, wie z.B. die Sicherung <a href=\"https:\/\/fvcomponentes.com\/de\/produkt\/mega-fuse-victron-125a-58v-cip137125010\/\" target=\"_blank\" rel=\"noopener\">Mega-Sicherung Victron 125A\/58v - CIP137125010<\/a>. Der Sicherungshalter 6 Wege ist f\u00fcr Kabelst\u00e4rken bis einschlie\u00dflich 70 mm\u00b2 und einen maximalen Strom von 300 A geeignet. Wenn Sie h\u00f6here Sicherungswerte haben, empfehlen wir Ihnen, einen Sicherungshalter zu w\u00e4hlen, der eine h\u00f6here Leistung bew\u00e4ltigen kann.<\/p>\n<h2>Transparente Abdeckung<\/h2>\n<p>Die abnehmbare Abdeckung ist transparent, so dass der Zustand der Sicherung ohne Abnahme der Abdeckung sichtbar ist.<\/p>\n<h2>M8-Anschl\u00fcsse<\/h2>\n<p>Das Anschluss-\/Kabelende f\u00fcr die Kabel (und auch f\u00fcr die MEGA-Sicherung) ist M8.<br \/>\nDer Sicherungshalter kann mit 4 Schrauben (nicht im Lieferumfang enthalten) an eine R\u00fcckwand oder ein Schott geschraubt werden.<\/p>\n<h2>Abmessungen des Sicherungshalters 6-Wege-Sicherungshalter f\u00fcr Mega-Sicherung - CIP050060000<\/h2>\n<p><a href=\"https:\/\/fvcomponentes.com\/wp-content\/uploads\/2023\/11\/Fuse-holder-6-way-for-MEGA-fuse.pdf\" target=\"_blank\" rel=\"noopener\">Abmessungen des Sicherungshalters 6-Wege-Sicherungshalter f\u00fcr Mega-Sicherungen anzeigen <\/a><\/p>","protected":false},"excerpt":{"rendered":"<p><strong>Geeignet f\u00fcr<\/strong> Sicherungen 6 MEGA<br \/>\n<strong>Abmessungen:<\/strong> 38x43x121mm<br \/>\n<strong>Enden mit Gewinde:<\/strong> M8<\/p>","protected":false},"featured_media":10692,"comment_status":"open","ping_status":"closed","template":"","meta":{"site-sidebar-layout":"default","site-content-layout":"","ast-site-content-layout":"default","site-content-style":"default","site-sidebar-style":"default","ast-global-header-display":"","ast-banner-title-visibility":"","ast-main-header-display":"","ast-hfb-above-header-display":"","ast-hfb-below-header-display":"","ast-hfb-mobile-header-display":"","site-post-title":"","ast-breadcrumbs-content":"","ast-featured-img":"","footer-sml-layout":"","ast-disable-related-posts":"","theme-transparent-header-meta":"default","adv-header-id-meta":"","stick-header-meta":"","header-above-stick-meta":"","header-main-stick-meta":"","header-below-stick-meta":"","astra-migrate-meta-layouts":"set","ast-page-background-enabled":"default","ast-page-background-meta":{"desktop":{"background-color":"var(--ast-global-color-4)","background-image":"","background-repeat":"repeat","background-position":"center center","background-size":"auto","background-attachment":"scroll","background-type":"","background-media":"","overlay-type":"","overlay-color":"","overlay-opacity":"","overlay-gradient":""},"tablet":{"background-color":"","background-image":"","background-repeat":"repeat","background-position":"center center","background-size":"auto","background-attachment":"scroll","background-type":"","background-media":"","overlay-type":"","overlay-color":"","overlay-opacity":"","overlay-gradient":""},"mobile":{"background-color":"","background-image":"","background-repeat":"repeat","background-position":"center center","background-size":"auto","background-attachment":"scroll","background-type":"","background-media":"","overlay-type":"","overlay-color":"","overlay-opacity":"","overlay-gradient":""}},"ast-content-background-meta":{"desktop":{"background-color":"var(--ast-global-color-5)","background-image":"","background-repeat":"repeat","background-position":"center center","background-size":"auto","background-attachment":"scroll","background-type":"","background-media":"","overlay-type":"","overlay-color":"","overlay-opacity":"","overlay-gradient":""},"tablet":{"background-color":"var(--ast-global-color-5)","background-image":"","background-repeat":"repeat","background-position":"center center","background-size":"auto","background-attachment":"scroll","background-type":"","background-media":"","overlay-type":"","overlay-color":"","overlay-opacity":"","overlay-gradient":""},"mobile":{"background-color":"var(--ast-global-color-5)","background-image":"","background-repeat":"repeat","background-position":"center center","background-size":"auto","background-attachment":"scroll","background-type":"","background-media":"","overlay-type":"","overlay-color":"","overlay-opacity":"","overlay-gradient":""}}},"pwb-brand":[332],"product_brand":[],"product_cat":[410,991,988],"product_tag":[],"class_list":{"0":"post-10691","1":"product","2":"type-product","3":"status-publish","4":"has-post-thumbnail","6":"pwb-brand-victron","7":"product_cat-material-electrico","8":"product_cat-busbar","9":"product_cat-portafusibles","10":"desktop-align-left","11":"tablet-align-left","12":"mobile-align-left","13":"ast-product-gallery-layout-horizontal-slider","14":"ast-product-gallery-with-no-image","15":"ast-product-tabs-layout-horizontal","17":"first","18":"instock","19":"taxable","20":"shipping-taxable","21":"purchasable","22":"product-type-simple"},"wcpa_form_fields":null,"brands":[{"id":332,"name":"Victron Energie","slug":"victron"}],"_links":{"self":[{"href":"https:\/\/fvcomponentes.com\/de\/wp-json\/wp\/v2\/product\/10691","targetHints":{"allow":["GET"]}}],"collection":[{"href":"https:\/\/fvcomponentes.com\/de\/wp-json\/wp\/v2\/product"}],"about":[{"href":"https:\/\/fvcomponentes.com\/de\/wp-json\/wp\/v2\/types\/product"}],"replies":[{"embeddable":true,"href":"https:\/\/fvcomponentes.com\/de\/wp-json\/wp\/v2\/comments?post=10691"}],"wp:featuredmedia":[{"embeddable":true,"href":"https:\/\/fvcomponentes.com\/de\/wp-json\/wp\/v2\/media\/10692"}],"wp:attachment":[{"href":"https:\/\/fvcomponentes.com\/de\/wp-json\/wp\/v2\/media?parent=10691"}],"wp:term":[{"taxonomy":"pwb-brand","embeddable":true,"href":"https:\/\/fvcomponentes.com\/de\/wp-json\/wp\/v2\/pwb-brand?post=10691"},{"taxonomy":"product_brand","embeddable":true,"href":"https:\/\/fvcomponentes.com\/de\/wp-json\/wp\/v2\/product_brand?post=10691"},{"taxonomy":"product_cat","embeddable":true,"href":"https:\/\/fvcomponentes.com\/de\/wp-json\/wp\/v2\/product_cat?post=10691"},{"taxonomy":"product_tag","embeddable":true,"href":"https:\/\/fvcomponentes.com\/de\/wp-json\/wp\/v2\/product_tag?post=10691"}],"curies":[{"name":"wp","href":"https:\/\/api.w.org\/{rel}","templated":true}]}}