{"id":10010,"date":"2023-10-24T10:13:24","date_gmt":"2023-10-24T08:13:24","guid":{"rendered":"https:\/\/fvcomponentes.com\/?post_type=product&#038;p=10010"},"modified":"2026-04-04T12:52:16","modified_gmt":"2026-04-04T10:52:16","slug":"wechselrichter-hybrid-ladegerat-victron-multi-rs-solar-pmr482602020-pmr482602020","status":"publish","type":"product","link":"https:\/\/fvcomponentes.com\/de\/producto\/inversor-hibrido-cargador-victron-multi-rs-solar-pmr482602020\/","title":{"rendered":"Wechselrichter-Ladeger\u00e4t Victron Multi RS Solar 48\/6000 - 450\/100 - PMR482602020"},"content":{"rendered":"<h2>Victron Multi RS Solar Hybrid-Wechselrichter\/Ladeger\u00e4t Victron Multi RS Solar - PMR482602020<\/h2>\n<p>Der Victron Multi RS Solar Hybrid-Wechselrichter\/Ladeger\u00e4t - PMR482602020 ist ein 48V, 6kVA Wechselrichter\/Ladeger\u00e4t mit zwei unabh\u00e4ngigen 3kWp und 450V MPPT-Tracking-Eing\u00e4ngen f\u00fcr eine Gesamtleistung von 6kWp Photovoltaik.<\/p>\n<p>Dank der Hochfrequenztechnologie und des neuen Designs wiegt dieser leistungsstarke Wechselrichter nur 11 kg. Dar\u00fcber hinaus verf\u00fcgt er \u00fcber einen hervorragenden Wirkungsgrad, einen niedrigen Standby-Verbrauch und arbeitet sehr leise.<\/p>\n<p>Das Display zeigt die Parameter der Batterie, des Wechselrichters und der Solarenergie an. Die gleichen Parameter k\u00f6nnen \u00fcber ein Smartphone oder ein anderes Bluetooth-f\u00e4higes Ger\u00e4t mit der App abgerufen werden. <a href=\"https:\/\/www.victronenergy.com.es\/panel-systems-remote-monitoring\/victronconnect\" target=\"_blank\" rel=\"noopener\">VictronConnect.<\/a><\/p>\n<h2>Betriebsarten des Victron Multi RS Solar-Hybrid-Wechselrichters\/Ladeger\u00e4ts - PMR482602020<\/h2>\n<p><strong>Hybrid-Modus:<\/strong> Speichert \u00fcbersch\u00fcssige Solarenergie in einer Batterie zur Nutzung in der Nacht oder in Zeiten hoher Nachfrage. Liefert zus\u00e4tzlichen Strom aus der Batterie, wenn die Nachfrage die Netzkapazit\u00e4t \u00fcbersteigt.<br \/>\n<strong>Backup-Modus:<\/strong> Schaltet bei einem Netzausfall in den Backup-Modus.<br \/>\n<strong>Netzunabh\u00e4ngiger Modus:<\/strong> Es arbeitet netzunabh\u00e4ngig.<br \/>\n<strong>Generator-Modus:<\/strong> Steuert den Generator, um die Betriebsstunden zu minimieren. Liefert zus\u00e4tzlichen Strom aus der Batterie, wenn der Bedarf die Kapazit\u00e4t des Generators \u00fcbersteigt.<\/p>\n<h2>PowerControl und PowerAssist: Erh\u00f6hung der Kapazit\u00e4t des Netzes oder eines Generators<\/h2>\n<p>Es kann ein maximaler Strom f\u00fcr das Netz oder den Generator eingestellt werden.<br \/>\nDer Multi RS ber\u00fccksichtigt andere Wechselstromverbraucher und verwendet \u00fcbersch\u00fcssigen Strom zum Laden der Batterie, um eine \u00dcberlastung des Generators oder des Netzes zu vermeiden (PowerControl-Funktion). PowerAssist hebt das PowerControl-Prinzip auf ein h\u00f6heres Niveau. Wenn f\u00fcr einen begrenzten Zeitraum maximale Leistung ben\u00f6tigt wird, gleicht der Multi RS die fehlende Generator- oder Netzleistung mit Energie aus der Batterie aus. Wenn die Last sinkt, wird die \u00fcbersch\u00fcssige Energie zum Aufladen der Batterie verwendet.<\/p>\n<h2>Display, Bluetooth und die VictronConnect App<\/h2>\n<p>Das Display zeigt die Parameter der Batterie, des Wechselrichters und der Solarenergie an. Die gleichen Parameter k\u00f6nnen \u00fcber ein Smartphone oder ein anderes Bluetooth-f\u00e4higes Ger\u00e4t mit der VictronConnect App abgerufen werden.<\/p>\n<h2>Erweiterbare PV-F\u00e4higkeit, sowohl AC-gekoppelt als auch DC-gekoppelt<\/h2>\n<p>Die integrierte PV-Leistung von 6 kWp kann durch den Einbau von Solarladeger\u00e4ten erweitert werden. Alternativ kann die PV-Leistung durch die Installation von PV-Wechselrichtern erweitert werden, deren Ausgangsleistung automatisch durch die integrierte frequenzverschiebende Leistungsregelung gesteuert wird.<\/p>\n<h2>Victron Multi RS Solar Hybrid Wechselrichter\/Ladeger\u00e4t Kommunikationsanschl\u00fcsse - PMR482602020<\/h2>\n<p>VE.Kann an ein GX-Ger\u00e4t angeschlossen werden, um das System zu \u00fcberwachen, Daten zu protokollieren und die Firmware aus der Ferne zu aktualisieren. VE.Direkte Verbindung zu einem GlobalLink 520 f\u00fcr die Datenfern\u00fcberwachung.<\/p>\n<h2>Eingangs-\/Ausgangsverbindungen<\/h2>\n<p>Programmierbare Anschl\u00fcsse f\u00fcr Relais, Temperatursensoren und Spannungssensoren.<\/p>\n<p><img fetchpriority=\"high\" decoding=\"async\" class=\"wp-image-10012\" src=\"https:\/\/fvcomponentes.com\/wp-content\/uploads\/2023\/10\/Captura-de-pantalla-2023-10-24-095827.png\" alt=\"Victron Multi RS Solar Hybrid-Wechselrichter\/Ladeger\u00e4t Victron Multi RS Solar - PMR482602020\" width=\"900\" height=\"687\" title=\"\"><\/p>\n<h2>Victron Multi RS Solar Hybrid-Wechselrichter\/Ladeger\u00e4t Datenblatt - PMR482602020<\/h2>\n<p><a href=\"https:\/\/fvcomponentes.com\/wp-content\/uploads\/2023\/10\/Datasheet-Multi-RS-Solar-Dual-Tracker-EN-1.pdf\" target=\"_blank\" rel=\"noopener\">Victron Multi RS Solar Hybrid-Wechselrichter\/Ladeger\u00e4t Datenblatt anzeigen - PMR482602020<\/a><\/p>","protected":false},"excerpt":{"rendered":"<p><span style=\"color: #ff0000;\"><strong>Neu! Es funktioniert auch am Stromnetz OHNE BATTERIEN. F\u00fcgen Sie Batterien hinzu, wenn Sie sie brauchen. Der erste netzgekoppelte Hybrid-Wechselrichter von Victron, der zum Betrieb keine Batterien ben\u00f6tigt.<\/strong><\/span><\/p>\n<p><strong>Eingangsspannung:<\/strong> 38\/62 V<br \/>\n<strong>Leistung bei 25\u00ba:<\/strong> Von 4800W bei 46VDC bis 5300W bei 52VDC<br \/>\n<strong>Leistung bei 40\u00ba: <\/strong>4500W<br \/>\n<strong>Leistung bei 65\u00ba: <\/strong>3000W<br \/>\n<strong>Maximale Leistung PV:<\/strong> 6 kW insgesamt, 3 kW pro Tracker<br \/>\n<strong>Maximaler AC-Laststrom: <\/strong>88A<\/p>","protected":false},"featured_media":9827,"comment_status":"closed","ping_status":"closed","template":"","meta":{"site-sidebar-layout":"default","site-content-layout":"","ast-site-content-layout":"default","site-content-style":"default","site-sidebar-style":"default","ast-global-header-display":"","ast-banner-title-visibility":"","ast-main-header-display":"","ast-hfb-above-header-display":"","ast-hfb-below-header-display":"","ast-hfb-mobile-header-display":"","site-post-title":"","ast-breadcrumbs-content":"","ast-featured-img":"","footer-sml-layout":"","ast-disable-related-posts":"","theme-transparent-header-meta":"default","adv-header-id-meta":"","stick-header-meta":"","header-above-stick-meta":"","header-main-stick-meta":"","header-below-stick-meta":"","astra-migrate-meta-layouts":"set","ast-page-background-enabled":"default","ast-page-background-meta":{"desktop":{"background-color":"var(--ast-global-color-4)","background-image":"","background-repeat":"repeat","background-position":"center center","background-size":"auto","background-attachment":"scroll","background-type":"","background-media":"","overlay-type":"","overlay-color":"","overlay-opacity":"","overlay-gradient":""},"tablet":{"background-color":"","background-image":"","background-repeat":"repeat","background-position":"center center","background-size":"auto","background-attachment":"scroll","background-type":"","background-media":"","overlay-type":"","overlay-color":"","overlay-opacity":"","overlay-gradient":""},"mobile":{"background-color":"","background-image":"","background-repeat":"repeat","background-position":"center center","background-size":"auto","background-attachment":"scroll","background-type":"","background-media":"","overlay-type":"","overlay-color":"","overlay-opacity":"","overlay-gradient":""}},"ast-content-background-meta":{"desktop":{"background-color":"var(--ast-global-color-5)","background-image":"","background-repeat":"repeat","background-position":"center center","background-size":"auto","background-attachment":"scroll","background-type":"","background-media":"","overlay-type":"","overlay-color":"","overlay-opacity":"","overlay-gradient":""},"tablet":{"background-color":"var(--ast-global-color-5)","background-image":"","background-repeat":"repeat","background-position":"center center","background-size":"auto","background-attachment":"scroll","background-type":"","background-media":"","overlay-type":"","overlay-color":"","overlay-opacity":"","overlay-gradient":""},"mobile":{"background-color":"var(--ast-global-color-5)","background-image":"","background-repeat":"repeat","background-position":"center center","background-size":"auto","background-attachment":"scroll","background-type":"","background-media":"","overlay-type":"","overlay-color":"","overlay-opacity":"","overlay-gradient":""}}},"pwb-brand":[332],"product_brand":[],"product_cat":[333,334,359,924],"product_tag":[],"class_list":{"0":"post-10010","1":"product","2":"type-product","3":"status-publish","4":"has-post-thumbnail","6":"pwb-brand-victron","7":"product_cat-inversores","8":"product_cat-inversores-cargadores-48v","9":"product_cat-inversores-autoconsumo-hibridos","10":"product_cat-inversores-autoconsumo-hibridos-monofasicos","11":"desktop-align-left","12":"tablet-align-left","13":"mobile-align-left","14":"ast-product-gallery-layout-horizontal-slider","15":"ast-product-tabs-layout-horizontal","17":"first","18":"instock","19":"taxable","20":"shipping-taxable","21":"purchasable","22":"product-type-simple"},"wcpa_form_fields":null,"brands":[{"id":332,"name":"Victron Energie","slug":"victron"}],"_links":{"self":[{"href":"https:\/\/fvcomponentes.com\/de\/wp-json\/wp\/v2\/product\/10010","targetHints":{"allow":["GET"]}}],"collection":[{"href":"https:\/\/fvcomponentes.com\/de\/wp-json\/wp\/v2\/product"}],"about":[{"href":"https:\/\/fvcomponentes.com\/de\/wp-json\/wp\/v2\/types\/product"}],"replies":[{"embeddable":true,"href":"https:\/\/fvcomponentes.com\/de\/wp-json\/wp\/v2\/comments?post=10010"}],"wp:featuredmedia":[{"embeddable":true,"href":"https:\/\/fvcomponentes.com\/de\/wp-json\/wp\/v2\/media\/9827"}],"wp:attachment":[{"href":"https:\/\/fvcomponentes.com\/de\/wp-json\/wp\/v2\/media?parent=10010"}],"wp:term":[{"taxonomy":"pwb-brand","embeddable":true,"href":"https:\/\/fvcomponentes.com\/de\/wp-json\/wp\/v2\/pwb-brand?post=10010"},{"taxonomy":"product_brand","embeddable":true,"href":"https:\/\/fvcomponentes.com\/de\/wp-json\/wp\/v2\/product_brand?post=10010"},{"taxonomy":"product_cat","embeddable":true,"href":"https:\/\/fvcomponentes.com\/de\/wp-json\/wp\/v2\/product_cat?post=10010"},{"taxonomy":"product_tag","embeddable":true,"href":"https:\/\/fvcomponentes.com\/de\/wp-json\/wp\/v2\/product_tag?post=10010"}],"curies":[{"name":"wp","href":"https:\/\/api.w.org\/{rel}","templated":true}]}}