{"id":4712,"date":"2022-12-13T14:16:31","date_gmt":"2022-12-13T13:16:31","guid":{"rendered":"https:\/\/fvcomponentes.com\/?page_id=4712"},"modified":"2024-08-09T21:31:41","modified_gmt":"2024-08-09T19:31:41","slug":"rechtshinweis","status":"publish","type":"page","link":"https:\/\/fvcomponentes.com\/de\/aviso-legal\/","title":{"rendered":"Rechtlicher Hinweis"},"content":{"rendered":"<div data-elementor-type=\"wp-page\" data-elementor-id=\"4712\" class=\"elementor elementor-4712\" data-elementor-post-type=\"page\">\n\t\t\t\t\t\t<section class=\"elementor-section elementor-top-section elementor-element elementor-element-6431482 elementor-section-boxed elementor-section-height-default elementor-section-height-default\" data-id=\"6431482\" data-element_type=\"section\" data-e-type=\"section\">\n\t\t\t\t\t\t<div class=\"elementor-container elementor-column-gap-default\">\n\t\t\t\t\t<div class=\"elementor-column elementor-col-100 elementor-top-column elementor-element elementor-element-654c994\" data-id=\"654c994\" data-element_type=\"column\" data-e-type=\"column\">\n\t\t\t<div class=\"elementor-widget-wrap elementor-element-populated\">\n\t\t\t\t\t\t<div class=\"elementor-element elementor-element-4f35bf6 elementor-widget elementor-widget-heading\" data-id=\"4f35bf6\" data-element_type=\"widget\" data-e-type=\"widget\" data-widget_type=\"heading.default\">\n\t\t\t\t<div class=\"elementor-widget-container\">\n\t\t\t\t\t<h2 class=\"elementor-heading-title elementor-size-default\">Rechtlicher Hinweis<\/h2>\t\t\t\t<\/div>\n\t\t\t\t<\/div>\n\t\t\t\t<div class=\"elementor-element elementor-element-44971a0 elementor-widget elementor-widget-text-editor\" data-id=\"44971a0\" data-element_type=\"widget\" data-e-type=\"widget\" data-widget_type=\"text-editor.default\">\n\t\t\t\t<div class=\"elementor-widget-container\">\n\t\t\t\t\t\t\t\t\t<h2>Daten zur Identifizierung<\/h2><p>In Erf\u00fcllung der Informationspflicht gem\u00e4\u00df Artikel 10 des Gesetzes 34\/2002 vom 11. Juli \u00fcber die Dienste der Informationsgesellschaft und den elektronischen Handel informieren wir Sie hiermit:<\/p><ul><li>ICIDE Energ\u00eda S.L. (im Folgenden FVCOMPONENTES) ist ein Unternehmen, das sich dem Online-Verkauf von Solarenergieanlagen widmet.<\/li><li>FVCOMPONENTES ist eingetragen im Handelsregister von Murcia, Band 3094 - Folio 165 - Eintragung 1 - Seite MU-85888.<\/li><li>FVCOMPONENTES mit CIF B56227523, ist ein Unternehmen mit Sitz in der Calle Bratislava 5 Pol\u00edgono Industrial Cabezo Beaza, 30353 Cartagena, Murcia, und ist derzeit verantwortlich f\u00fcr die Nutzung, Verwaltung und den Betrieb der Website www.fvcomponentes.com.<\/li><li>E-Mail-Kontakt: <a href=\"mailto:comercial@fvcomponentes.com\" target=\"_blank\" rel=\"noopener\">comercial@fvcomponentes.com<\/a><\/li><\/ul><h2>Benutzer<\/h2><p>Der Zugang und\/oder die Nutzung dieses Portals setzt voraus, dass der BENUTZER mit dem Zugang und\/oder der Nutzung die hier wiedergegebenen Allgemeinen Nutzungsbedingungen akzeptiert. Die vorgenannten Bedingungen gelten unabh\u00e4ngig von den Allgemeinen Vertragsbedingungen, die, sofern anwendbar, obligatorisch sind.<\/p><h2>Nutzung des Portals<\/h2><p>www.fvcomponentes.com bietet Zugang zu einer Vielzahl von Produkten, Informationen, Dienstleistungen, Programmen oder Daten (im Folgenden \"die Inhalte\") im Internet, die FVCOMPONENTES oder Dritten geh\u00f6ren und zu denen der BENUTZER Zugang haben kann. Der BENUTZER \u00fcbernimmt die Verantwortung f\u00fcr die Nutzung des Portals. Diese Verantwortung erstreckt sich auch auf die Registrierung, die f\u00fcr den Zugang zu bestimmten Dienstleistungen oder Inhalten erforderlich sein kann. Bei dieser Registrierung ist der BENUTZER daf\u00fcr verantwortlich, wahrheitsgem\u00e4\u00dfe und rechtm\u00e4\u00dfige Angaben zu machen. Als Folge dieser Registrierung kann dem BENUTZER ein Passwort zugeteilt werden, f\u00fcr das er verantwortlich ist und f\u00fcr dessen sorgf\u00e4ltige und vertrauliche Verwendung er sich verpflichtet. Der BENUTZER verpflichtet sich, die Inhalte und Dienstleistungen, die FVCOMPONENTES \u00fcber sein Portal anbietet, in angemessener Weise zu nutzen und sie beispielsweise, aber nicht ausschlie\u00dflich, nicht f\u00fcr Folgendes zu verwenden<\/p><ul><li>Beteiligung an Aktivit\u00e4ten, die ungesetzlich oder illegal sind oder gegen Treu und Glauben und die \u00f6ffentliche Ordnung versto\u00dfen.<\/li><li>Inhalte oder Propaganda rassistischer, fremdenfeindlicher, illegal-pornografischer, terroristischer oder menschenrechtsbezogener Art zu verbreiten.<\/li><li>Sch\u00e4den in den physischen und logischen Systemen von FVCOMPONENTES, seinen Lieferanten oder Dritten zu verursachen, Computerviren oder andere physische oder logische Systeme, die die oben genannten Sch\u00e4den verursachen k\u00f6nnen, in das Netz einzuf\u00fchren oder zu verbreiten;<\/li><li>Versuchen, auf die E-Mail-Konten anderer Nutzer zuzugreifen und diese gegebenenfalls zu nutzen und ihre Nachrichten zu \u00e4ndern oder zu manipulieren.<\/li><\/ul><h2>Geistiges und gewerbliches Eigentum<\/h2><ol><li>Alle Erkennungszeichen, Marken, Handelsnamen, Inhalte, Struktur, Design und Pr\u00e4sentationsform der Elemente und alle anderen Informationen, die auf dieser Website erscheinen, sind Eigentum von FVCOMPONENTES selbst oder eines Bevollm\u00e4chtigten und sind durch die gewerblichen und geistigen Eigentumsrechte gesch\u00fctzt.<\/li><li>Dem Nutzer ist die Vervielf\u00e4ltigung, die Umgestaltung, die Verbreitung, die \u00f6ffentliche Wiedergabe und ganz allgemein jede andere Form der Nutzung der im vorstehenden Absatz genannten Elemente ohne ausdr\u00fcckliche Genehmigung von FVCOMPONENTES untersagt.<\/li><li>Der Nutzer unterl\u00e4sst es, Mittel zu verwenden, die eventuell installierte Schutzvorrichtungen oder Sicherheitssysteme unterdr\u00fccken, ver\u00e4ndern, umgehen oder manipulieren und damit ein Risiko oder eine Besch\u00e4digung verursachen oder die Website und\/oder ihre Inhalte unbrauchbar machen k\u00f6nnen.<\/li><li>FVCOMPONENTES ist nicht verantwortlich f\u00fcr die m\u00f6gliche unsachgem\u00e4\u00dfe Nutzung dieser Webseite durch Dritte oder f\u00fcr die Informationen, die diese \u00fcber die Webseite an Dritte weitergeben. Die Nutzung der Inhalte, die der Benutzer vornehmen kann, und die m\u00f6glichen Folgen, Sch\u00e4den oder Vorurteile, die sich daraus ergeben k\u00f6nnten, liegen in der alleinigen Verantwortung des Benutzers. FVCOMPONENTES haftet nicht f\u00fcr Sch\u00e4den und Nachteile jeglicher Art, die den Nutzern durch die Nutzung von Links, Verzeichnissen und Suchwerkzeugen entstehen, die den Nutzern den Zugang zu Websites erm\u00f6glichen, die Dritten geh\u00f6ren und\/oder von diesen verwaltet werden, sowie durch das Vorhandensein von Viren oder anderen b\u00f6sartigen Codes in den Inhalten, die Sch\u00e4den jeglicher Art am Computersystem, an elektronischen Dokumenten oder Dateien der Nutzer verursachen k\u00f6nnen. FVCOMPONENTES beh\u00e4lt sich das Recht vor, die rechtlichen Schritte zu ergreifen, die es f\u00fcr angemessen h\u00e4lt, die sich aus einer unerlaubten Nutzung der Inhalte seiner Webseite durch Dritte ergeben.<\/li><\/ol><h2>Gew\u00e4hrleistungs- und Haftungsausschlu\u00df<\/h2><p>FVCOMPONENTES haftet in keinem Fall f\u00fcr Sch\u00e4den jeglicher Art, die durch Fehler oder Auslassungen in den Inhalten, mangelnde Verf\u00fcgbarkeit des Portals oder die \u00dcbertragung von Viren oder b\u00f6sartigen oder sch\u00e4dlichen Programmen in den Inhalten verursacht werden k\u00f6nnen, obwohl FVCOMPONENTES alle notwendigen technischen Ma\u00dfnahmen zu deren Vermeidung getroffen hat.<\/p><h2>\u00c4nderungen<\/h2><p>FVCOMPONENTES beh\u00e4lt sich das Recht vor, unangek\u00fcndigte \u00c4nderungen an seiner Website vorzunehmen, Inhalte und Dienstleistungen zu \u00e4ndern, zu l\u00f6schen oder hinzuzuf\u00fcgen sowie die Art und Weise, wie sie auf seiner Website pr\u00e4sentiert werden.<\/p><h2>Links<\/h2><p>F\u00fcr den Fall, dass der Domain-Name Links oder Hyperlinks zu anderen Internet-Seiten enth\u00e4lt, \u00fcbt FVCOMPONENTES keine Kontrolle \u00fcber diese Seiten und Inhalte aus. In keinem Fall \u00fcbernimmt FVCOMPONENTES die Verantwortung f\u00fcr den Inhalt eines Links, der zu einer externen Website geh\u00f6rt, noch garantiert es die technische Verf\u00fcgbarkeit, Qualit\u00e4t, Zuverl\u00e4ssigkeit, Genauigkeit, Vollst\u00e4ndigkeit, Wahrhaftigkeit, G\u00fcltigkeit und Verfassungsm\u00e4\u00dfigkeit von Material oder Informationen, die in einem dieser Hyperlinks oder auf anderen Internetseiten enthalten sind. Ebenso wenig bedeutet die Aufnahme dieser externen Verbindungen irgendeine Art von Assoziation, Fusion oder Beteiligung mit den verbundenen Einrichtungen.<\/p><h2>Links<\/h2><p>FVCOMPONENTES beh\u00e4lt sich das Recht vor, den Zugang zum Portal und\/oder zu den angebotenen Diensten ohne Vorank\u00fcndigung zu verweigern oder zu entziehen, sei es auf eigenes Verlangen oder auf Verlangen eines Dritten, wenn der Nutzer die Allgemeinen Nutzungsbedingungen nicht einh\u00e4lt.<\/p><h2>Recht auf Ausschluss<\/h2><p>FVCOMPONENTES beh\u00e4lt sich das Recht vor, den Zugang zum Portal und\/oder zu den angebotenen Diensten ohne Vorank\u00fcndigung zu verweigern oder zu entziehen, sei es auf eigenes Verlangen oder auf Verlangen eines Dritten, wenn der Nutzer die Allgemeinen Nutzungsbedingungen nicht einh\u00e4lt.<\/p><h2>Allgemein<\/h2><p>FVCOMPONENTES wird den Versto\u00df gegen die Bedingungen sowie jede missbr\u00e4uchliche Nutzung seines Portals mit allen zivil- und strafrechtlichen Ma\u00dfnahmen verfolgen, die ihm gesetzlich zustehen k\u00f6nnen.<\/p><h2>\u00c4nderung dieser Bedingungen und der Dauer<\/h2><p>FVCOMPONENTES ist in der Lage, die hier festgelegten Bedingungen jederzeit zu \u00e4ndern, da sie hier ordnungsgem\u00e4\u00df ver\u00f6ffentlicht werden.<\/p><h2>Anwendbares Recht und Gerichtsbarkeit<\/h2><p>Die Beziehung zwischen FVCOMPONENTES und dem BENUTZER unterliegt der geltenden spanischen Gesetzgebung und alle Streitigkeiten werden vor den spanischen Gerichten ausgetragen.<\/p><p>Online-Streitbeilegung f\u00fcr Verbraucher gem\u00e4\u00df Artikel 14 Absatz 1 der Verordnung (EU) Nr. 524\/2013: Die Europ\u00e4ische Kommission stellt eine Plattform zur Online-Streitbeilegung zur Verf\u00fcgung, die Sie unter dem folgenden Link finden:\u00a0<a href=\"http:\/\/ec.europa.eu\/consumers\/odr\/\" target=\"_blank\" rel=\"noopener\">http:\/\/ec.europa.eu\/consumers\/odr\/<\/a>.<\/p>\t\t\t\t\t\t\t\t<\/div>\n\t\t\t\t<\/div>\n\t\t\t\t\t<\/div>\n\t\t<\/div>\n\t\t\t\t\t<\/div>\n\t\t<\/section>\n\t\t\t\t<\/div>","protected":false},"excerpt":{"rendered":"<p>Aviso legal Datos identificativos En cumplimiento con el deber de informaci\u00f3n recogido en art\u00edculo 10 de la Ley 34\/2002, de 11 de julio, de Servicios de la Sociedad de la Informaci\u00f3n y del Comercio Electr\u00f3nico, le informamos: ICIDE Energ\u00eda S.L. (en adelante, FVCOMPONENTES) es una empresa dedicada a la venta de equipos de energ\u00eda solar [&hellip;]<\/p>\n","protected":false},"author":1,"featured_media":0,"parent":0,"menu_order":0,"comment_status":"closed","ping_status":"closed","template":"","meta":{"site-sidebar-layout":"no-sidebar","site-content-layout":"page-builder","ast-site-content-layout":"full-width-container","site-content-style":"unboxed","site-sidebar-style":"unboxed","ast-global-header-display":"","ast-banner-title-visibility":"","ast-main-header-display":"","ast-hfb-above-header-display":"","ast-hfb-below-header-display":"","ast-hfb-mobile-header-display":"","site-post-title":"disabled","ast-breadcrumbs-content":"","ast-featured-img":"disabled","footer-sml-layout":"","ast-disable-related-posts":"","theme-transparent-header-meta":"","adv-header-id-meta":"","stick-header-meta":"","header-above-stick-meta":"","header-main-stick-meta":"","header-below-stick-meta":"","astra-migrate-meta-layouts":"set","ast-page-background-enabled":"default","ast-page-background-meta":{"desktop":{"background-color":"var(--ast-global-color-4)","background-image":"","background-repeat":"repeat","background-position":"center center","background-size":"auto","background-attachment":"scroll","background-type":"","background-media":"","overlay-type":"","overlay-color":"","overlay-opacity":"","overlay-gradient":""},"tablet":{"background-color":"","background-image":"","background-repeat":"repeat","background-position":"center center","background-size":"auto","background-attachment":"scroll","background-type":"","background-media":"","overlay-type":"","overlay-color":"","overlay-opacity":"","overlay-gradient":""},"mobile":{"background-color":"","background-image":"","background-repeat":"repeat","background-position":"center center","background-size":"auto","background-attachment":"scroll","background-type":"","background-media":"","overlay-type":"","overlay-color":"","overlay-opacity":"","overlay-gradient":""}},"ast-content-background-meta":{"desktop":{"background-color":"var(--ast-global-color-5)","background-image":"","background-repeat":"repeat","background-position":"center center","background-size":"auto","background-attachment":"scroll","background-type":"","background-media":"","overlay-type":"","overlay-color":"","overlay-opacity":"","overlay-gradient":""},"tablet":{"background-color":"var(--ast-global-color-5)","background-image":"","background-repeat":"repeat","background-position":"center center","background-size":"auto","background-attachment":"scroll","background-type":"","background-media":"","overlay-type":"","overlay-color":"","overlay-opacity":"","overlay-gradient":""},"mobile":{"background-color":"var(--ast-global-color-5)","background-image":"","background-repeat":"repeat","background-position":"center center","background-size":"auto","background-attachment":"scroll","background-type":"","background-media":"","overlay-type":"","overlay-color":"","overlay-opacity":"","overlay-gradient":""}},"footnotes":""},"class_list":["post-4712","page","type-page","status-publish","hentry"],"_links":{"self":[{"href":"https:\/\/fvcomponentes.com\/de\/wp-json\/wp\/v2\/pages\/4712","targetHints":{"allow":["GET"]}}],"collection":[{"href":"https:\/\/fvcomponentes.com\/de\/wp-json\/wp\/v2\/pages"}],"about":[{"href":"https:\/\/fvcomponentes.com\/de\/wp-json\/wp\/v2\/types\/page"}],"author":[{"embeddable":true,"href":"https:\/\/fvcomponentes.com\/de\/wp-json\/wp\/v2\/users\/1"}],"replies":[{"embeddable":true,"href":"https:\/\/fvcomponentes.com\/de\/wp-json\/wp\/v2\/comments?post=4712"}],"version-history":[{"count":0,"href":"https:\/\/fvcomponentes.com\/de\/wp-json\/wp\/v2\/pages\/4712\/revisions"}],"wp:attachment":[{"href":"https:\/\/fvcomponentes.com\/de\/wp-json\/wp\/v2\/media?parent=4712"}],"curies":[{"name":"wp","href":"https:\/\/api.w.org\/{rel}","templated":true}]}}