{"id":4710,"date":"2022-12-13T14:16:04","date_gmt":"2022-12-13T13:16:04","guid":{"rendered":"https:\/\/fvcomponentes.com\/?page_id=4710"},"modified":"2025-09-23T09:55:44","modified_gmt":"2025-09-23T07:55:44","slug":"cookie-politik","status":"publish","type":"page","link":"https:\/\/fvcomponentes.com\/de\/politica-de-cookies\/","title":{"rendered":"Cookies-Politik"},"content":{"rendered":"<div data-elementor-type=\"wp-page\" data-elementor-id=\"4710\" class=\"elementor elementor-4710\" data-elementor-post-type=\"page\">\n\t\t\t\t\t\t<section class=\"elementor-section elementor-top-section elementor-element elementor-element-78a8faf elementor-section-boxed elementor-section-height-default elementor-section-height-default\" data-id=\"78a8faf\" data-element_type=\"section\" data-e-type=\"section\">\n\t\t\t\t\t\t<div class=\"elementor-container elementor-column-gap-default\">\n\t\t\t\t\t<div class=\"elementor-column elementor-col-100 elementor-top-column elementor-element elementor-element-7c306c7\" data-id=\"7c306c7\" data-element_type=\"column\" data-e-type=\"column\">\n\t\t\t<div class=\"elementor-widget-wrap elementor-element-populated\">\n\t\t\t\t\t\t<div class=\"elementor-element elementor-element-8959884 elementor-widget elementor-widget-heading\" data-id=\"8959884\" data-element_type=\"widget\" data-e-type=\"widget\" data-widget_type=\"heading.default\">\n\t\t\t\t<div class=\"elementor-widget-container\">\n\t\t\t\t\t<h2 class=\"elementor-heading-title elementor-size-default\">Cookies-Politik<\/h2>\t\t\t\t<\/div>\n\t\t\t\t<\/div>\n\t\t\t\t<div class=\"elementor-element elementor-element-c33ab08 elementor-widget elementor-widget-text-editor\" data-id=\"c33ab08\" data-element_type=\"widget\" data-e-type=\"widget\" data-widget_type=\"text-editor.default\">\n\t\t\t\t<div class=\"elementor-widget-container\">\n\t\t\t\t\t\t\t\t\t<h2 class=\"h3 titulo-subrayado\">Was ist ein Keks?<\/h2><p class=\"texto-n\">Ein Cookie ist eine Datei, die auf Ihren Computer heruntergeladen wird, wenn Sie auf bestimmte Websites zugreifen. Cookies erm\u00f6glichen es einer Website unter anderem, Informationen \u00fcber die Surfgewohnheiten eines Nutzers oder seines Computers zu speichern und abzurufen. Je nach den darin enthaltenen Informationen und der Art und Weise, wie Sie Ihren Computer verwenden, k\u00f6nnen sie zur Wiedererkennung des Nutzers verwendet werden.<\/p><h2 class=\"titulo-subrayado m-t-3 url-break h3\">Welche Arten von Cookies werden von fvcomponentes.com verwendet?<\/h2><p class=\"texto-n\">Je nach der Dauer, die die Cookies aktiv bleiben, k\u00f6nnen sie sein:<\/p><ul class=\"text-only-content lista-n\"><li class=\"texto-n\"><strong>Sitzungs-Cookies<\/strong>Cookies: Sie dienen dazu, Daten zu sammeln und zu speichern, w\u00e4hrend der Nutzer auf eine Website zugreift. Sie werden in der Regel verwendet, um Informationen zu speichern, die nur f\u00fcr die Erbringung der vom Nutzer angeforderten Dienstleistung von Bedeutung sind (z. B. eine Liste der gekauften Produkte).<\/li><li class=\"texto-n\"><strong>Dauerhafte Cookies<\/strong>Cookies: Hierbei handelt es sich um eine Art von Cookies, bei denen Daten auf dem Endger\u00e4t gespeichert bleiben und f\u00fcr einen bestimmten Zeitraum abgerufen und verarbeitet werden k\u00f6nnen. Sie haben ein L\u00f6schungsdatum. Sie werden z.B. im Kauf- oder Registrierungsprozess verwendet, um zu vermeiden, dass wir unsere Daten st\u00e4ndig eingeben m\u00fcssen.<\/li><\/ul><p class=\"texto-n\">Je nach der Einrichtung, die das Ger\u00e4t oder den Bereich verwaltet, von dem aus die Cookies gesendet werden, und die die erhaltenen Daten verarbeitet, k\u00f6nnen wir unterscheiden:<\/p><ul class=\"text-only-content lista-n\"><li class=\"texto-n\"><strong>Eigene Cookies:<\/strong>\u00a0Es handelt sich um Cookies, die an das Ger\u00e4t des Nutzers gesendet werden und ausschlie\u00dflich von uns f\u00fcr das bessere Funktionieren der Website verwaltet werden.<\/li><li class=\"texto-n\"><strong>Cookies von Dritten:<\/strong>\u00a0Es handelt sich um Daten, die von einem Computer oder einer Dom\u00e4ne, die nicht von uns, sondern von einem anderen Unternehmen, das die erhaltenen Daten verarbeitet, an das Ger\u00e4t des Nutzers gesendet werden.<\/li><\/ul><p class=\"texto-n\">Wenn Sie auf fvcomponentes.com surfen, k\u00f6nnen die folgenden Cookies auf Ihrem Ger\u00e4t installiert werden:<\/p><ul class=\"text-only-content lista-n\"><li class=\"texto-n\"><strong>Registrierung Cookies<\/strong>Wenn der Benutzer unsere Website betritt und sich anmeldet, wird ein tempor\u00e4res Cookie installiert, damit Sie Ihren Benutzerbereich durchsuchen k\u00f6nnen, ohne st\u00e4ndig Ihre Daten eingeben zu m\u00fcssen. Dieses Cookie verschwindet, wenn Sie sich abmelden.<\/li><li class=\"texto-n\"><strong>Analyse-Cookies<\/strong>Sie werden verwendet, um das Verhalten der Nutzer beim Surfen auf unserer Website anonym zu untersuchen. Auf diese Weise k\u00f6nnen wir die am h\u00e4ufigsten angesehenen Inhalte, die Anzahl der Besucher usw. ermitteln. Diese Informationen werden verwendet, um das Surferlebnis zu verbessern und unsere Dienste zu optimieren. Dabei kann es sich um unsere eigenen Cookies handeln, aber auch um Cookies von Dritten. Zu letzteren geh\u00f6ren die Cookies von Google Analytics und Iadvice.<\/li><li class=\"texto-n\"><strong>Werbe-Cookies von Dritten<\/strong>Das Ziel ist die Optimierung der Anzeigenschaltung. Zur Verwaltung dieser Dienste nutzen wir die Doubleclick-Plattform von Google, die Informationen \u00fcber die Anzeigen speichert, die einem Nutzer gezeigt wurden, die ihn interessieren und ob er die Website des Werbenden besucht.<\/li><li class=\"texto-n\"><strong>Personalisierungs-Cookies von Drittanbietern<\/strong>Ziel ist es, Webinhalte zu personalisieren und Empfehlungen auf der Grundlage Ihrer Interessen zu geben. Zu diesem Zweck k\u00f6nnen wir Cookies von Drittanbietern und die Personalisierungsplattform unserer Partner-Telekommunikationsbetreiber verwenden, die Zugriff auf die IP-Adresse haben, von der aus Sie surfen, und die uns, wenn Sie Kunde dieses Betreibers sind, dabei helfen, Empfehlungen zu Produkten, die Sie interessieren, zu personalisieren. Dar\u00fcber hinaus speichern sie Informationen \u00fcber die angezeigten Produkte und die Produkte, die den einzelnen Nutzer interessieren, um die Empfehlungen st\u00e4ndig zu verbessern.<\/li><\/ul><h2 class=\"titulo-subrayado m-t-3 h3\">Konfiguration, Abfrage und Deaktivierung von Cookies<\/h2><p class=\"texto-n\">Sie k\u00f6nnen die auf Ihrem Computer installierten Cookies zulassen, blockieren oder l\u00f6schen, indem Sie die auf Ihrem Computer installierten Browseroptionen konfigurieren:<\/p><ul class=\"text-only-content lista-n\"><li class=\"texto-n\"><strong>Chrom<\/strong>von\u00a0<a class=\"url-break\" href=\"http:\/\/support.google.com\/chrome\/bin\/answer.py?hl=es&amp;answer=95647\" target=\"_blank\" rel=\"noopener\">http:\/\/support.google.com\/chrome\/bin\/answer.py?hl=es&amp;answer=95647<\/a><\/li><li class=\"texto-n\"><strong>Safari<\/strong>von\u00a0<a class=\"url-break\" href=\"http:\/\/support.apple.com\/kb\/ph5042\" target=\"_blank\" rel=\"noopener\">http:\/\/support.apple.com\/kb\/ph5042<\/a><\/li><li class=\"texto-n\"><strong>Entdecker<\/strong>von\u00a0<a class=\"url-break\" href=\"http:\/\/windows.microsoft.com\/es-es\/windows7\/how-to-manage-cookies-in-internet-explorer-9\" target=\"_blank\" rel=\"noopener\">http:\/\/windows.microsoft.com\/es-es\/windows7\/how-to-manage-cookies-in-internet-explorer-9<\/a><\/li><li class=\"texto-n\"><strong>Firefox<\/strong>von\u00a0<a class=\"url-break\" href=\"http:\/\/support.mozilla.org\/es\/kb\/habilitar-y-deshabilitar-cookies-que-los-sitios-we\" target=\"_blank\" rel=\"noopener\">http:\/\/support.mozilla.org\/es\/kb\/habilitar-y-deshabilitar-cookies-que-los-sitios-we<\/a><\/li><\/ul><p class=\"texto-n\">Alle Informationen zu Google-Cookies, sowohl zu Analyse- als auch zu Werbezwecken, sowie zu deren Verwaltung und Konfiguration finden Sie unter:<\/p><ul class=\"text-only-content lista-n\"><li class=\"texto-n\"><a class=\"url-break\" href=\"http:\/\/www.google.es\/intl\/es\/policies\/technologies\/types\/\" target=\"_blank\" rel=\"noopener\">http:\/\/www.google.es\/intl\/es\/policies\/technologies\/types\/<\/a><\/li><li class=\"texto-n\"><a class=\"url-break\" href=\"http:\/\/www.google.es\/policies\/technologies\/ads\/\" target=\"_blank\" rel=\"noopener\">http:\/\/www.google.es\/policies\/technologies\/ads\/<\/a><\/li><li class=\"texto-n\"><a class=\"url-break\" href=\"https:\/\/developers.google.com\/analytics\/devguides\/collection\/analyticsjs\/cookie-usage\" target=\"_blank\" rel=\"noopener\">https:\/\/developers.google.com\/analytics\/devguides\/collection\/analyticsjs\/cookie-usage<\/a><\/li><\/ul><p class=\"texto-n\">In Bezug auf die Cookies, die von\u00a0<strong>Iadvice<\/strong>\u00a0Sie finden es unter\u00a0<a class=\"url-break\" href=\"http:\/\/www.iadvize.com\/es\/aviso_legal_iadvize.html\" target=\"_blank\" rel=\"noopener\">http:\/\/www.iadvize.com\/es\/aviso_legal_iadvize.html<\/a><\/p><p class=\"texto-n\">Wenn Sie sich daf\u00fcr entscheiden, Cookies zu deaktivieren, k\u00f6nnen wir Ihnen einige unserer Dienste nicht anbieten, wie z. B. die M\u00f6glichkeit, eingeloggt zu bleiben oder Eink\u00e4ufe in Ihrem Einkaufswagen zu behalten.<\/p><h2 class=\"titulo-subrayado m-t-3 h3\">Cookie-Update<\/h2><p class=\"texto-n\">Die Kekse von <strong><a href=\"https:\/\/fvcomponentes.com\/de\/\" target=\"_parent\">fvcomponentes.com<\/a><\/strong>\u00a0k\u00f6nnen aktualisiert werden, und wir empfehlen Ihnen, unsere Politik regelm\u00e4\u00dfig zu \u00fcberpr\u00fcfen.<\/p>\t\t\t\t\t\t\t\t<\/div>\n\t\t\t\t<\/div>\n\t\t\t\t\t<\/div>\n\t\t<\/div>\n\t\t\t\t\t<\/div>\n\t\t<\/section>\n\t\t\t\t<\/div>","protected":false},"excerpt":{"rendered":"<p>Pol\u00edtica de cookies \u00bfQu\u00e9 es una cookie? Una cookie es un fichero que se descarga en su ordenador al acceder a determinadas p\u00e1ginas web. Las cookies permiten a una p\u00e1gina web, entre otras cosas, almacenar y recuperar informaci\u00f3n sobre los h\u00e1bitos de navegaci\u00f3n de un usuario o de su equipo y, dependiendo de la informaci\u00f3n [&hellip;]<\/p>\n","protected":false},"author":1,"featured_media":0,"parent":0,"menu_order":0,"comment_status":"closed","ping_status":"closed","template":"","meta":{"site-sidebar-layout":"no-sidebar","site-content-layout":"page-builder","ast-site-content-layout":"full-width-container","site-content-style":"unboxed","site-sidebar-style":"unboxed","ast-global-header-display":"","ast-banner-title-visibility":"","ast-main-header-display":"","ast-hfb-above-header-display":"","ast-hfb-below-header-display":"","ast-hfb-mobile-header-display":"","site-post-title":"disabled","ast-breadcrumbs-content":"","ast-featured-img":"disabled","footer-sml-layout":"","ast-disable-related-posts":"","theme-transparent-header-meta":"","adv-header-id-meta":"","stick-header-meta":"","header-above-stick-meta":"","header-main-stick-meta":"","header-below-stick-meta":"","astra-migrate-meta-layouts":"set","ast-page-background-enabled":"default","ast-page-background-meta":{"desktop":{"background-color":"var(--ast-global-color-4)","background-image":"","background-repeat":"repeat","background-position":"center center","background-size":"auto","background-attachment":"scroll","background-type":"","background-media":"","overlay-type":"","overlay-color":"","overlay-opacity":"","overlay-gradient":""},"tablet":{"background-color":"","background-image":"","background-repeat":"repeat","background-position":"center center","background-size":"auto","background-attachment":"scroll","background-type":"","background-media":"","overlay-type":"","overlay-color":"","overlay-opacity":"","overlay-gradient":""},"mobile":{"background-color":"","background-image":"","background-repeat":"repeat","background-position":"center center","background-size":"auto","background-attachment":"scroll","background-type":"","background-media":"","overlay-type":"","overlay-color":"","overlay-opacity":"","overlay-gradient":""}},"ast-content-background-meta":{"desktop":{"background-color":"var(--ast-global-color-5)","background-image":"","background-repeat":"repeat","background-position":"center center","background-size":"auto","background-attachment":"scroll","background-type":"","background-media":"","overlay-type":"","overlay-color":"","overlay-opacity":"","overlay-gradient":""},"tablet":{"background-color":"var(--ast-global-color-5)","background-image":"","background-repeat":"repeat","background-position":"center center","background-size":"auto","background-attachment":"scroll","background-type":"","background-media":"","overlay-type":"","overlay-color":"","overlay-opacity":"","overlay-gradient":""},"mobile":{"background-color":"var(--ast-global-color-5)","background-image":"","background-repeat":"repeat","background-position":"center center","background-size":"auto","background-attachment":"scroll","background-type":"","background-media":"","overlay-type":"","overlay-color":"","overlay-opacity":"","overlay-gradient":""}},"footnotes":""},"class_list":["post-4710","page","type-page","status-publish","hentry"],"_links":{"self":[{"href":"https:\/\/fvcomponentes.com\/de\/wp-json\/wp\/v2\/pages\/4710","targetHints":{"allow":["GET"]}}],"collection":[{"href":"https:\/\/fvcomponentes.com\/de\/wp-json\/wp\/v2\/pages"}],"about":[{"href":"https:\/\/fvcomponentes.com\/de\/wp-json\/wp\/v2\/types\/page"}],"author":[{"embeddable":true,"href":"https:\/\/fvcomponentes.com\/de\/wp-json\/wp\/v2\/users\/1"}],"replies":[{"embeddable":true,"href":"https:\/\/fvcomponentes.com\/de\/wp-json\/wp\/v2\/comments?post=4710"}],"version-history":[{"count":3,"href":"https:\/\/fvcomponentes.com\/de\/wp-json\/wp\/v2\/pages\/4710\/revisions"}],"predecessor-version":[{"id":30712,"href":"https:\/\/fvcomponentes.com\/de\/wp-json\/wp\/v2\/pages\/4710\/revisions\/30712"}],"wp:attachment":[{"href":"https:\/\/fvcomponentes.com\/de\/wp-json\/wp\/v2\/media?parent=4710"}],"curies":[{"name":"wp","href":"https:\/\/api.w.org\/{rel}","templated":true}]}}