{"id":4708,"date":"2022-12-13T14:15:27","date_gmt":"2022-12-13T13:15:27","guid":{"rendered":"https:\/\/fvcomponentes.com\/?page_id=4708"},"modified":"2025-09-23T08:17:56","modified_gmt":"2025-09-23T06:17:56","slug":"datenschutzbestimmungen","status":"publish","type":"page","link":"https:\/\/fvcomponentes.com\/de\/politica-de-privacidad\/","title":{"rendered":"Datenschutzbestimmungen"},"content":{"rendered":"<div data-elementor-type=\"wp-page\" data-elementor-id=\"4708\" class=\"elementor elementor-4708\" data-elementor-post-type=\"page\">\n\t\t\t\t\t\t<section class=\"elementor-section elementor-top-section elementor-element elementor-element-d1509f6 elementor-section-boxed elementor-section-height-default elementor-section-height-default\" data-id=\"d1509f6\" data-element_type=\"section\" data-e-type=\"section\">\n\t\t\t\t\t\t<div class=\"elementor-container elementor-column-gap-default\">\n\t\t\t\t\t<div class=\"elementor-column elementor-col-100 elementor-top-column elementor-element elementor-element-78f8a02\" data-id=\"78f8a02\" data-element_type=\"column\" data-e-type=\"column\">\n\t\t\t<div class=\"elementor-widget-wrap elementor-element-populated\">\n\t\t\t\t\t\t<div class=\"elementor-element elementor-element-f852eb5 elementor-widget elementor-widget-heading\" data-id=\"f852eb5\" data-element_type=\"widget\" data-e-type=\"widget\" data-widget_type=\"heading.default\">\n\t\t\t\t<div class=\"elementor-widget-container\">\n\t\t\t\t\t<h2 class=\"elementor-heading-title elementor-size-default\">Datenschutzbestimmungen<\/h2>\t\t\t\t<\/div>\n\t\t\t\t<\/div>\n\t\t\t\t<div class=\"elementor-element elementor-element-6bc38c2 elementor-widget elementor-widget-text-editor\" data-id=\"6bc38c2\" data-element_type=\"widget\" data-e-type=\"widget\" data-widget_type=\"text-editor.default\">\n\t\t\t\t<div class=\"elementor-widget-container\">\n\t\t\t\t\t\t\t\t\t<p>\"FV Componentes\" verpflichtet sich zur Einhaltung der spanischen und europ\u00e4ischen Vorschriften zum Schutz personenbezogener Daten und garantiert die vollst\u00e4ndige Einhaltung der festgelegten Verpflichtungen sowie die Umsetzung der Sicherheitsma\u00dfnahmen, die in der Allgemeinen Datenschutzverordnung (GDPR) (EU) 2016\/679 vom 27. April und im Organgesetz 3\/2018 vom 5. Dezember \u00fcber den Schutz personenbezogener Daten und die Gew\u00e4hrleistung digitaler Rechte (LOPD und GDD, im Folgenden LOPD) festgelegt sind.<\/p>\n<p>In \u00dcbereinstimmung mit diesen Vorschriften informieren wir Sie dar\u00fcber, dass die Nutzung unserer Website die Angabe bestimmter personenbezogener Daten \u00fcber Registrierungs- oder Kontaktformulare oder durch das Versenden von E-Mails erfordern kann und dass diese Daten von \" verarbeitet werden.<strong>FV-Komponenten\".<\/strong>Der Verantwortliche f\u00fcr die Verarbeitung, dessen Angaben sind:<\/p>\n<ul>\n<li><strong>Name des Unternehmens<\/strong>ICIDE Energ\u00eda, S.L.<\/li>\n<li><strong>MWST.-NUMMER<\/strong>: B56227523<\/li>\n<li><strong>Eingetragener Sitz<\/strong>Anschrift: C\/ Bratislava, 5, P.I. Cabezo Beaza, 30392, Cartagena, Murcia, Spanien<\/li>\n<li><strong>Telefon<\/strong>: (+34) 968 978 301<\/li>\n<li><strong>E-Mail<\/strong>: info@fvcomponentes.com<\/li>\n<\/ul>\n<p><strong>Erhebung und Verarbeitung personenbezogener Daten<\/strong><\/p>\n<p>Personenbezogene Daten sind alle Informationen, die sich auf eine Person beziehen: Name, E-Mail, Adresse, Telefonnummer, NIF\/NIE... Wenn ein Nutzer unsere Website besucht, werden au\u00dferdem bestimmte Informationen aus technischen Gr\u00fcnden automatisch gespeichert, wie z.B. die IP-Adresse, die von seinem Internetzugangsanbieter zugewiesen wird.<\/p>\n<p>\"FV Componentes\" ist als Inhaber der Datenverarbeitung verpflichtet, die Nutzer seiner Website \u00fcber die Erhebung personenbezogener Daten zu informieren, die entweder per E-Mail oder durch Ausf\u00fcllen der auf der Website enthaltenen Formulare erfolgen kann.<\/p>\n<p>Es werden nur die Daten erhoben, die zur Erbringung der vertraglich vereinbarten Dienstleistung oder zur angemessenen Beantwortung der vom Nutzer gestellten Informationsanfrage erforderlich sind. Bei den erhobenen Daten handelt es sich um identifizierende Daten, die einem angemessenen Minimum entsprechen, um die ausge\u00fcbte T\u00e4tigkeit durchf\u00fchren zu k\u00f6nnen. Insbesondere werden zu keinem Zeitpunkt besonders gesch\u00fctzte Daten erhoben. Unter keinen Umst\u00e4nden werden die Daten f\u00fcr einen anderen Zweck als den, f\u00fcr den sie erhoben wurden, verwendet.<\/p>\n<p><u>Kontaktformulare\/E-Mail <\/u><\/p>\n<p><em>Zweck<\/em>Beantwortung Ihrer Informationsanfragen, die Sie \u00fcber unser(e) Kontaktformular(e) gestellt haben.<\/p>\n<p><em>Legitimation<\/em>Die Rechtsgrundlage f\u00fcr diese Verarbeitung ist die Einwilligung des Nutzers, die jederzeit widerrufen werden kann.<\/p>\n<p><em>\u00dcbermittlung von Daten<\/em>Die personenbezogenen Daten werden \u00fcber Server verarbeitet, die von Cloudmax verwaltet werden, das als Datenverarbeiter angesehen wird.<\/p>\n<p><u>Anmeldeformulare f\u00fcr die Mailingliste (Newsletter) <\/u><\/p>\n<p><em>Zweck<\/em>Zusendung von Mitteilungen, einige davon kommerziell, die f\u00fcr die Nutzer je nach Thema der Website von Interesse sind. Wie von der LSSICE festgelegt, verpflichtet sich \"FV Componentes\", keine kommerziellen Mitteilungen zu versenden, ohne sie als solche zu kennzeichnen. In diesem Sinne werden Informationen, die an Kunden zur Aufrechterhaltung der bestehenden Vertragsbeziehung gesendet werden, wenn \u00fcberhaupt, nicht als kommerzielle Kommunikation betrachtet.<\/p>\n<p><em>Legitimation<\/em>Die Rechtsgrundlage f\u00fcr diese Verarbeitung ist die Einwilligung des Nutzers, die jederzeit widerrufen werden kann.<\/p>\n<p><em>\u00dcbermittlung von Daten<\/em>Die personenbezogenen Daten werden \u00fcber Server verarbeitet, die von Mailchimp verwaltet werden, das als Datenverarbeiter betrachtet wird.<\/p>\n<p><u>Anmeldung\/Registrierungsformulare <\/u><u>Auftraggeber\/Auftragsvergabe<\/u><\/p>\n<p><em>Verwendungszwecke<\/em>:<\/p>\n<ul>\n<li>Verwalten Sie Ihre Benutzerregistrierung auf unserer Website.<\/li>\n<li>Verwalten Sie get\u00e4tigte K\u00e4ufe.<\/li>\n<li>Informationen \u00fcber die Bearbeitung und den Status von Eink\u00e4ufen bereitstellen.<\/li>\n<li>Historische Aufzeichnung der auf unserer Website get\u00e4tigten K\u00e4ufe.<\/li>\n<li>Versand von Mitteilungen per E-Mail und\/oder Telefon, um den Nutzer \u00fcber m\u00f6gliche Vorf\u00e4lle, Fehler, Probleme und\/oder den Status von Bestellungen zu informieren.<\/li>\n<\/ul>\n<p><em>Legitimation<\/em>Die Rechtsgrundlage f\u00fcr diese Verarbeitung ist die Erf\u00fcllung eines Vertrags.<\/p>\n<p><em>\u00dcbermittlung von Daten<\/em>FV Componentes\" wird Ihre Daten nicht an Dritte weitergeben oder mitteilen, au\u00dfer in den gesetzlich vorgesehenen F\u00e4llen oder wenn es f\u00fcr die Erbringung einer Dienstleistung unbedingt erforderlich ist. Insbesondere k\u00f6nnen die Daten an folgende Stellen \u00fcbermittelt werden:<\/p>\n<ul>\n<li>Technologie- oder IT-Dienstleister.<\/li>\n<li>Anbieter von Zahlungsdiensten.<\/li>\n<li>Kurier- und Paketdienste.<\/li>\n<li>Dritte oder Vermittler, die als Dienstleister in unserem eigenen Namen t\u00e4tig sind (Agentur, Beratung usw.).<\/li>\n<\/ul>\n<p>Die \u00dcbermittlung der Daten erfolgt unter strengster Vertraulichkeit und unter Anwendung der erforderlichen Ma\u00dfnahmen, wie z. B. der Unterzeichnung von Vertraulichkeitsvertr\u00e4gen oder der Einhaltung der auf den jeweiligen Websites festgelegten Datenschutzbestimmungen. Der Nutzer kann die \u00dcbermittlung seiner Daten an die Datenverarbeiter durch einen schriftlichen Antrag auf einem der vorgenannten Wege ablehnen.<\/p>\n<p>Dar\u00fcber hinaus k\u00f6nnen die Daten des Kunden in den F\u00e4llen, in denen dies erforderlich ist, an bestimmte Stellen weitergegeben werden, um einer gesetzlichen Verpflichtung nachzukommen: Spanische Steuerbeh\u00f6rde, Banken, Arbeitsaufsichtsbeh\u00f6rde usw.<\/p>\n<p>Minderj\u00e4hrige<\/p>\n<p>Nur Personen \u00fcber 14 Jahre k\u00f6nnen auf dieser Website personenbezogene Daten angeben. Wie in der LOPD und der GDD vorgeschrieben, ist im Falle von Kindern unter 14 Jahren die Zustimmung ihrer Eltern oder Erziehungsberechtigten eine zwingende Voraussetzung daf\u00fcr, dass wir ihre personenbezogenen Daten verarbeiten k\u00f6nnen.<\/p>\n<p>Andererseits k\u00f6nnen unsere Dienstleistungen nur von Personen \u00fcber 18 Jahren in Anspruch genommen werden. Bei Minderj\u00e4hrigen unter 18 Jahren ist die Zustimmung der Eltern oder Erziehungsberechtigten eine zwingende Voraussetzung f\u00fcr die Erbringung der angebotenen Dienstleistungen, es sei denn, der Minderj\u00e4hrige ist vollj\u00e4hrig.<\/p>\n<p><strong>Benutzer-Registrierung<\/strong><\/p>\n<p>Wenn sich der Nutzer \u00fcber das entsprechende Formular registriert, sammeln wir unter anderem folgende Informationen:<\/p>\n<ul>\n<li>Vorname und Nachname<\/li>\n<li>E-Mail und\/oder Telefon<\/li>\n<li>Lieferadressen<\/li>\n<li>IP<\/li>\n<li>Benutzername\/Passwort<\/li>\n<\/ul>\n<p>Der Nutzer muss auch ein Passwort angeben, das bestimmten Sicherheitsanforderungen gen\u00fcgen muss. Sie verfallen nicht. Um das Passwort wiederherzustellen, muss der Nutzer das entsprechende Formular zur Wiederherstellung aufrufen und seine E-Mail-Adresse eingeben, um den Vorgang fortzusetzen und das Passwort zu \u00e4ndern, indem er auf den Link klickt, der an die angegebene E-Mail-Adresse geschickt wird. Der Benutzer ist f\u00fcr die Geheimhaltung seines Passworts verantwortlich, ebenso wie f\u00fcr alle Verwendungen, die er vornimmt. Sie m\u00fcssen \"FV Componentes\" so schnell wie m\u00f6glich \u00fcber jede unbefugte Nutzung Ihres Kontos oder Passworts informieren.<\/p>\n<p>Nach der Registrierung hat der Nutzer Zugang zu einem privaten Bereich, in dem er bestimmte Inhalte einsehen, get\u00e4tigte K\u00e4ufe registrieren kann usw. Er kann auch die Optionen seines Kontos verwalten, z. B. sein Passwort oder seine Benutzerdaten.<\/p>\n<p>Der Nutzer kann die folgenden Benachrichtigungen erhalten:<\/p>\n<ul>\n<li>Bei der Registrierung auf der Plattform (E-Mail zur Kontobest\u00e4tigung).<\/li>\n<li>Bei Eink\u00e4ufen, z. B. Kaufnachweis, Vorf\u00e4lle, durchgef\u00fchrte Sendungen usw.<\/li>\n<li>Der Nutzer erh\u00e4lt den Newsletter des Shops, wenn er sich im Shop registriert hat. Er kann sich in seinem Benutzerbereich und \u00fcber die entsprechenden Links am Ende des Newsletters abmelden.<\/li>\n<li>Durch die Wiederherstellung des Passworts (im vorherigen Feld angegeben).<\/li>\n<li>Bei Abmeldung oder L\u00f6schung des Kontos.<\/li>\n<\/ul>\n<p>Sicherheitsma\u00dfnahmen<\/p>\n<p>Die Nutzer der Website \"FV Componentes\" werden dar\u00fcber informiert, dass die uns zur Verf\u00fcgung stehenden technischen und organisatorischen Sicherheitsma\u00dfnahmen ergriffen wurden, um den Verlust, den Missbrauch, die Ver\u00e4nderung, den unbefugten Zugriff und den Diebstahl von Daten zu verhindern und somit die Vertraulichkeit, die Integrit\u00e4t und die Qualit\u00e4t der darin enthaltenen Informationen in \u00dcbereinstimmung mit den geltenden Datenschutzbestimmungen zu gew\u00e4hrleisten. Die in den Formularen erhobenen personenbezogenen Daten werden ausschlie\u00dflich von den Mitarbeitern von \"FV Componentes\" oder den benannten Datenverarbeitern verarbeitet.<\/p>\n<p>Die Website \"FV Componentes\" verf\u00fcgt \u00fcber eine SSL-Verschl\u00fcsselung, die es den Nutzern erm\u00f6glicht, ihre pers\u00f6nlichen Daten sicher \u00fcber die Kontakt- oder Anmeldeformulare der Website zu \u00fcbermitteln.<\/p>\n<p><strong>Wahrheitsgehalt der Daten<\/strong><\/p>\n<p>Der Nutzer erkl\u00e4rt, dass alle von ihm angegebenen Daten wahr und richtig sind und verpflichtet sich, sie auf dem neuesten Stand zu halten. Der Nutzer ist f\u00fcr die Richtigkeit seiner Daten verantwortlich und tr\u00e4gt die alleinige Verantwortung f\u00fcr etwaige Streitigkeiten oder Rechtsstreitigkeiten, die sich aus der Unrichtigkeit dieser Daten ergeben k\u00f6nnten. Damit wir die pers\u00f6nlichen Daten auf dem neuesten Stand halten k\u00f6nnen, ist es wichtig, dass der Nutzer \"FV Componentes\" \u00fcber jede \u00c4nderung der Daten informiert.<\/p>\n<p><strong>\u00dcbermittlung von Daten<\/strong><\/p>\n<p>\"FV Componentes\" wird Ihre Daten nicht an Dritte weitergeben oder mitteilen, au\u00dfer in den gesetzlich vorgesehenen F\u00e4llen oder wenn die Erbringung einer Dienstleistung eine vertragliche Beziehung mit einem Datenverarbeiter erforderlich macht. Der Nutzer erkl\u00e4rt sich damit einverstanden, dass einige der erfassten personenbezogenen Daten an diese Datenverarbeiter (Zahlungsplattformen, Agenturen, Vermittler usw.) weitergegeben werden k\u00f6nnen, wenn dies f\u00fcr die effektive Erbringung einer vertraglich vereinbarten Dienstleistung oder eines gekauften Produkts erforderlich ist. Der Nutzer akzeptiert auch, dass im Falle der Erbringung von Dienstleistungen diese ganz oder teilweise an andere Personen oder Unternehmen untervergeben werden k\u00f6nnen, die als Datenverarbeiter gelten, mit denen ein entsprechender Vertraulichkeitsvertrag abgeschlossen wurde oder die sich an ihre auf ihren jeweiligen Websites festgelegten Datenschutzrichtlinien gehalten haben. Der Nutzer kann die \u00dcbermittlung seiner Daten an die Datenverarbeiter durch einen schriftlichen Antrag auf einem der oben genannten Wege ablehnen.<\/p>\n<p>Dar\u00fcber hinaus k\u00f6nnen die Daten des Kunden in den F\u00e4llen, in denen dies erforderlich ist, an bestimmte Stellen weitergegeben werden, um einer gesetzlichen Verpflichtung nachzukommen: Spanische Steuerbeh\u00f6rde, Banken, Arbeitsaufsichtsbeh\u00f6rde usw.<\/p>\n<p><strong>Aus\u00fcbung von Nutzerrechten<\/strong><\/p>\n<p>Die LOPD und GDD sowie die RGPD gew\u00e4hren den Betroffenen die M\u00f6glichkeit, eine Reihe von Rechten im Zusammenhang mit der Verarbeitung ihrer personenbezogenen Daten auszu\u00fcben. Zu diesem Zweck muss sich der Nutzer unter Vorlage eines Identit\u00e4tsnachweises (Personalausweis oder Reisepass) per E-Mail an info@fvcomponentes.com oder schriftlich an die in unserem Impressum genannte Adresse wenden. Diese Mitteilung muss folgende Angaben enthalten: Vor- und Nachname des Nutzers, Zweck der Anfrage, Adresse und unterst\u00fctzende Daten.<\/p>\n<p>Die Aus\u00fcbung der Rechte muss durch den Nutzer selbst erfolgen. Sie k\u00f6nnen jedoch von einer Person ausge\u00fcbt werden, die als gesetzlicher Vertreter des Nutzers bevollm\u00e4chtigt ist und die Unterlagen vorlegt, die eine solche Vertretung best\u00e4tigen.<\/p>\n<p>Der Nutzer kann die Aus\u00fcbung der folgenden Rechte beantragen:<\/p>\n<ul>\n<li>Recht auf Beantragung der <strong>Zugang<\/strong> auf personenbezogene Daten, d. h. das Recht, Auskunft dar\u00fcber zu erhalten, ob personenbezogene Daten verarbeitet werden, den Zweck der Verarbeitung, die gegebenenfalls erfolgt, sowie die verf\u00fcgbaren Informationen \u00fcber die Herkunft dieser Daten und die erfolgte oder geplante Weitergabe derselben.<\/li>\n<li>Recht auf Beantragung Ihrer <strong>Nachbesserung<\/strong>wenn die personenbezogenen Daten unrichtig oder ungenau sind, oder <strong>L\u00f6schung <\/strong>von Daten, die sich als unzureichend oder \u00fcberh\u00f6ht erweisen.<\/li>\n<li>Recht auf Beantragung der <strong>Begrenzung<\/strong> In diesem Fall werden von \"FV Componentes\" nur die Daten aufbewahrt, die f\u00fcr die Geltendmachung oder Abwehr von Anspr\u00fcchen unbedingt erforderlich sind.<\/li>\n<li>Recht auf <strong>Objekt<\/strong> gegen die Verarbeitung: Dies bezieht sich auf das Recht der betroffenen Person, die Verarbeitung ihrer personenbezogenen Daten zu verweigern oder die Verarbeitung zu beenden, wenn die Einwilligung der betroffenen Person f\u00fcr die Verarbeitung nicht erforderlich ist, wenn es sich um Akten zu kommerziellen Zwecken handelt oder um Entscheidungen in Bezug auf die betroffene Person zu treffen, die ausschlie\u00dflich auf der automatisierten Verarbeitung ihrer Daten beruhen, es sei denn, die Daten m\u00fcssen aus legitimen Gr\u00fcnden oder zur Geltendmachung oder Verteidigung etwaiger Anspr\u00fcche weiter verarbeitet werden.<\/li>\n<li>Recht auf <strong>Tragbarkeit<\/strong> der Daten: Falls Sie w\u00fcnschen, dass Ihre Daten von einem anderen Unternehmen verarbeitet werden, wird \"FV Componentes\" Ihnen die \u00dcbertragbarkeit Ihrer Daten in einem exportierbaren Format erm\u00f6glichen.<\/li>\n<\/ul>\n<p>Wenn die Einwilligung f\u00fcr einen bestimmten Zweck erteilt wurde, <strong>der Nutzer hat das Recht, seine Zustimmung jederzeit zu widerrufen<\/strong>ohne dass die Rechtm\u00e4\u00dfigkeit der auf der Einwilligung beruhenden Verarbeitung vor deren Widerruf ber\u00fchrt wird.<\/p>\n<p>Wir verpflichten uns, alle diese Rechte innerhalb der gesetzlichen H\u00f6chstfrist (1 Monat) zu erf\u00fcllen.<\/p>\n<p>Wenn ein Nutzer der Meinung ist, dass es ein Problem mit der Art und Weise gibt, wie \"FV Componentes\" mit seinen Daten umgeht, kann er sich mit seinen Beschwerden an den Sicherheitsbeauftragten oder an die zust\u00e4ndige Datenschutzbeh\u00f6rde wenden, im Falle Spaniens an die spanische Datenschutzbeh\u00f6rde.<\/p>\n<p>Vorratsspeicherung von Daten<\/p>\n<p>Die personenbezogenen Daten von Nutzern, die das Kontaktformular verwenden oder uns eine E-Mail mit der Bitte um Informationen schicken, werden so lange verarbeitet, wie es unbedingt erforderlich ist, um auf die Informationsanfrage zu antworten, oder bis die erteilte Zustimmung widerrufen wird.<\/p>\n<p>Die personenbezogenen Daten des Kunden werden bis zur Beendigung des Vertragsverh\u00e4ltnisses verarbeitet. Die Aufbewahrungsfrist f\u00fcr personenbezogene Daten ist das erforderliche Minimum und kann bis zur Beendigung des Vertragsverh\u00e4ltnisses aufbewahrt werden:<\/p>\n<ul>\n<li>4 Jahre: Gesetz \u00fcber Straftaten und Sanktionen in der Sozialordnung (Verpflichtungen in Bezug auf Zugeh\u00f6rigkeit, An- und Abmeldungen, Beitr\u00e4ge, Lohnzahlungen...); Art. 66 ff. des Allgemeinen Steuergesetzes (Buchf\u00fchrung...)<\/li>\n<li>5 Jahre: Art. 1964 Zivilgesetzbuch (pers\u00f6nliche Klagen ohne besondere zeitliche Begrenzung)<\/li>\n<li>6 Jahre: Art. 30 Handelsgesetzbuch (Gesch\u00e4ftsb\u00fccher, Rechnungen...)<\/li>\n<li>10 Jahre: Art. 25 Gesetz zur Verhinderung von Geldw\u00e4sche und Terrorismusfinanzierung (Prevention of Money Laundering and Terrorist Financing Act).<\/li>\n<li>Keine Frist: aufgeschl\u00fcsselte und anonymisierte Daten.<\/li>\n<\/ul>\n<p>Die Daten der Nutzer, die sich f\u00fcr den Newsletter anmelden, werden auf unbestimmte Zeit gespeichert, bis die erteilte Einwilligung widerrufen wird.<\/p>\n<p>Bei der Verarbeitung von Bewerberdaten (Lebenslauf) kann \"FV Componentes\" den Lebenslauf maximal zwei Jahre lang aufbewahren, um ihn in k\u00fcnftige Ausschreibungen einflie\u00dfen zu lassen, sofern der Bewerber nichts anderes angibt.<\/p>\n<p>Soziale Netzwerke<\/p>\n<p>\"FV Componentes\" hat ein Profil in einigen der wichtigsten sozialen Netzwerke im Internet (Facebook, Instagram, LinkedIn) und ist sich bewusst, dass es in allen F\u00e4llen f\u00fcr die Verarbeitung der Daten seiner Follower, Fans, Abonnenten, Kommentatoren und anderer von \"FV Componentes\" ver\u00f6ffentlichter Nutzerprofile (im Folgenden Follower) verantwortlich ist.<\/p>\n<p>Der Zweck der Datenverarbeitung durch \"FV Componentes\" ist, sofern das Gesetz dies nicht verbietet, die Information seiner Anh\u00e4nger \u00fcber seine Aktivit\u00e4ten und Angebote mit allen Mitteln, die das soziale Netzwerk erlaubt, sowie die Bereitstellung eines personalisierten Dienstes f\u00fcr den Nutzer. Die Rechtsgrundlage, die diese Behandlung legitimiert, ist die Zustimmung der betroffenen Person, die jederzeit widerrufen werden kann.<\/p>\n<p>FV Componentes\" wird unter keinen Umst\u00e4nden Daten aus sozialen Netzwerken extrahieren, es sei denn, die Zustimmung des Nutzers wurde ausdr\u00fccklich zu diesem Zweck eingeholt (z. B. zur Durchf\u00fchrung eines Gewinnspiels).<\/p>\n<p>Internationale Daten\u00fcbertragungen<\/p>\n<p>\"FV Componentes\" nutzt die elektronischen Kommunikationsdienste der Firma Mailchimp, die ihren Sitz in den Vereinigten Staaten hat. Mit diesem Unternehmen wurden von der Europ\u00e4ischen Kommission genehmigte Standardvertragsklauseln unterzeichnet, um ein angemessenes Schutzniveau bei der Verarbeitung Ihrer personenbezogenen Daten gem\u00e4\u00df den von der RGPD festgelegten Kriterien zu gew\u00e4hrleisten.<\/p>\n<p>Personalauswahl<\/p>\n<p>Bewerber, die elektronische Mitteilungen an \"FV Componentes\" senden, um Zugang zu den Personalauswahlverfahren der verantwortlichen Partei zu erhalten, erm\u00e4chtigen uns, die gesendeten Dokumente (z. B. Lebenslauf) zu analysieren.), alle Inhalte, die direkt \u00fcber Internet-Suchmaschinen (z.B. Google) zug\u00e4nglich sind, die Profile, die Sie in professionellen sozialen Netzwerken (z.B. LinkedIn) unterhalten, die Daten, die Sie in den Eingangstests erhalten haben, und die Informationen, die Sie im Vorstellungsgespr\u00e4ch preisgeben, mit dem Ziel zu analysieren, Ihre Kandidatur zu bewerten und Ihnen gegebenenfalls eine Stelle anbieten zu k\u00f6nnen. F\u00fcr den Fall, dass der Bewerber nicht ausgew\u00e4hlt wird, kann \"FV Componentes\" seinen Lebenslauf maximal zwei Jahre lang aufbewahren, um ihn in k\u00fcnftige Ausschreibungen einflie\u00dfen zu lassen, sofern der Bewerber nichts anderes angibt. Die Rechtsgrundlage f\u00fcr diese Verarbeitung ist die Zustimmung des Interessenten, die jederzeit widerrufen werden kann.<\/p>\n<p>Vertraulichkeit<\/p>\n<p>Die vom Nutzer zur Verf\u00fcgung gestellten Informationen werden in jedem Fall als vertraulich betrachtet und k\u00f6nnen nicht f\u00fcr andere als die hier beschriebenen Zwecke verwendet werden. \"FV Componentes\" verpflichtet sich, keine Informationen \u00fcber die Anspr\u00fcche des Nutzers, die Gr\u00fcnde f\u00fcr die angeforderte Beratung oder die Dauer der Beziehung zum Nutzer weiterzugeben oder zu offenbaren.<\/p>\n<p><strong>G\u00fcltigkeit<\/strong><\/p>\n<p>Die vorliegende Politik zum Schutz der Privatsph\u00e4re und der Daten wurde mit Stand vom 22. M\u00e4rz 2023 erstellt und kann sich aufgrund von \u00c4nderungen der Vorschriften und der Rechtsprechung \u00e4ndern. Es liegt in der Verantwortung des Inhabers der Daten, das aktualisierte Dokument zu lesen, um seine Rechte und Pflichten in diesem Bereich jederzeit zu kennen.<\/p>\t\t\t\t\t\t\t\t<\/div>\n\t\t\t\t<\/div>\n\t\t\t\t\t<\/div>\n\t\t<\/div>\n\t\t\t\t\t<\/div>\n\t\t<\/section>\n\t\t\t\t<\/div>","protected":false},"excerpt":{"rendered":"<p>Pol\u00edtica de privacidad \u201cFV Componentes\u201d se encuentra profundamente comprometido con el cumplimiento de la normativa espa\u00f1ola y europea de protecci\u00f3n de datos de car\u00e1cter personal, y garantiza el cumplimiento \u00edntegro de las obligaciones dispuestas, as\u00ed como la implementaci\u00f3n de las medidas de seguridad dispuestas en el Reglamento General de Protecci\u00f3n de Datos (RGPD) (UE) 2016\/679, [&hellip;]<\/p>\n","protected":false},"author":1,"featured_media":0,"parent":0,"menu_order":0,"comment_status":"closed","ping_status":"closed","template":"","meta":{"site-sidebar-layout":"no-sidebar","site-content-layout":"page-builder","ast-site-content-layout":"full-width-container","site-content-style":"unboxed","site-sidebar-style":"unboxed","ast-global-header-display":"","ast-banner-title-visibility":"","ast-main-header-display":"","ast-hfb-above-header-display":"","ast-hfb-below-header-display":"","ast-hfb-mobile-header-display":"","site-post-title":"disabled","ast-breadcrumbs-content":"","ast-featured-img":"disabled","footer-sml-layout":"","ast-disable-related-posts":"","theme-transparent-header-meta":"","adv-header-id-meta":"","stick-header-meta":"","header-above-stick-meta":"","header-main-stick-meta":"","header-below-stick-meta":"","astra-migrate-meta-layouts":"set","ast-page-background-enabled":"default","ast-page-background-meta":{"desktop":{"background-color":"var(--ast-global-color-4)","background-image":"","background-repeat":"repeat","background-position":"center center","background-size":"auto","background-attachment":"scroll","background-type":"","background-media":"","overlay-type":"","overlay-color":"","overlay-opacity":"","overlay-gradient":""},"tablet":{"background-color":"","background-image":"","background-repeat":"repeat","background-position":"center center","background-size":"auto","background-attachment":"scroll","background-type":"","background-media":"","overlay-type":"","overlay-color":"","overlay-opacity":"","overlay-gradient":""},"mobile":{"background-color":"","background-image":"","background-repeat":"repeat","background-position":"center center","background-size":"auto","background-attachment":"scroll","background-type":"","background-media":"","overlay-type":"","overlay-color":"","overlay-opacity":"","overlay-gradient":""}},"ast-content-background-meta":{"desktop":{"background-color":"var(--ast-global-color-5)","background-image":"","background-repeat":"repeat","background-position":"center center","background-size":"auto","background-attachment":"scroll","background-type":"","background-media":"","overlay-type":"","overlay-color":"","overlay-opacity":"","overlay-gradient":""},"tablet":{"background-color":"var(--ast-global-color-5)","background-image":"","background-repeat":"repeat","background-position":"center center","background-size":"auto","background-attachment":"scroll","background-type":"","background-media":"","overlay-type":"","overlay-color":"","overlay-opacity":"","overlay-gradient":""},"mobile":{"background-color":"var(--ast-global-color-5)","background-image":"","background-repeat":"repeat","background-position":"center center","background-size":"auto","background-attachment":"scroll","background-type":"","background-media":"","overlay-type":"","overlay-color":"","overlay-opacity":"","overlay-gradient":""}},"footnotes":""},"class_list":["post-4708","page","type-page","status-publish","hentry"],"_links":{"self":[{"href":"https:\/\/fvcomponentes.com\/de\/wp-json\/wp\/v2\/pages\/4708","targetHints":{"allow":["GET"]}}],"collection":[{"href":"https:\/\/fvcomponentes.com\/de\/wp-json\/wp\/v2\/pages"}],"about":[{"href":"https:\/\/fvcomponentes.com\/de\/wp-json\/wp\/v2\/types\/page"}],"author":[{"embeddable":true,"href":"https:\/\/fvcomponentes.com\/de\/wp-json\/wp\/v2\/users\/1"}],"replies":[{"embeddable":true,"href":"https:\/\/fvcomponentes.com\/de\/wp-json\/wp\/v2\/comments?post=4708"}],"version-history":[{"count":3,"href":"https:\/\/fvcomponentes.com\/de\/wp-json\/wp\/v2\/pages\/4708\/revisions"}],"predecessor-version":[{"id":30696,"href":"https:\/\/fvcomponentes.com\/de\/wp-json\/wp\/v2\/pages\/4708\/revisions\/30696"}],"wp:attachment":[{"href":"https:\/\/fvcomponentes.com\/de\/wp-json\/wp\/v2\/media?parent=4708"}],"curies":[{"name":"wp","href":"https:\/\/api.w.org\/{rel}","templated":true}]}}