{"id":4337,"date":"2022-12-07T18:03:27","date_gmt":"2022-12-07T17:03:27","guid":{"rendered":"https:\/\/fvcomponentes.com\/?page_id=4337"},"modified":"2024-08-09T21:32:16","modified_gmt":"2024-08-09T19:32:16","slug":"wir","status":"publish","type":"page","link":"https:\/\/fvcomponentes.com\/de\/nosotros\/","title":{"rendered":"Wir"},"content":{"rendered":"<div data-elementor-type=\"wp-page\" data-elementor-id=\"4337\" class=\"elementor elementor-4337\" data-elementor-post-type=\"page\">\n\t\t\t\t\t\t<section class=\"elementor-section elementor-top-section elementor-element elementor-element-36388b6 elementor-section-boxed elementor-section-height-default elementor-section-height-default\" data-id=\"36388b6\" data-element_type=\"section\" data-e-type=\"section\">\n\t\t\t\t\t\t<div class=\"elementor-container elementor-column-gap-default\">\n\t\t\t\t\t<div class=\"elementor-column elementor-col-100 elementor-top-column elementor-element elementor-element-15b0b40\" data-id=\"15b0b40\" data-element_type=\"column\" data-e-type=\"column\">\n\t\t\t<div class=\"elementor-widget-wrap elementor-element-populated\">\n\t\t\t\t\t\t<div class=\"elementor-element elementor-element-a75a3d0 elementor-widget elementor-widget-heading\" data-id=\"a75a3d0\" data-element_type=\"widget\" data-e-type=\"widget\" data-widget_type=\"heading.default\">\n\t\t\t\t<div class=\"elementor-widget-container\">\n\t\t\t\t\t<h1 class=\"elementor-heading-title elementor-size-default\">Experten f\u00fcr Photovoltaik und Solarkomponenten<\/h1>\t\t\t\t<\/div>\n\t\t\t\t<\/div>\n\t\t\t\t<div class=\"elementor-element elementor-element-ee3c95b elementor-widget-divider--view-line elementor-widget elementor-widget-divider\" data-id=\"ee3c95b\" data-element_type=\"widget\" data-e-type=\"widget\" data-widget_type=\"divider.default\">\n\t\t\t\t<div class=\"elementor-widget-container\">\n\t\t\t\t\t\t\t<div class=\"elementor-divider\">\n\t\t\t<span class=\"elementor-divider-separator\">\n\t\t\t\t\t\t<\/span>\n\t\t<\/div>\n\t\t\t\t\t\t<\/div>\n\t\t\t\t<\/div>\n\t\t\t\t<div class=\"elementor-element elementor-element-e35cdee elementor-widget elementor-widget-text-editor\" data-id=\"e35cdee\" data-element_type=\"widget\" data-e-type=\"widget\" data-widget_type=\"text-editor.default\">\n\t\t\t\t<div class=\"elementor-widget-container\">\n\t\t\t\t\t\t\t\t\t<p>FV Componentes ist eine Marke von ICIDE Energ\u00eda S.L. - B56227523, Wir sind Ihr Referenz-Onlineshop, spezialisiert auf Photovoltaik-Solarenergieprodukte und Zubeh\u00f6r. Wir bieten eine gro\u00dfe Auswahl an Solarmodulen, Wechselrichtern, Batterien und allem notwendigen Zubeh\u00f6r f\u00fcr die Installation und Wartung von Solarsystemen.<\/p>\n<p>Bei PV Components bieten wir ausschlie\u00dflich qualitativ hochwertige, hocheffiziente Photovoltaikmodule an, die eine optimale Leistung und eine erh\u00f6hte Energieproduktion gew\u00e4hrleisten. Wechselrichter, die f\u00fcr die Umwandlung von Solarenergie in nutzbare elektrische Energie unerl\u00e4sslich sind, sind ebenfalls in einer Vielzahl von Gr\u00f6\u00dfen und Leistungsstufen erh\u00e4ltlich, um den Anforderungen jedes Projekts gerecht zu werden.<\/p>\n<p>Zus\u00e4tzlich zu den Solarmodulen verf\u00fcgt FV Componentes \u00fcber Energiespeichersysteme, wie z. B. Solarbatterien, die es erm\u00f6glichen, die tags\u00fcber erzeugte Energie zu speichern, um sie in Zeiten geringer Produktion, wie z. B. in der Nacht oder an bew\u00f6lkten Tagen, zu nutzen.<\/p>\n<p>Wir f\u00fchren ein breites Sortiment an Zubeh\u00f6r f\u00fcr die Installation und Wartung von Solarsystemen, wie z. B. Kabel, Stecker, Werkzeuge und Systemmonitore. Dieses Zubeh\u00f6r ist unerl\u00e4sslich, um eine sichere und korrekte Installation zu gew\u00e4hrleisten und das System in gutem Zustand zu halten.<\/p>\n<p>FV Componentes ist eine ausgezeichnete Wahl f\u00fcr alle, die an der Installation einer Photovoltaikanlage interessiert sind, sei es f\u00fcr den privaten oder professionellen Gebrauch. Wir bieten eine gro\u00dfe Auswahl an qualitativ hochwertigen Produkten und das gesamte notwendige Zubeh\u00f6r f\u00fcr eine sichere und effiziente Installation sowie einen au\u00dfergew\u00f6hnlichen Kundenservice.<\/p>\t\t\t\t\t\t\t\t<\/div>\n\t\t\t\t<\/div>\n\t\t\t\t\t<\/div>\n\t\t<\/div>\n\t\t\t\t\t<\/div>\n\t\t<\/section>\n\t\t\t\t<section class=\"elementor-section elementor-top-section elementor-element elementor-element-2b4dae1 elementor-section-boxed elementor-section-height-default elementor-section-height-default\" data-id=\"2b4dae1\" data-element_type=\"section\" data-e-type=\"section\">\n\t\t\t\t\t\t<div class=\"elementor-container elementor-column-gap-default\">\n\t\t\t\t\t<div class=\"elementor-column elementor-col-100 elementor-top-column elementor-element elementor-element-19dcf51\" data-id=\"19dcf51\" data-element_type=\"column\" data-e-type=\"column\">\n\t\t\t<div class=\"elementor-widget-wrap elementor-element-populated\">\n\t\t\t\t\t\t<div class=\"elementor-element elementor-element-dc56bd6 elementor-widget elementor-widget-heading\" data-id=\"dc56bd6\" data-element_type=\"widget\" data-e-type=\"widget\" data-widget_type=\"heading.default\">\n\t\t\t\t<div class=\"elementor-widget-container\">\n\t\t\t\t\t<h2 class=\"elementor-heading-title elementor-size-default\">Amtlicher technischer Dienst<\/h2>\t\t\t\t<\/div>\n\t\t\t\t<\/div>\n\t\t\t\t<div class=\"elementor-element elementor-element-518753f elementor-widget-divider--view-line elementor-widget elementor-widget-divider\" data-id=\"518753f\" data-element_type=\"widget\" data-e-type=\"widget\" data-widget_type=\"divider.default\">\n\t\t\t\t<div class=\"elementor-widget-container\">\n\t\t\t\t\t\t\t<div class=\"elementor-divider\">\n\t\t\t<span class=\"elementor-divider-separator\">\n\t\t\t\t\t\t<\/span>\n\t\t<\/div>\n\t\t\t\t\t\t<\/div>\n\t\t\t\t<\/div>\n\t\t\t\t\t<\/div>\n\t\t<\/div>\n\t\t\t\t\t<\/div>\n\t\t<\/section>\n\t\t\t\t<section class=\"elementor-section elementor-top-section elementor-element elementor-element-c4dcb9d elementor-section-content-middle elementor-reverse-mobile elementor-section-boxed elementor-section-height-default elementor-section-height-default\" data-id=\"c4dcb9d\" data-element_type=\"section\" data-e-type=\"section\">\n\t\t\t\t\t\t<div class=\"elementor-container elementor-column-gap-default\">\n\t\t\t\t\t<div class=\"elementor-column elementor-col-50 elementor-top-column elementor-element elementor-element-c4ab025\" data-id=\"c4ab025\" data-element_type=\"column\" data-e-type=\"column\">\n\t\t\t<div class=\"elementor-widget-wrap elementor-element-populated\">\n\t\t\t\t\t\t<div class=\"elementor-element elementor-element-1f2da7b elementor-widget elementor-widget-text-editor\" data-id=\"1f2da7b\" data-element_type=\"widget\" data-e-type=\"widget\" data-widget_type=\"text-editor.default\">\n\t\t\t\t<div class=\"elementor-widget-container\">\n\t\t\t\t\t\t\t\t\t<p>Wir sind der offizielle technische Dienst der renommierten Marke von Solarwechselrichtern.\u00a0<strong>Fronius.<\/strong>\u00a0Als FSP (Fronius System Partner) sind wir in der Lage, allen unseren Kunden einen erstklassigen offiziellen technischen Support zu bieten und alle Ger\u00e4teprobleme schnell und effizient zu l\u00f6sen. Unsere Mitarbeiter sind zertifiziert und verf\u00fcgen \u00fcber das notwendige Wissen, um Ihnen den besten technischen Service zu bieten. <strong>Fronius<\/strong>.<\/p>\t\t\t\t\t\t\t\t<\/div>\n\t\t\t\t<\/div>\n\t\t\t\t\t<\/div>\n\t\t<\/div>\n\t\t\t\t<div class=\"elementor-column elementor-col-50 elementor-top-column elementor-element elementor-element-87200dd\" data-id=\"87200dd\" data-element_type=\"column\" data-e-type=\"column\">\n\t\t\t<div class=\"elementor-widget-wrap elementor-element-populated\">\n\t\t\t\t\t\t<div class=\"elementor-element elementor-element-d0d15e6 elementor-widget elementor-widget-image\" data-id=\"d0d15e6\" data-element_type=\"widget\" data-e-type=\"widget\" data-widget_type=\"image.default\">\n\t\t\t\t<div class=\"elementor-widget-container\">\n\t\t\t\t\t\t\t\t\t\t\t\t\t\t\t<img decoding=\"async\" width=\"330\" height=\"92\" src=\"https:\/\/fvcomponentes.com\/wp-content\/uploads\/2022\/12\/fronius-logo.png\" class=\"attachment-full size-full wp-image-4288\" alt=\"\" srcset=\"https:\/\/fvcomponentes.com\/wp-content\/uploads\/2022\/12\/fronius-logo.png 330w, https:\/\/fvcomponentes.com\/wp-content\/uploads\/2022\/12\/fronius-logo-300x84.png 300w, https:\/\/fvcomponentes.com\/wp-content\/uploads\/2022\/12\/fronius-logo-200x56.png 200w\" sizes=\"(max-width: 330px) 100vw, 330px\" title=\"\">\t\t\t\t\t\t\t\t\t\t\t\t\t\t\t<\/div>\n\t\t\t\t<\/div>\n\t\t\t\t\t<\/div>\n\t\t<\/div>\n\t\t\t\t\t<\/div>\n\t\t<\/section>\n\t\t\t\t<section class=\"elementor-section elementor-top-section elementor-element elementor-element-fa5f201 elementor-section-content-middle elementor-section-boxed elementor-section-height-default elementor-section-height-default\" data-id=\"fa5f201\" data-element_type=\"section\" data-e-type=\"section\">\n\t\t\t\t\t\t<div class=\"elementor-container elementor-column-gap-default\">\n\t\t\t\t\t<div class=\"elementor-column elementor-col-50 elementor-top-column elementor-element elementor-element-4df6454\" data-id=\"4df6454\" data-element_type=\"column\" data-e-type=\"column\">\n\t\t\t<div class=\"elementor-widget-wrap elementor-element-populated\">\n\t\t\t\t\t\t<div class=\"elementor-element elementor-element-95a3fbe elementor-widget elementor-widget-image\" data-id=\"95a3fbe\" data-element_type=\"widget\" data-e-type=\"widget\" data-widget_type=\"image.default\">\n\t\t\t\t<div class=\"elementor-widget-container\">\n\t\t\t\t\t\t\t\t\t\t\t\t\t\t\t<img decoding=\"async\" width=\"330\" height=\"52\" src=\"https:\/\/fvcomponentes.com\/wp-content\/uploads\/2022\/12\/LogoVictron.png\" class=\"attachment-full size-full wp-image-4291\" alt=\"\" srcset=\"https:\/\/fvcomponentes.com\/wp-content\/uploads\/2022\/12\/LogoVictron.png 330w, https:\/\/fvcomponentes.com\/wp-content\/uploads\/2022\/12\/LogoVictron-300x47.png 300w, https:\/\/fvcomponentes.com\/wp-content\/uploads\/2022\/12\/LogoVictron-200x32.png 200w\" sizes=\"(max-width: 330px) 100vw, 330px\" title=\"\">\t\t\t\t\t\t\t\t\t\t\t\t\t\t\t<\/div>\n\t\t\t\t<\/div>\n\t\t\t\t\t<\/div>\n\t\t<\/div>\n\t\t\t\t<div class=\"elementor-column elementor-col-50 elementor-top-column elementor-element elementor-element-49bcf56\" data-id=\"49bcf56\" data-element_type=\"column\" data-e-type=\"column\">\n\t\t\t<div class=\"elementor-widget-wrap elementor-element-populated\">\n\t\t\t\t\t\t<div class=\"elementor-element elementor-element-c5469c1 elementor-widget elementor-widget-text-editor\" data-id=\"c5469c1\" data-element_type=\"widget\" data-e-type=\"widget\" data-widget_type=\"text-editor.default\">\n\t\t\t\t<div class=\"elementor-widget-container\">\n\t\t\t\t\t\t\t\t\t<p>Wir sind autorisierte Installateure von\u00a0<strong>Victron Energie<\/strong>\u00a0(Phoenix-Wechselrichter, Multiplus-Wechselrichter-Ladeger\u00e4te, Bluesolar- und SmartSolar-Laderegler, etc...) Wir vertrauen dem 100% in\u00a0<strong>Victron Energie<\/strong>. Die Qualit\u00e4t ihrer Ger\u00e4te, die Effizienz ihres Kundendienstes und die Einfachheit ihrer Bedienung machen sie f\u00fcr unsere Kunden zur ersten Adresse. Seien Sie vorsichtig mit anderen \"All-inclusive\"-Ger\u00e4ten.<\/p>\t\t\t\t\t\t\t\t<\/div>\n\t\t\t\t<\/div>\n\t\t\t\t\t<\/div>\n\t\t<\/div>\n\t\t\t\t\t<\/div>\n\t\t<\/section>\n\t\t\t\t<\/div>","protected":false},"excerpt":{"rendered":"<p>Expertos en energ\u00eda solar fotovoltaica y componentes FV Componentes marca comercial de ICIDE Energ\u00eda S.L.&nbsp; &#8211; B56227523,&nbsp; Somos tu tienda online de referencia, especializada en productos de energ\u00eda solar fotovoltaica y accesorios. Ofrecemos una amplia variedad de paneles solares, inversores, bater\u00edas, y todos los accesorios necesarios para la instalaci\u00f3n y el mantenimiento de sistemas solares. [&hellip;]<\/p>\n","protected":false},"author":1,"featured_media":0,"parent":0,"menu_order":0,"comment_status":"closed","ping_status":"closed","template":"","meta":{"site-sidebar-layout":"no-sidebar","site-content-layout":"page-builder","ast-site-content-layout":"full-width-container","site-content-style":"unboxed","site-sidebar-style":"unboxed","ast-global-header-display":"","ast-banner-title-visibility":"","ast-main-header-display":"","ast-hfb-above-header-display":"","ast-hfb-below-header-display":"","ast-hfb-mobile-header-display":"","site-post-title":"disabled","ast-breadcrumbs-content":"","ast-featured-img":"disabled","footer-sml-layout":"","ast-disable-related-posts":"","theme-transparent-header-meta":"","adv-header-id-meta":"","stick-header-meta":"","header-above-stick-meta":"","header-main-stick-meta":"","header-below-stick-meta":"","astra-migrate-meta-layouts":"set","ast-page-background-enabled":"default","ast-page-background-meta":{"desktop":{"background-color":"var(--ast-global-color-4)","background-image":"","background-repeat":"repeat","background-position":"center center","background-size":"auto","background-attachment":"scroll","background-type":"","background-media":"","overlay-type":"","overlay-color":"","overlay-opacity":"","overlay-gradient":""},"tablet":{"background-color":"","background-image":"","background-repeat":"repeat","background-position":"center center","background-size":"auto","background-attachment":"scroll","background-type":"","background-media":"","overlay-type":"","overlay-color":"","overlay-opacity":"","overlay-gradient":""},"mobile":{"background-color":"","background-image":"","background-repeat":"repeat","background-position":"center center","background-size":"auto","background-attachment":"scroll","background-type":"","background-media":"","overlay-type":"","overlay-color":"","overlay-opacity":"","overlay-gradient":""}},"ast-content-background-meta":{"desktop":{"background-color":"var(--ast-global-color-5)","background-image":"","background-repeat":"repeat","background-position":"center center","background-size":"auto","background-attachment":"scroll","background-type":"","background-media":"","overlay-type":"","overlay-color":"","overlay-opacity":"","overlay-gradient":""},"tablet":{"background-color":"var(--ast-global-color-5)","background-image":"","background-repeat":"repeat","background-position":"center center","background-size":"auto","background-attachment":"scroll","background-type":"","background-media":"","overlay-type":"","overlay-color":"","overlay-opacity":"","overlay-gradient":""},"mobile":{"background-color":"var(--ast-global-color-5)","background-image":"","background-repeat":"repeat","background-position":"center center","background-size":"auto","background-attachment":"scroll","background-type":"","background-media":"","overlay-type":"","overlay-color":"","overlay-opacity":"","overlay-gradient":""}},"footnotes":""},"class_list":["post-4337","page","type-page","status-publish","hentry"],"_links":{"self":[{"href":"https:\/\/fvcomponentes.com\/de\/wp-json\/wp\/v2\/pages\/4337","targetHints":{"allow":["GET"]}}],"collection":[{"href":"https:\/\/fvcomponentes.com\/de\/wp-json\/wp\/v2\/pages"}],"about":[{"href":"https:\/\/fvcomponentes.com\/de\/wp-json\/wp\/v2\/types\/page"}],"author":[{"embeddable":true,"href":"https:\/\/fvcomponentes.com\/de\/wp-json\/wp\/v2\/users\/1"}],"replies":[{"embeddable":true,"href":"https:\/\/fvcomponentes.com\/de\/wp-json\/wp\/v2\/comments?post=4337"}],"version-history":[{"count":0,"href":"https:\/\/fvcomponentes.com\/de\/wp-json\/wp\/v2\/pages\/4337\/revisions"}],"wp:attachment":[{"href":"https:\/\/fvcomponentes.com\/de\/wp-json\/wp\/v2\/media?parent=4337"}],"curies":[{"name":"wp","href":"https:\/\/api.w.org\/{rel}","templated":true}]}}